{"id":2690,"date":"2022-02-25T10:11:00","date_gmt":"2022-02-25T08:11:00","guid":{"rendered":"https:\/\/vaasangolf.wptest02.vdk.fi\/tjannster\/nyborjarkurser\/borja-spela-golf\/"},"modified":"2022-03-04T13:52:51","modified_gmt":"2022-03-04T11:52:51","slug":"borja-spela-golf","status":"publish","type":"page","link":"https:\/\/vaasangolf.wptest02.vdk.fi\/sv\/tjannster\/nyborjarkurser\/borja-spela-golf\/","title":{"rendered":"B\u00f6rja spela golf"},"content":{"rendered":"<h2><strong style=\"font-family: -apple-system, BlinkMacSystemFont, 'Segoe UI', Roboto, 'Helvetica Neue', Arial, 'Noto Sans', sans-serif, 'Apple Color Emoji', 'Segoe UI Emoji', 'Segoe UI Symbol', 'Noto Color Emoji'; font-size: 1rem; white-space: pre-wrap;\">Har du planer p\u00e5 att b\u00f6rja golfa?<\/strong><strong style=\"font-family: -apple-system, BlinkMacSystemFont, 'Segoe UI', Roboto, 'Helvetica Neue', Arial, 'Noto Sans', sans-serif, 'Apple Color Emoji', 'Segoe UI Emoji', 'Segoe UI Symbol', 'Noto Color Emoji'; font-size: 1rem; white-space: pre-wrap;\"> P\u00e5 den h\u00e4r sidan f\u00f6rs\u00f6ker vi ber\u00e4tta de viktigaste sakerna med att b\u00f6rja golf. <\/strong><\/h2>\n<div class=\"post-entry\">L\u00e4s mer om nyb\u00f6rjarkurser\u00a0<a href=\"https:\/\/vaasangolf.wptest02.vdk.fi\/tjannster\/nyborjarkurser\/?lang=sv\"><strong>\u00a0h\u00e4r<\/strong><\/a>.<\/div>\n<div><\/div>\n<div class=\"post-entry\">\u00c4r du junior? Du hittar information h\u00e4r:<\/div>\n<div class=\"post-entry\"><a href=\"https:\/\/vaasangolf.wptest02.vdk.fi\/verksamhet\/komitten\/juniorkomitten\/golfskola\/?lang=sv\">Golfskola\u00a0<\/a><\/div>\n<div class=\"post-entry\"><a href=\"https:\/\/vaasangolf.wptest02.vdk.fi\/verksamhet\/komitten\/juniorkomitten\/hobbygolf\/?lang=sv\">Hobbygolf <\/a><\/div>\n<div class=\"post-entry\"><a href=\"https:\/\/vaasangolf.wptest02.vdk.fi\/verksamhet\/komitten\/juniorkomitten\/tavlingsgolf\/?lang=sv\">T\u00e4vlingsgolf<\/a><\/p>\n<h2>L\u00e4r k\u00e4nna golf<\/h2>\n<p>Det finns m\u00e5nga s\u00e4tt att b\u00f6rja spela golf; med en v\u00e4n eller ensam. Du kan tr\u00e4na p\u00e5 den s.k. tr\u00e4nings rangen, spela p\u00e5 allemansbanan, g\u00e5 en nyb\u00f6rjarkurs eller ta privatlektioner. Definitivt det mest f\u00f6rnuftiga s\u00e4ttet \u00e4r att b\u00f6rja med en kvalificerad golfl\u00e4rare (Pro). Naturligtvis l\u00e4r sig en nyb\u00f6rjare med en bra idrottsbakgrund att sl\u00e5 bollen \u00e4ven med instruktioner fr\u00e5n en v\u00e4n, men ofta bleknar utvecklingen snart. M\u00e5nga som b\u00f6rjade golf p\u00e5 egen hand eller hos med ledning av en v\u00e4n \u00e5ngrar senare att de inte gick kurser i b\u00f6rjan. N\u00e4stan varje golfbana har en golfl\u00e4rare, Pro, som guidar dig genom sporten. Alla proffs i Vasa \u00e4r medlemmar i PGA, en organisation f\u00f6r professionell golfl\u00e4rare och golfspelare. Vasa Golfs golfl\u00e4rare \u00e4r\u00a0 Jonathan Nyl\u00e9n, Johan Kullb\u00e4ck, Sauli M\u00e4kiluoma och Pia Koivuranta.<\/p><\/div>\n<div class=\"post-entry\">\n<h2>Green Card och vad som kr\u00e4vs f\u00f6r att slutf\u00f6ra<\/h2>\n<p>N\u00e4r nyb\u00f6rjaren har \u00f6vat tillr\u00e4ckligt \u00e4r det dags utf\u00f6ra Green Card, det vill s\u00e4ga &#8221;k\u00f6rkortet&#8221; f\u00f6r golf. F\u00f6r greencard kr\u00e4vs det att man har tillr\u00e4cklig kunskap om regler och golfetikett, samt tillr\u00e4ckliga kunskaper av sj\u00e4lva spelet.<\/p><\/div>\n<div>F\u00f6r att spela golf m\u00e5ste du hantera \u00e5tminstone f\u00f6ljande f\u00e4rdigheter:<\/div>\n<div><\/div>\n<div><strong>1)S\u00e4kerhetsfaktorer<\/strong>: Innan du g\u00e5r ut p\u00e5 golfbanan \u00e4r det viktigt att f\u00f6rst\u00e5 farorna med spelet. Golf \u00e4r inte en farlig sport n\u00e4r alla spelare \u00e4r medvetna om vissa grundl\u00e4ggande saker och vet n\u00e4r det inte \u00e4r s\u00e4kert att sl\u00e5 och spela. Spelaren m\u00e5ste veta hur man r\u00f6r sig s\u00e4kert p\u00e5 banan och kunna ta h\u00e4nsyn till andra, b\u00e5de spelare och personal.<\/div>\n<div><\/div>\n<div class=\"post-entry\"><strong>2) &#8221;Underh\u00e5ll&#8221; av golfbanan:\u00a0<\/strong>Alla spelare \u00e4r ansvariga f\u00f6r att sj\u00e4lva \u00e5terst\u00e4lla banan till det skick den var innan. Detta inneb\u00e4r att reparera slagm\u00e4rken, reparera bollens landningsm\u00e4rken p\u00e5 greenen och kratta bunkrarna.<\/div>\n<div><\/div>\n<div class=\"post-entry\"><strong>3) Etikett och regler<\/strong>: Bra golfetikett inneb\u00e4r m\u00e5nga saker, men fr\u00e4mst handlar det om att uppm\u00e4rksamma andra spelare p\u00e5 olika s\u00e4tt. Vissa saker om golfetikett \u00e4r sj\u00e4lvklara (h\u00e4lsa vid klubben, etc.) och vissa saker du l\u00e4r dig p\u00e5 golfbanan och med tiden (t.ex. inte trampa p\u00e5 andra spelares puttlinjer).<\/div>\n<div class=\"post-entry\">Golfreglerna ses \u00f6ver under nyb\u00f6rjarkursen. Ingen l\u00e4r sig reglerna \u00f6ver en natt, och den viktigaste l\u00e4rdomen i kursen \u00e4r hur man anv\u00e4nder regelboken. Det \u00e4r d\u00e4rf\u00f6r en bra id\u00e9 att sammanfatta reglerna flera g\u00e5nger om \u00e5ret. Reglerna \u00e4ndras och revideras vartannat \u00e5r. Naturligtvis \u00e4r f\u00f6r\u00e4ndringarna sm\u00e5 och de grundl\u00e4ggande golfreglerna har varit of\u00f6r\u00e4ndrade i \u00e5rhundraden.<\/div>\n<div><\/div>\n<div class=\"post-entry\"><strong>4) Spelf\u00e4rdigheter<\/strong>: S\u00e4kerhetsfaktorer, att ta hand om golfbanans skick och regler och etikett har dock n\u00e4mnts h\u00e4r f\u00f6rst, eftersom de faktiskt \u00e4r \u00e4nnu viktigare \u00e4n spelf\u00e4rdigheter. Naturligtvis kr\u00e4vs en del f\u00e4rdigheter f\u00f6r att klara av spelet p\u00e5 banan, men man utvecklas \u00e4ven under spelets g\u00e5ng. Du kan t.ex. be en fadder komma med och spela n\u00e5gra \u00a0rundor med dig f\u00f6r att hitta ditt s\u00e4tt att spela.<\/div>\n<div class=\"post-entry\">\n<h2>Greencard i fickan, f\u00e5r jag spela nu?<\/h2>\n<p>Naturligtvis, efter att ha slutf\u00f6rt greencard \u00e4r du v\u00e4lkommen att spela p\u00e5 den stora banan.\u00a0I praktiken inneb\u00e4r detta att du ska vara medlem i en golfklubb. Om du deltar i nyb\u00f6rjarkursen blir du automatiskt medlem vid Vasa Golf.<\/p><\/div>\n<div>Du kan v\u00e4lja att k\u00f6pa antingen en s\u00e4songsspelsr\u00e4tt eller betala greenfee avgift (dvs. du betalar enskilt f\u00f6r varje runda du spelar.)<\/div>\n<div><\/div>\n<div class=\"post-entry\">Det \u00e4r l\u00e4tt att bli medlem i Vasa Golf och det kostar 170 \u20ac (anslutningsavgift, betalas en g\u00e5ng) och en \u00e5rlig medlemsavgift p\u00e5 130 \u20ac. \u00a0F\u00f6r juniorer ( max 21 \u00e5r ) \u00e4r medlemsavgiften 65 \u20ac och ingen anslutningsavgift beh\u00f6ver betalas.<\/div>\n<div><\/div>\n<div class=\"post-entry\">F\u00f6rutom medlemskapet f\u00e5r du: f\u00f6rs\u00e4kring, Finlands Golff\u00f6rbunds medlemstidning (8 nummer per \u00e5r) och Vasa Golf ry:s Fore tidning.\u00a0N\u00e4r du \u00e4r medlem i golfklubben \u00e4r det bra att t\u00e4nka p\u00e5 hur mycket du ska spela. Om du bara spelar n\u00e5gra rundor om \u00e5ret (mindre \u00e4n 15 rundor \/ \u00e5r), eller om du inte har best\u00e4mt dig \u00e4nnu om detta \u00e4r din sport, kanske du vill spela genom att betala en greenfee avgift. Om du spelar mer b\u00f6r du \u00f6verv\u00e4ga att k\u00f6pa en helt\u00e4ckande spelr\u00e4tt p\u00e5 en golfbana.<\/div>\n<div><\/div>\n<div class=\"post-entry\">Arto Sirvi\u00f6, verksamhetsledare f\u00f6r Vasa Golf \u00a0rf, \u00a0ger dig ytterligare information om att bli medlem och\u00a0<a href=\"https:\/\/vaasangolf.wptest02.vdk.fi\/sv\/tjanster\/prislista\/\">om spelavgifter,<\/a>\u00a0\u00a0tfn 040 0595 432, arto.sirvio@vag.fi<\/div>\n<div class=\"post-entry\">\n<h2>Hur \u00e4r det med handikappgr\u00e4nser, vad \u00e4r de?<\/h2>\n<p>M\u00e5nga golfbanor har handikappbegr\u00e4nsningar f\u00f6r att s\u00e4kerst\u00e4lla speltakten p\u00e5 banan. Vid Vasa Golf kan d\u00e4remot alla medlemmar spela genast de slutf\u00f6rt greencard (handikappet 54). Handikappet kan s\u00e4nkas genom att spela handikapprundor. Med 54 i handikapp f\u00e5r spelaren sl\u00e5 i genomsnitt tre slag \u00f6ver par p\u00e5 varje h\u00e5l. Med 36 i handikapp f\u00e5r spelaren sl\u00e5 i genomsnitt 2 slag \u00f6ver par p\u00e5 varje h\u00e5l.<\/p><\/div>\n<div class=\"post-entry\">\n<h2>Medlemskap, spelr\u00e4tt, aktie?<\/h2>\n<p>Det \u00e4r ofta sv\u00e5rt f\u00f6r en nyb\u00f6rjare att f\u00f6rst\u00e5 skillnaderna mellan medlemskap, spelr\u00e4tt och aktie\u00e4gare.<\/p><\/div>\n<div class=\"post-entry\">H\u00e4r \u00e4r ett litet f\u00f6rtydligande:<\/div>\n<div class=\"post-entry\">1) Medlemskap avser vanligtvis medlemskap i en idrottsf\u00f6rening, i detta fall en golfklubb. Det garanterar vanligtvis inte r\u00e4tten att spela \u00e4nnu, dvs ing\u00e5r inte en avgift f\u00f6r att anv\u00e4nda golfbanan.<\/div>\n<div class=\"post-entry\">2) R\u00e4tten att spela (hyrd) inneb\u00e4r att spelaren har r\u00e4tt att spela fritt p\u00e5 golfbanan n\u00e4r banan normalt \u00e4r \u00f6ppen. I praktiken inneb\u00e4r det att en spelare kan spela varje dag under spels\u00e4songen om hen k\u00e4nner f\u00f6r det. Naturligtvis kan banan i undantagsfall beh\u00f6va st\u00e4ngas.<\/div>\n<div class=\"post-entry\">(3) \u00c4garen till en golfaktie \u00e4ger praktiskt \u201cen del av banan\u201d. Golfaktiebolag \u00e4r, med f\u00e5 undantag, ideella bolag i Finland. I praktiken fungerar golfaktiebolag (inklusive Oy Kr\u00e5klund Golf Ab i Vasa) som bostadsbolag. Aktie\u00e4garna best\u00e4mmer vilken v\u00e5rdniv\u00e5 som uppr\u00e4tth\u00e5lls p\u00e5 banan, hur mycket utrymme g\u00e4stspelarna f\u00e5r och vilka de \u00e5rliga bolagsavgifterna \u00e4r. I praktiken varierar l\u00f6nsamheten f\u00f6r att \u00e4ga aktier beroende p\u00e5 efterfr\u00e5gan. Dvs n\u00e4r det finns ett stort antal spelare blir banan \u00f6verbelastad och antalet g\u00e4stspelare \u00e4r begr\u00e4nsat (med tidsgr\u00e4nser, pris\u00f6kningar etc.). I detta fall avsl\u00f6jas aktie\u00e4garnas r\u00e4ttigheter.<\/div>\n<div><\/div>\n<div class=\"post-entry\">Situationen kan variera och p\u00e5 l\u00e5ng sikt \u00e4r det en investering i den egna hobbyn att \u00e4ga en golfaktie. Som aktie\u00e4gare \u00a0garanterar du dig sj\u00e4lv \u2013 och kanske dina barn \u2013 m\u00f6jligheten att ha en hobby senare. Oy Kr\u00e5klund Golf Ab utvecklar kontinuerligt betydande kontantv\u00e4rderade extra f\u00f6rm\u00e5ner f\u00f6r aktie\u00e4gare b\u00e5de i Vasa och p\u00e5 andra omr\u00e5den i \u00d6sterbotten.<\/div>\n<div class=\"post-entry\">\u00a0<a href=\"https:\/\/vaasangolf.wptest02.vdk.fi\/vag\/kraklund-golf\/formaner-for-aktionarer\/?lang=sv\">L\u00e4s mer om aktie\u00e4garf\u00f6rm\u00e5ner<\/a>.<\/div>\n<div class=\"post-entry\">Vasa Golf rf har aktier att hyra\/s\u00e4lja. Ytterligare information om aktief\u00f6rs\u00e4ljningen tillhandah\u00e5lls av verkst\u00e4llande direkt\u00f6r Arto Sirvi\u00f6 t. 0400 595 432 .<\/div>\n<div><\/div>\n<div><\/div>\n<h3 class=\"post-entry\">Summa summarum \u2013 instruktioner f\u00f6r personer som funderar p\u00e5 att b\u00f6rja spela golf:<\/h3>\n<div class=\"post-entry\">1) Anm\u00e4l dig till en nyb\u00f6rjarkurs i golfbana eller ta en privat lektion fr\u00e5n Pro. S\u00e5 h\u00e4r l\u00e4r du dig enkelt de mest kr\u00e4vande spelhemligheterna.<\/div>\n<div class=\"post-entry\">2) Efter att ha \u00f6vat tillr\u00e4ckligt, f\u00e5 ett green card<\/div>\n<div class=\"post-entry\">3) Bli medlem i en golfklubb; du kan spela de f\u00f6rsta omg\u00e5ngarna med en greenfee avgift eller k\u00f6pa spelr\u00e4tt till sommaren (om du redan vet att du spelar mycket)<\/div>\n<div class=\"post-entry\">4) Hyr en r\u00e4tt att spela p\u00e5 golfbanan (medan du redan spelar mer)<\/div>\n<div class=\"post-entry\">5) \u00d6verv\u00e4g att k\u00f6pa en aktie, s\u00e4rskilt nu n\u00e4r priserna \u00e4r rimliga<\/div>\n","protected":false},"excerpt":{"rendered":"<p>Har du planer p\u00e5 att b\u00f6rja golfa? P\u00e5 den h\u00e4r sidan f\u00f6rs\u00f6ker vi ber\u00e4tta de viktigaste sakerna med att b\u00f6rja golf. L\u00e4s mer om nyb\u00f6rjarkurser\u00a0\u00a0h\u00e4r. \u00c4r du junior? Du hittar information h\u00e4r: Golfskola\u00a0 Hobbygolf T\u00e4vlingsgolf L\u00e4r k\u00e4nna golf Det finns m\u00e5nga s\u00e4tt att b\u00f6rja spela golf; med en v\u00e4n eller ensam. Du kan tr\u00e4na p\u00e5 [&hellip;]<\/p>\n","protected":false},"author":2,"featured_media":0,"parent":2689,"menu_order":0,"comment_status":"closed","ping_status":"closed","template":"","meta":{"_expiration-date-status":"","_expiration-date":0,"_expiration-date-type":"","_expiration-date-categories":[],"_expiration-date-options":[]},"acf":[],"_links":{"self":[{"href":"https:\/\/vaasangolf.wptest02.vdk.fi\/sv\/wp-json\/wp\/v2\/pages\/2690"}],"collection":[{"href":"https:\/\/vaasangolf.wptest02.vdk.fi\/sv\/wp-json\/wp\/v2\/pages"}],"about":[{"href":"https:\/\/vaasangolf.wptest02.vdk.fi\/sv\/wp-json\/wp\/v2\/types\/page"}],"author":[{"embeddable":true,"href":"https:\/\/vaasangolf.wptest02.vdk.fi\/sv\/wp-json\/wp\/v2\/users\/2"}],"replies":[{"embeddable":true,"href":"https:\/\/vaasangolf.wptest02.vdk.fi\/sv\/wp-json\/wp\/v2\/comments?post=2690"}],"version-history":[{"count":8,"href":"https:\/\/vaasangolf.wptest02.vdk.fi\/sv\/wp-json\/wp\/v2\/pages\/2690\/revisions"}],"predecessor-version":[{"id":3368,"href":"https:\/\/vaasangolf.wptest02.vdk.fi\/sv\/wp-json\/wp\/v2\/pages\/2690\/revisions\/3368"}],"up":[{"embeddable":true,"href":"https:\/\/vaasangolf.wptest02.vdk.fi\/sv\/wp-json\/wp\/v2\/pages\/2689"}],"wp:attachment":[{"href":"https:\/\/vaasangolf.wptest02.vdk.fi\/sv\/wp-json\/wp\/v2\/media?parent=2690"}],"curies":[{"name":"wp","href":"https:\/\/api.w.org\/{rel}","templated":true}]}}