{"id":2692,"date":"2022-02-25T10:13:02","date_gmt":"2022-02-25T08:13:02","guid":{"rendered":"https:\/\/vaasangolf.wptest02.vdk.fi\/tjannster\/undervisning\/"},"modified":"2022-03-08T13:43:52","modified_gmt":"2022-03-08T11:43:52","slug":"undervisning","status":"publish","type":"page","link":"https:\/\/vaasangolf.wptest02.vdk.fi\/sv\/tjannster\/undervisning\/","title":{"rendered":"Undervisning"},"content":{"rendered":"<h1 class=\"entry-title post-title\">Undervisning<\/h1>\n<h2>Jonathan Nyl\u00e9n<\/h2>\n<table class=\"prot\" width=\"396\">\n<tbody>\n<tr>\n<td><img src=\"https:\/\/vaasangolf.wptest02.vdk.fi\/wp-content\/uploads\/2022\/03\/17041013161338.jpg\" \/><\/td>\n<td>PGA Golf trainee<br \/>\n050 568 6895<br \/>\n<a href=\"mailto:jonathan@jngolf.fi\">jonathan(\u00e4t)jngolf.fi<\/a><br \/>\n<a href=\"http:\/\/www.jngolf.fi\/\" target=\"_blank\" rel=\"noopener noreferrer\">jngolf.fi<\/a><br \/>\n<a class=\"pro-ajanvaraus\" href=\"http:\/\/www.jngolf.fi\/yhteydenotto\" target=\"_blank\" rel=\"noopener noreferrer\">Boka tid\u00a0\u00bb<\/a><\/td>\n<\/tr>\n<\/tbody>\n<\/table>\n<h3>Tj\u00e4nster<\/h3>\n<p>Till mitt kursutbud h\u00f6r privatlektioner, grupplektioner, f\u00f6retagsevenemang samt spellektioner. Jag h\u00e5ller ocks\u00e5 nyb\u00f6rjarkurser organiserade av Vasa Golf och forts\u00e4ttningskurser f\u00f6r juniorer regelbundet under hela sommaren.<\/p>\n<hr \/>\n<h2>Sauli M\u00e4kiluoma<\/h2>\n<table class=\"prot\" width=\"396\">\n<tbody>\n<tr>\n<td><img src=\"https:\/\/vaasangolf.wptest02.vdk.fi\/wp-content\/uploads\/2022\/03\/13051314051344_2.jpg\" \/><\/td>\n<td>PGA Golf Pro<br \/>\n050 056 2245<br \/>\n<a href=\"mailto:hillcreek.golf@netikka.fi\">hillcreek.golf(\u00e4t)netikka.fi<\/a><br \/>\n<a href=\"http:\/\/smgolf.fi\/\" target=\"_blank\" rel=\"noopener noreferrer\">smgolf.fi<\/a><\/td>\n<\/tr>\n<\/tbody>\n<\/table>\n<h3>Tj\u00e4nster<\/h3>\n<p>Till mitt kursutbud h\u00f6r privatlektioner, grupplektioner, spellektioner och tykytilf\u00e4llen. Sauli fungerar \u00e4ven som l\u00e4rare vid Vasa Golfs nyb\u00f6rjarkurser.<\/p>\n<hr \/>\n<h2>Johan Kullb\u00e4ck<\/h2>\n<table class=\"prot\" width=\"396\">\n<tbody>\n<tr>\n<td><img src=\"https:\/\/vaasangolf.wptest02.vdk.fi\/wp-content\/uploads\/2022\/03\/13051314051292_2.jpg\" \/><\/td>\n<td>PGA Golf Pro<\/p>\n<p>&nbsp;<\/td>\n<\/tr>\n<\/tbody>\n<\/table>\n<p>Johan fungerar som l\u00e4rare p\u00e5 Vasa Golfs nyb\u00f6rjarkurser.<\/p>\n<hr \/>\n<h2>Pia Koivuranta<\/h2>\n<table class=\"prot\" width=\"396\">\n<tbody>\n<tr>\n<td><img src=\"https:\/\/vaasangolf.wptest02.vdk.fi\/wp-content\/uploads\/2022\/03\/download.jpg\" \/><\/td>\n<td>PGA Professional<br \/>\n0400 328 657 piakoivuranta@icloud.com<\/td>\n<\/tr>\n<\/tbody>\n<\/table>\n<h3>Tj\u00e4nster<\/h3>\n<p>Till mitt kursutbud h\u00f6r privatlektioner och spellektioner.<\/p>\n","protected":false},"excerpt":{"rendered":"<p>Undervisning Jonathan Nyl\u00e9n PGA Golf trainee 050 568 6895 jonathan(\u00e4t)jngolf.fi jngolf.fi Boka tid\u00a0\u00bb Tj\u00e4nster Till mitt kursutbud h\u00f6r privatlektioner, grupplektioner, f\u00f6retagsevenemang samt spellektioner. Jag h\u00e5ller ocks\u00e5 nyb\u00f6rjarkurser organiserade av Vasa Golf och forts\u00e4ttningskurser f\u00f6r juniorer regelbundet under hela sommaren. Sauli M\u00e4kiluoma PGA Golf Pro 050 056 2245 hillcreek.golf(\u00e4t)netikka.fi smgolf.fi Tj\u00e4nster Till mitt kursutbud h\u00f6r privatlektioner, [&hellip;]<\/p>\n","protected":false},"author":2,"featured_media":0,"parent":2512,"menu_order":0,"comment_status":"closed","ping_status":"closed","template":"","meta":{"_expiration-date-status":"","_expiration-date":0,"_expiration-date-type":"","_expiration-date-categories":[],"_expiration-date-options":[]},"acf":[],"_links":{"self":[{"href":"https:\/\/vaasangolf.wptest02.vdk.fi\/sv\/wp-json\/wp\/v2\/pages\/2692"}],"collection":[{"href":"https:\/\/vaasangolf.wptest02.vdk.fi\/sv\/wp-json\/wp\/v2\/pages"}],"about":[{"href":"https:\/\/vaasangolf.wptest02.vdk.fi\/sv\/wp-json\/wp\/v2\/types\/page"}],"author":[{"embeddable":true,"href":"https:\/\/vaasangolf.wptest02.vdk.fi\/sv\/wp-json\/wp\/v2\/users\/2"}],"replies":[{"embeddable":true,"href":"https:\/\/vaasangolf.wptest02.vdk.fi\/sv\/wp-json\/wp\/v2\/comments?post=2692"}],"version-history":[{"count":2,"href":"https:\/\/vaasangolf.wptest02.vdk.fi\/sv\/wp-json\/wp\/v2\/pages\/2692\/revisions"}],"predecessor-version":[{"id":4101,"href":"https:\/\/vaasangolf.wptest02.vdk.fi\/sv\/wp-json\/wp\/v2\/pages\/2692\/revisions\/4101"}],"up":[{"embeddable":true,"href":"https:\/\/vaasangolf.wptest02.vdk.fi\/sv\/wp-json\/wp\/v2\/pages\/2512"}],"wp:attachment":[{"href":"https:\/\/vaasangolf.wptest02.vdk.fi\/sv\/wp-json\/wp\/v2\/media?parent=2692"}],"curies":[{"name":"wp","href":"https:\/\/api.w.org\/{rel}","templated":true}]}}