{"id":2693,"date":"2022-02-25T10:13:55","date_gmt":"2022-02-25T08:13:55","guid":{"rendered":"https:\/\/vaasangolf.wptest02.vdk.fi\/tjannster\/proshop\/"},"modified":"2022-10-29T11:28:31","modified_gmt":"2022-10-29T08:28:31","slug":"proshop","status":"publish","type":"page","link":"https:\/\/vaasangolf.wptest02.vdk.fi\/sv\/tjannster\/proshop\/","title":{"rendered":"Proshop"},"content":{"rendered":"<h3><strong>GOLFIN PROSHOP TILL VASA!<\/strong><\/h3>\n<p>Hejsan Vasa Golfs medlemmar!<\/p>\n<p>&nbsp;<\/p>\n<p>I oktober 2022 har vi gjort ett kontrakt med Vasa Golf om att driva Proshopen under s\u00e4songerna 2023\u20132024. H\u00e4r kommer kort om mig och mitt f\u00f6retag!<\/p>\n<p>Jag har golfat sedan jag var liten, och golf \u00e4r fortfarande i dagens l\u00e4ge den allra viktigaste hobbyn f\u00f6r mig. Jag hade under en l\u00e4ngre tid dr\u00f6mt om ett f\u00f6retag inom golf-branschen, och \u00e5ret 2020 \u00f6ppnade jag en GOLFIN \u2013golfsimulator i Kokkola. I b\u00f6rjan av \u00e5ret 2021 b\u00f6rjade jag s\u00e4lja logo produkter samt b\u00f6rjade med custom fittingar av golfklubbor. \u00c5ret 2022 expanderade jag verksamheten och \u00f6ppnade en n\u00e4tbutik samt Proshop vid Kokkola Golf.<\/p>\n<p>GOLFIN kommer erbjuda Vasa golf ett bra urval av golfprodukter och kl\u00e4der till konkurrenskraftiga priser. Jag v\u00e4ntar ivrigt p\u00e5 att f\u00e5 l\u00e4ra k\u00e4nna er, Vasas golffare senast under kommande s\u00e4songen. Om du vill prova och hitta r\u00e4tta golfklubbor under vintern eller har fr\u00e5gor kring utrustning eller n\u00e5got annat, tag modigt kontakt via telefon eller e-post. Mitt f\u00f6retags motto \u00e4r \u201dfr\u00e5n golfare till golfare\u201d, vilket betyder att jag utf\u00f6r mitt jobb passionerat och med kvalitet och utg\u00e5r fr\u00e5n kunden. Jag tar g\u00e4rna emot f\u00f6rb\u00e4ttringsf\u00f6rslag och n\u00e4r verksamheten kommit i g\u00e5ng i Vasa \u00e4ven feedback, s\u00e5 att jag kan f\u00f6rb\u00e4ttra mina tj\u00e4nster s\u00e5 att de b\u00e4ttre motsvarar era, golfares behov.<\/p>\n<p>&nbsp;<\/p>\n<p><a href=\"https:\/\/www.golfin.fi\/\">TRYCK H\u00c4R F\u00d6R ATT KOMMA TILL GOLFIN N\u00c4TBUTIKEN!<\/a><\/p>\n<p>&nbsp;<\/p>\n<p>Med f\u00f6rv\u00e4ntansfulla h\u00e4lsningar,<\/p>\n<p>Thomas Gran thomas@golfin.fi 050 363 1592<\/p>\n<p><a href=\"https:\/\/vaasangolf.wptest02.vdk.fi\/wp-content\/uploads\/2022\/10\/thumbnail_WhatsApp-Kuva-2022-10-23-klo-11.22.32.jpg\"><img loading=\"lazy\" class=\"alignnone size-full wp-image-6074\" src=\"https:\/\/vaasangolf.wptest02.vdk.fi\/wp-content\/uploads\/2022\/10\/thumbnail_WhatsApp-Kuva-2022-10-23-klo-11.22.32.jpg\" alt=\"\" width=\"1280\" height=\"1280\" srcset=\"https:\/\/vaasangolf.wptest02.vdk.fi\/wp-content\/uploads\/2022\/10\/thumbnail_WhatsApp-Kuva-2022-10-23-klo-11.22.32.jpg 1280w, https:\/\/vaasangolf.wptest02.vdk.fi\/wp-content\/uploads\/2022\/10\/thumbnail_WhatsApp-Kuva-2022-10-23-klo-11.22.32-300x300.jpg 300w, https:\/\/vaasangolf.wptest02.vdk.fi\/wp-content\/uploads\/2022\/10\/thumbnail_WhatsApp-Kuva-2022-10-23-klo-11.22.32-1024x1024.jpg 1024w, https:\/\/vaasangolf.wptest02.vdk.fi\/wp-content\/uploads\/2022\/10\/thumbnail_WhatsApp-Kuva-2022-10-23-klo-11.22.32-150x150.jpg 150w, https:\/\/vaasangolf.wptest02.vdk.fi\/wp-content\/uploads\/2022\/10\/thumbnail_WhatsApp-Kuva-2022-10-23-klo-11.22.32-768x768.jpg 768w, https:\/\/vaasangolf.wptest02.vdk.fi\/wp-content\/uploads\/2022\/10\/thumbnail_WhatsApp-Kuva-2022-10-23-klo-11.22.32-600x600.jpg 600w, https:\/\/vaasangolf.wptest02.vdk.fi\/wp-content\/uploads\/2022\/10\/thumbnail_WhatsApp-Kuva-2022-10-23-klo-11.22.32-100x100.jpg 100w\" sizes=\"(max-width: 1280px) 100vw, 1280px\" \/><\/a><\/p>\n","protected":false},"excerpt":{"rendered":"<p>GOLFIN PROSHOP TILL VASA! Hejsan Vasa Golfs medlemmar! &nbsp; I oktober 2022 har vi gjort ett kontrakt med Vasa Golf om att driva Proshopen under s\u00e4songerna 2023\u20132024. H\u00e4r kommer kort om mig och mitt f\u00f6retag! Jag har golfat sedan jag var liten, och golf \u00e4r fortfarande i dagens l\u00e4ge den allra viktigaste hobbyn f\u00f6r mig. [&hellip;]<\/p>\n","protected":false},"author":2,"featured_media":0,"parent":2512,"menu_order":0,"comment_status":"closed","ping_status":"closed","template":"","meta":{"_expiration-date-status":"","_expiration-date":0,"_expiration-date-type":"","_expiration-date-categories":[],"_expiration-date-options":[]},"acf":[],"_links":{"self":[{"href":"https:\/\/vaasangolf.wptest02.vdk.fi\/sv\/wp-json\/wp\/v2\/pages\/2693"}],"collection":[{"href":"https:\/\/vaasangolf.wptest02.vdk.fi\/sv\/wp-json\/wp\/v2\/pages"}],"about":[{"href":"https:\/\/vaasangolf.wptest02.vdk.fi\/sv\/wp-json\/wp\/v2\/types\/page"}],"author":[{"embeddable":true,"href":"https:\/\/vaasangolf.wptest02.vdk.fi\/sv\/wp-json\/wp\/v2\/users\/2"}],"replies":[{"embeddable":true,"href":"https:\/\/vaasangolf.wptest02.vdk.fi\/sv\/wp-json\/wp\/v2\/comments?post=2693"}],"version-history":[{"count":6,"href":"https:\/\/vaasangolf.wptest02.vdk.fi\/sv\/wp-json\/wp\/v2\/pages\/2693\/revisions"}],"predecessor-version":[{"id":6088,"href":"https:\/\/vaasangolf.wptest02.vdk.fi\/sv\/wp-json\/wp\/v2\/pages\/2693\/revisions\/6088"}],"up":[{"embeddable":true,"href":"https:\/\/vaasangolf.wptest02.vdk.fi\/sv\/wp-json\/wp\/v2\/pages\/2512"}],"wp:attachment":[{"href":"https:\/\/vaasangolf.wptest02.vdk.fi\/sv\/wp-json\/wp\/v2\/media?parent=2693"}],"curies":[{"name":"wp","href":"https:\/\/api.w.org\/{rel}","templated":true}]}}