{"id":2695,"date":"2022-02-25T10:15:05","date_gmt":"2022-02-25T08:15:05","guid":{"rendered":"https:\/\/vaasangolf.wptest02.vdk.fi\/tjannster\/feedback\/"},"modified":"2022-07-08T09:05:59","modified_gmt":"2022-07-08T06:05:59","slug":"feedback","status":"publish","type":"page","link":"https:\/\/vaasangolf.wptest02.vdk.fi\/sv\/tjannster\/feedback\/","title":{"rendered":"Feedback"},"content":{"rendered":"\t\t<div data-elementor-type=\"wp-page\" data-elementor-id=\"2695\" class=\"elementor elementor-2695 elementor-1546\">\n\t\t\t\t\t\t<div class=\"elementor-inner\">\n\t\t\t\t<div class=\"elementor-section-wrap\">\n\t\t\t\t\t\t\t\t\t<section class=\"elementor-section elementor-top-section elementor-element elementor-element-c24273c elementor-section-boxed elementor-section-height-default elementor-section-height-default\" data-id=\"c24273c\" data-element_type=\"section\">\n\t\t\t\t\t\t<div class=\"elementor-container elementor-column-gap-default\">\n\t\t\t\t\t\t\t<div class=\"elementor-row\">\n\t\t\t\t\t<div class=\"elementor-column elementor-col-100 elementor-top-column elementor-element elementor-element-c9d7158\" data-id=\"c9d7158\" data-element_type=\"column\">\n\t\t\t<div class=\"elementor-column-wrap elementor-element-populated\">\n\t\t\t\t\t\t\t<div class=\"elementor-widget-wrap\">\n\t\t\t\t\t\t<div class=\"elementor-element elementor-element-cb25978 elementor-widget elementor-widget-text-editor\" data-id=\"cb25978\" data-element_type=\"widget\" data-widget_type=\"text-editor.default\">\n\t\t\t\t<div class=\"elementor-widget-container\">\n\t\t\t\t\t\t\t\t<div class=\"elementor-text-editor elementor-clearfix\">\n\t\t\t\t<p><strong>Vill du ge feedback? Det lyckas p\u00e5 flera olika s\u00e4tt:<\/strong><\/p><ul><li>Elektorniskt kan du ge feedback <a href=\"https:\/\/link.webropolsurveys.com\/CP\/90E8F73E48B08074\">h\u00e4r<\/a><\/li><li>Skicka epost till palaute@vag.fi<\/li><li>P\u00e5 banan finns QR-koder p\u00e5 infotavlorna, med hj\u00e4lp av dem ger du snabbt och enkelt feedback. Du kan \u00e4ven bifoga bild\/video.<\/li><li>Vid klubbhuset finns en feedback-station. D\u00e4r ger du smidigt feedback n\u00e4r du anl\u00e4nder eller \u00e5ker fr\u00e5n golfbanan.<\/li><\/ul>\t\t\t\t\t<\/div>\n\t\t\t\t\t\t<\/div>\n\t\t\t\t<\/div>\n\t\t\t\t\t\t<\/div>\n\t\t\t\t\t<\/div>\n\t\t<\/div>\n\t\t\t\t\t\t\t\t<\/div>\n\t\t\t\t\t<\/div>\n\t\t<\/section>\n\t\t\t\t\t\t\t\t\t<\/div>\n\t\t\t<\/div>\n\t\t\t\t\t<\/div>\n\t\t","protected":false},"excerpt":{"rendered":"<p>Vill du ge feedback? Det lyckas p\u00e5 flera olika s\u00e4tt: Elektorniskt kan du ge feedback h\u00e4r Skicka epost till palaute@vag.fi P\u00e5 banan finns QR-koder p\u00e5 infotavlorna, med hj\u00e4lp av dem ger du snabbt och enkelt feedback. Du kan \u00e4ven bifoga bild\/video. Vid klubbhuset finns en feedback-station. D\u00e4r ger du smidigt feedback n\u00e4r du anl\u00e4nder eller [&hellip;]<\/p>\n","protected":false},"author":2,"featured_media":0,"parent":2512,"menu_order":0,"comment_status":"closed","ping_status":"closed","template":"","meta":{"_expiration-date-status":"","_expiration-date":0,"_expiration-date-type":"","_expiration-date-categories":[],"_expiration-date-options":[]},"acf":[],"_links":{"self":[{"href":"https:\/\/vaasangolf.wptest02.vdk.fi\/sv\/wp-json\/wp\/v2\/pages\/2695"}],"collection":[{"href":"https:\/\/vaasangolf.wptest02.vdk.fi\/sv\/wp-json\/wp\/v2\/pages"}],"about":[{"href":"https:\/\/vaasangolf.wptest02.vdk.fi\/sv\/wp-json\/wp\/v2\/types\/page"}],"author":[{"embeddable":true,"href":"https:\/\/vaasangolf.wptest02.vdk.fi\/sv\/wp-json\/wp\/v2\/users\/2"}],"replies":[{"embeddable":true,"href":"https:\/\/vaasangolf.wptest02.vdk.fi\/sv\/wp-json\/wp\/v2\/comments?post=2695"}],"version-history":[{"count":4,"href":"https:\/\/vaasangolf.wptest02.vdk.fi\/sv\/wp-json\/wp\/v2\/pages\/2695\/revisions"}],"predecessor-version":[{"id":5309,"href":"https:\/\/vaasangolf.wptest02.vdk.fi\/sv\/wp-json\/wp\/v2\/pages\/2695\/revisions\/5309"}],"up":[{"embeddable":true,"href":"https:\/\/vaasangolf.wptest02.vdk.fi\/sv\/wp-json\/wp\/v2\/pages\/2512"}],"wp:attachment":[{"href":"https:\/\/vaasangolf.wptest02.vdk.fi\/sv\/wp-json\/wp\/v2\/media?parent=2695"}],"curies":[{"name":"wp","href":"https:\/\/api.w.org\/{rel}","templated":true}]}}