{"id":2698,"date":"2022-02-25T10:27:10","date_gmt":"2022-02-25T08:27:10","guid":{"rendered":"https:\/\/vaasangolf.wptest02.vdk.fi\/banan-2\/tavlingar\/lokala-reglar\/"},"modified":"2022-03-04T11:59:36","modified_gmt":"2022-03-04T09:59:36","slug":"lokala-reglar","status":"publish","type":"page","link":"https:\/\/vaasangolf.wptest02.vdk.fi\/sv\/banan-2\/tavlingar\/lokala-reglar\/","title":{"rendered":"Lokala reglar"},"content":{"rendered":"<h2>Vasa Golf rf b\u00f6rjar anv\u00e4nda Finlands Golff\u00f6rbunds lokala regler (Hard Card)<\/h2>\n<p>L\u00e4nk till nya lokala regler:\u00a0<a href=\"https:\/\/vaasangolf.wptest02.vdk.fi\/wp-content\/uploads\/sites\/41\/2019\/05\/Hard-Card-2019.pdf\">Hard Card 2019<\/a><\/p>\n<p>Vasa Golf inv\u00e4ntar \u00f6vers\u00e4ttning av lokala reglerna fr\u00e5n\u00a0Finlands Golff\u00f6rbund.<\/p>\n","protected":false},"excerpt":{"rendered":"<p>Vasa Golf rf b\u00f6rjar anv\u00e4nda Finlands Golff\u00f6rbunds lokala regler (Hard Card) L\u00e4nk till nya lokala regler:\u00a0Hard Card 2019 Vasa Golf inv\u00e4ntar \u00f6vers\u00e4ttning av lokala reglerna fr\u00e5n\u00a0Finlands Golff\u00f6rbund.<\/p>\n","protected":false},"author":2,"featured_media":0,"parent":2546,"menu_order":0,"comment_status":"closed","ping_status":"closed","template":"","meta":{"_expiration-date-status":"","_expiration-date":0,"_expiration-date-type":"","_expiration-date-categories":[],"_expiration-date-options":[]},"acf":[],"_links":{"self":[{"href":"https:\/\/vaasangolf.wptest02.vdk.fi\/sv\/wp-json\/wp\/v2\/pages\/2698"}],"collection":[{"href":"https:\/\/vaasangolf.wptest02.vdk.fi\/sv\/wp-json\/wp\/v2\/pages"}],"about":[{"href":"https:\/\/vaasangolf.wptest02.vdk.fi\/sv\/wp-json\/wp\/v2\/types\/page"}],"author":[{"embeddable":true,"href":"https:\/\/vaasangolf.wptest02.vdk.fi\/sv\/wp-json\/wp\/v2\/users\/2"}],"replies":[{"embeddable":true,"href":"https:\/\/vaasangolf.wptest02.vdk.fi\/sv\/wp-json\/wp\/v2\/comments?post=2698"}],"version-history":[{"count":1,"href":"https:\/\/vaasangolf.wptest02.vdk.fi\/sv\/wp-json\/wp\/v2\/pages\/2698\/revisions"}],"predecessor-version":[{"id":3317,"href":"https:\/\/vaasangolf.wptest02.vdk.fi\/sv\/wp-json\/wp\/v2\/pages\/2698\/revisions\/3317"}],"up":[{"embeddable":true,"href":"https:\/\/vaasangolf.wptest02.vdk.fi\/sv\/wp-json\/wp\/v2\/pages\/2546"}],"wp:attachment":[{"href":"https:\/\/vaasangolf.wptest02.vdk.fi\/sv\/wp-json\/wp\/v2\/media?parent=2698"}],"curies":[{"name":"wp","href":"https:\/\/api.w.org\/{rel}","templated":true}]}}