{"id":2699,"date":"2022-02-25T10:27:37","date_gmt":"2022-02-25T08:27:37","guid":{"rendered":"https:\/\/vaasangolf.wptest02.vdk.fi\/verksamhet\/fore\/"},"modified":"2022-03-09T10:51:22","modified_gmt":"2022-03-09T08:51:22","slug":"fore","status":"publish","type":"page","link":"https:\/\/vaasangolf.wptest02.vdk.fi\/sv\/verksamhet\/fore\/","title":{"rendered":"Fore"},"content":{"rendered":"<p><strong>Fore<\/strong> kan l\u00e4s\u00e4 via l\u00e4nken; <a href=\"https:\/\/issuu.com\/vaasangolf\">https:\/\/issuu.com\/vaasangolf<\/a><\/p>\n","protected":false},"excerpt":{"rendered":"<p>Fore kan l\u00e4s\u00e4 via l\u00e4nken; https:\/\/issuu.com\/vaasangolf<\/p>\n","protected":false},"author":2,"featured_media":0,"parent":2537,"menu_order":0,"comment_status":"closed","ping_status":"closed","template":"","meta":{"_expiration-date-status":"","_expiration-date":0,"_expiration-date-type":"","_expiration-date-categories":[],"_expiration-date-options":[]},"acf":[],"_links":{"self":[{"href":"https:\/\/vaasangolf.wptest02.vdk.fi\/sv\/wp-json\/wp\/v2\/pages\/2699"}],"collection":[{"href":"https:\/\/vaasangolf.wptest02.vdk.fi\/sv\/wp-json\/wp\/v2\/pages"}],"about":[{"href":"https:\/\/vaasangolf.wptest02.vdk.fi\/sv\/wp-json\/wp\/v2\/types\/page"}],"author":[{"embeddable":true,"href":"https:\/\/vaasangolf.wptest02.vdk.fi\/sv\/wp-json\/wp\/v2\/users\/2"}],"replies":[{"embeddable":true,"href":"https:\/\/vaasangolf.wptest02.vdk.fi\/sv\/wp-json\/wp\/v2\/comments?post=2699"}],"version-history":[{"count":2,"href":"https:\/\/vaasangolf.wptest02.vdk.fi\/sv\/wp-json\/wp\/v2\/pages\/2699\/revisions"}],"predecessor-version":[{"id":4164,"href":"https:\/\/vaasangolf.wptest02.vdk.fi\/sv\/wp-json\/wp\/v2\/pages\/2699\/revisions\/4164"}],"up":[{"embeddable":true,"href":"https:\/\/vaasangolf.wptest02.vdk.fi\/sv\/wp-json\/wp\/v2\/pages\/2537"}],"wp:attachment":[{"href":"https:\/\/vaasangolf.wptest02.vdk.fi\/sv\/wp-json\/wp\/v2\/media?parent=2699"}],"curies":[{"name":"wp","href":"https:\/\/api.w.org\/{rel}","templated":true}]}}