{"id":2708,"date":"2022-02-25T10:58:07","date_gmt":"2022-02-25T08:58:07","guid":{"rendered":"https:\/\/vaasangolf.wptest02.vdk.fi\/verksamhet\/fadderspelare\/"},"modified":"2022-05-14T13:09:45","modified_gmt":"2022-05-14T10:09:45","slug":"fadderspelare","status":"publish","type":"page","link":"https:\/\/vaasangolf.wptest02.vdk.fi\/sv\/verksamhet\/fadderspelare\/","title":{"rendered":"Fadderspelare"},"content":{"rendered":"<h3><strong>Vill du vara med i Vasa Golfs fadderverksamhet?<\/strong><\/h3>\n<p>Nyb\u00f6rjarkurserna p\u00e5b\u00f6rjas vid Vasa Golf och m\u00e5nga nya ivriga har redan anm\u00e4lt sig till kurserna. Golffaddrarna hj\u00e4lper till och v\u00e4gleder nya spelare till Vasa Golfs aktiva verksamhet. Det vore fint om vi skulle f\u00e5 flera golffaddrar som skulle hj\u00e4lpa v\u00e5ra nya spelare p\u00e5 traven!<\/p>\n<p>Golffaddrarna kan vara till hj\u00e4lp med f\u00f6ljande saker:<\/p>\n<ul>\n<li>G\u00e5r p\u00e5 fadderrundor med nya spelare fr\u00e5n nyb\u00f6rjarkurserna<\/li>\n<li>Genomg\u00e5ng av rundan med spelarna efter fadderrundan<\/li>\n<li>Bokning av speltid<\/li>\n<li>Hj\u00e4lpa nyb\u00f6rjarna till att l\u00e4ra k\u00e4nna banan och \u00f6vningsomr\u00e5den<\/li>\n<li>Ge info ang\u00e5ende Vasa Golfs hemsidor, Nexgolfs tidsbokning, kommit\u00e9ernas verksamhet samt ber\u00e4tta om v\u00e5ra Proshop-\/restaurang- och pro tj\u00e4nster<\/li>\n<li>Rekommendera medlemskap i Vasa Golf<\/li>\n<\/ul>\n<p>F\u00f6rutom gott hum\u00f6r f\u00e5r golffaddrarna:<\/p>\n<ul>\n<li>Fadderrundorna avgiftsfritt<\/li>\n<li>Poletter f\u00f6re fadderrundan<\/li>\n<li>Kaffe\/te + bulle vid restaurangen efter fadderrundan<\/li>\n<\/ul>\n<p>Anm\u00e4l dig med till fadderverksamheten till epost:\u00a0<a href=\"mailto:caddiemaster@vag.fi\">caddiemaster@vag.fi<\/a>\u00a0eller via telefon 040 526 8666<\/p>\n","protected":false},"excerpt":{"rendered":"<p>Vill du vara med i Vasa Golfs fadderverksamhet? Nyb\u00f6rjarkurserna p\u00e5b\u00f6rjas vid Vasa Golf och m\u00e5nga nya ivriga har redan anm\u00e4lt sig till kurserna. Golffaddrarna hj\u00e4lper till och v\u00e4gleder nya spelare till Vasa Golfs aktiva verksamhet. Det vore fint om vi skulle f\u00e5 flera golffaddrar som skulle hj\u00e4lpa v\u00e5ra nya spelare p\u00e5 traven! Golffaddrarna kan vara [&hellip;]<\/p>\n","protected":false},"author":2,"featured_media":0,"parent":2537,"menu_order":0,"comment_status":"closed","ping_status":"closed","template":"","meta":{"_expiration-date-status":"","_expiration-date":0,"_expiration-date-type":"","_expiration-date-categories":[],"_expiration-date-options":[]},"acf":[],"_links":{"self":[{"href":"https:\/\/vaasangolf.wptest02.vdk.fi\/sv\/wp-json\/wp\/v2\/pages\/2708"}],"collection":[{"href":"https:\/\/vaasangolf.wptest02.vdk.fi\/sv\/wp-json\/wp\/v2\/pages"}],"about":[{"href":"https:\/\/vaasangolf.wptest02.vdk.fi\/sv\/wp-json\/wp\/v2\/types\/page"}],"author":[{"embeddable":true,"href":"https:\/\/vaasangolf.wptest02.vdk.fi\/sv\/wp-json\/wp\/v2\/users\/2"}],"replies":[{"embeddable":true,"href":"https:\/\/vaasangolf.wptest02.vdk.fi\/sv\/wp-json\/wp\/v2\/comments?post=2708"}],"version-history":[{"count":5,"href":"https:\/\/vaasangolf.wptest02.vdk.fi\/sv\/wp-json\/wp\/v2\/pages\/2708\/revisions"}],"predecessor-version":[{"id":4677,"href":"https:\/\/vaasangolf.wptest02.vdk.fi\/sv\/wp-json\/wp\/v2\/pages\/2708\/revisions\/4677"}],"up":[{"embeddable":true,"href":"https:\/\/vaasangolf.wptest02.vdk.fi\/sv\/wp-json\/wp\/v2\/pages\/2537"}],"wp:attachment":[{"href":"https:\/\/vaasangolf.wptest02.vdk.fi\/sv\/wp-json\/wp\/v2\/media?parent=2708"}],"curies":[{"name":"wp","href":"https:\/\/api.w.org\/{rel}","templated":true}]}}