{"id":2709,"date":"2022-02-25T10:58:37","date_gmt":"2022-02-25T08:58:37","guid":{"rendered":"https:\/\/vaasangolf.wptest02.vdk.fi\/verksamhet\/master-plan\/"},"modified":"2022-03-04T09:17:41","modified_gmt":"2022-03-04T07:17:41","slug":"master-plan","status":"publish","type":"page","link":"https:\/\/vaasangolf.wptest02.vdk.fi\/sv\/verksamhet\/master-plan\/","title":{"rendered":"Master Plan"},"content":{"rendered":"<h3>M\u00e5l<\/h3>\n<p>Utg\u00e5ende fr\u00e5n Master Plan g\u00f6rs \u00e5rligen en plan p\u00e5 f\u00f6rb\u00e4ttrings- och utvecklingsomr\u00e5den.<\/p>\n<p>&nbsp;<\/p>\n<p>Med hj\u00e4lp av Master Plan \u00e4r det l\u00e4ttare att f\u00f6rutse och planera underh\u00e5ll och reparationer i god tid. N\u00e4r planeringen g\u00f6rs i god tid finns det tid att budgetera pengar och s\u00e4kerst\u00e4lla att r\u00e4tt personer deltar i arbetet under processens g\u00e5ng.<\/p>\n<p>&nbsp;<\/p>\n<p>F\u00f6reningens styrelse kan med hj\u00e4lp av Master Plan konkretisera och ber\u00e4tta om banans f\u00f6rb\u00e4ttrings- och utvecklingsomr\u00e5den till f\u00f6reningens medlemmar.<\/p>\n<p>&nbsp;<\/p>\n","protected":false},"excerpt":{"rendered":"<p>M\u00e5l Utg\u00e5ende fr\u00e5n Master Plan g\u00f6rs \u00e5rligen en plan p\u00e5 f\u00f6rb\u00e4ttrings- och utvecklingsomr\u00e5den. &nbsp; Med hj\u00e4lp av Master Plan \u00e4r det l\u00e4ttare att f\u00f6rutse och planera underh\u00e5ll och reparationer i god tid. N\u00e4r planeringen g\u00f6rs i god tid finns det tid att budgetera pengar och s\u00e4kerst\u00e4lla att r\u00e4tt personer deltar i arbetet under processens g\u00e5ng. [&hellip;]<\/p>\n","protected":false},"author":2,"featured_media":0,"parent":2537,"menu_order":0,"comment_status":"closed","ping_status":"closed","template":"","meta":{"_expiration-date-status":"","_expiration-date":0,"_expiration-date-type":"","_expiration-date-categories":[],"_expiration-date-options":[]},"acf":[],"_links":{"self":[{"href":"https:\/\/vaasangolf.wptest02.vdk.fi\/sv\/wp-json\/wp\/v2\/pages\/2709"}],"collection":[{"href":"https:\/\/vaasangolf.wptest02.vdk.fi\/sv\/wp-json\/wp\/v2\/pages"}],"about":[{"href":"https:\/\/vaasangolf.wptest02.vdk.fi\/sv\/wp-json\/wp\/v2\/types\/page"}],"author":[{"embeddable":true,"href":"https:\/\/vaasangolf.wptest02.vdk.fi\/sv\/wp-json\/wp\/v2\/users\/2"}],"replies":[{"embeddable":true,"href":"https:\/\/vaasangolf.wptest02.vdk.fi\/sv\/wp-json\/wp\/v2\/comments?post=2709"}],"version-history":[{"count":2,"href":"https:\/\/vaasangolf.wptest02.vdk.fi\/sv\/wp-json\/wp\/v2\/pages\/2709\/revisions"}],"predecessor-version":[{"id":3269,"href":"https:\/\/vaasangolf.wptest02.vdk.fi\/sv\/wp-json\/wp\/v2\/pages\/2709\/revisions\/3269"}],"up":[{"embeddable":true,"href":"https:\/\/vaasangolf.wptest02.vdk.fi\/sv\/wp-json\/wp\/v2\/pages\/2537"}],"wp:attachment":[{"href":"https:\/\/vaasangolf.wptest02.vdk.fi\/sv\/wp-json\/wp\/v2\/media?parent=2709"}],"curies":[{"name":"wp","href":"https:\/\/api.w.org\/{rel}","templated":true}]}}