{"id":2711,"date":"2022-02-25T10:59:57","date_gmt":"2022-02-25T08:59:57","guid":{"rendered":"https:\/\/vaasangolf.wptest02.vdk.fi\/verksamhet\/tavlingskalender\/anmalning\/"},"modified":"2022-03-04T12:17:59","modified_gmt":"2022-03-04T10:17:59","slug":"anmalning","status":"publish","type":"page","link":"https:\/\/vaasangolf.wptest02.vdk.fi\/sv\/verksamhet\/tavlingskalender\/anmalning\/","title":{"rendered":"Anm\u00e4lning"},"content":{"rendered":"<h4>Anm\u00e4lning via <a href=\"https:\/\/vag.nexgolf.fi\/vag\/member\/index.html#\/\">Nexgolf linken\u00a0<\/a><\/h4>\n<p><strong>Regler<\/strong><\/p>\n<p>T\u00e4vlingarna underlyder golfens internationella regler (Rules of Golf). F\u00f6r detta finns regelb\u00f6cker b\u00e5de p\u00e5 finska och p\u00e5 svenska. Dessutom anv\u00e4nds lokala regler och t\u00e4vlingsf\u00f6reskifter vilka \u00e4r utgivna av Finska Golff\u00f6rbundet (Hard Card 2022).<\/p>\n<p>Spelarens skyldighet \u00e4r att k\u00e4nna till reglerna samt f\u00f6reskrifterna f\u00f6r g\u00e4llande t\u00e4vling. Plikterna grundar sig p\u00e5 golfregler och t\u00e4vlingsregler. Till spelets regler h\u00f6r ocks\u00e5 Amat\u00f6rreglerna och Handicapregler.<\/p>\n<p>N\u00e4r man anm\u00e4ler sig till en t\u00e4vling som arrangeras av Vasa Golf, f\u00f6rbinder spelaren sig till att f\u00f6lja ocks\u00e5 av Golff\u00f6rbundets godk\u00e4nda regler och t\u00e4vlingsvillkor, s\u00e5som dopingbest\u00e4mmelser, principer f\u00f6r etiska och \u00e4rliga grunder. Spelarens egen hemmaklubb, Vasa Golf rf. samt Golff\u00f6rbundets styrelse har straffbefogenhet i t\u00e4vlingar eller i samband med dessa.<\/p>\n<p>&nbsp;<\/p>\n<p><strong>Om HCP<\/strong><\/p>\n<p>I t\u00e4vlingar \u00e4r handicappets \u00f6vre gr\u00e4ns 36, om inte t\u00e4vlingsf\u00f6reskrifterna annat n\u00e4mner. Professionella, som inte har WHS-handicap, spelar med +3.<\/p>\n<p>&nbsp;<\/p>\n<p><strong>\u00a0Uppgifter om tee-placeringen samt vilka banor som spelas<\/strong><\/p>\n<p>Alla t\u00e4vlingar \u00e4r \u00f6ppna och spelas fr\u00e5n klubb-tee, om inte annat meddelas i t\u00e4vlingsf\u00f6reskrifterna. Alla som spelar i samma serie, anv\u00e4nder samma tee. Om t\u00e4vlingen innefattar juniorserie, spelar dessa fr\u00e5n r\u00f6d-tee, om t\u00e4vlingsf\u00f6reskrifterna inte annat omn\u00e4mner.<strong>\u00a0<\/strong>T\u00e4vlarens t\u00e4vlingshcp best\u00e4ms utg\u00e5ende fr\u00e5n spelad tee.<\/p>\n<p>Ban-sammans\u00e4ttningen f\u00f6r t\u00e4vlingen str\u00e4var man, att fastsl\u00e5, redan i t\u00e4vlingsinbjudan. T\u00e4vlingsledaren har r\u00e4tt att \u00e4ndra ban-sammans\u00e4ttningen f\u00f6re t\u00e4vlingen, om f\u00f6rh\u00e5llanden s\u00e5 fordrar.<\/p>\n<p><strong>Anm\u00e4lningen <\/strong><\/p>\n<p><strong>F\u00f6reningens <\/strong>medlemmar \u2013 med egna koder via Nexgolf, per telefon till caddiemastern eller till anslagstavlan.<\/p>\n<p>Anm\u00e4lningstiden f\u00f6r \u00f6ppna t\u00e4vlingar b\u00f6r g\u00f6ras senast, (om inte annat meddelas), p\u00e5 torsdag kl. 14:00 f\u00f6r l\u00f6rdagens t\u00e4vling och senast p\u00e5 fredag kl. 14:00 f\u00f6r s\u00f6ndagens t\u00e4vling.<\/p>\n<p><strong>G\u00e4stande spelare<\/strong> \u2013 anm\u00e4lningen till anslagstavlan, via telefon (040 5268666) eller via e-mail caddiemaster@vag.fi<\/p>\n<p><strong>Efteranm\u00e4lan<\/strong><\/p>\n<p>Efteranm\u00e4lan till\u00e5ts av t\u00e4vlingsledaren, om inte t\u00e4vlingsf\u00f6reskrifterna f\u00f6rbjuder detta. Medlemmar i Vasa Golf betalar dubbelavgift och startiden best\u00e4ms alltid av t\u00e4vlingsledaren.<\/p>\n<p><strong>Annullering<\/strong><\/p>\n<p>F\u00f6r annulleringen b\u00f6r finnas giltig orsak; t.ex. sjukdom eller pl\u00f6tslig familjeorsak. D\u00e5ligt v\u00e4der eller opasslig starttid \u00e4r icke giltiga orsaker. Annulleringen b\u00f6r alltid meddelas senast en timme f\u00f6re egen start, antingen till t\u00e4vlingsledaren eller till caddiemastern. Om annulleringen inte gjorts enligt f\u00f6reskrifterna, kan spelaren f\u00e5 en veckas t\u00e4vlingsf\u00f6rbud och f\u00f6ruts\u00e4tts ocks\u00e5 att t\u00e4vlingsavgiften betalas.<\/p>\n<p><strong>Spelhastighet<\/strong><\/p>\n<p>Helhetstid f\u00f6r ronden f\u00e5r icke \u00f6verskrida 4 timmar och 15 minuter. Gruppen f\u00e5r inte l\u00e4mna mera \u00e4n en banl\u00e4ngd fr\u00e5n f\u00f6reg\u00e5ende grupp. Tidtabellen f\u00f6r varje h\u00e5l finns hos t\u00e4vlingsledare\/domare. F\u00f6r \u00f6vrigt g\u00e4ller regel 5.6.<\/p>\n<p><strong>T\u00e4vlingsledning<\/strong><\/p>\n<p>T\u00e4vlingen leds av en medlem fr\u00e5n t\u00e4vlingskommitt\u00e9n. Han\/Hon fungerar ocks\u00e5 som domare. Namnet p\u00e5 t\u00e4vlingsledare\/domare \u00e4r n\u00e4mnt i t\u00e4vlingsprogrammet.<\/p>\n<p>&nbsp;<\/p>\n<p><strong>Kommitt\u00e9 avbryter spelet<\/strong><\/p>\n<p>(Kommitt\u00e9 procedur 6E)<\/p>\n<p>L\u00e5ngt sirenljud: <strong>\u00a0Avsluta omedelbart<\/strong><\/p>\n<p>Tre sirenljud: <strong>Avbrott av spelet<\/strong><\/p>\n<p>Tv\u00e5 sirenljud: <strong>Spelet forts\u00e4tter<\/strong><\/p>\n<p><strong>\u00c5terl\u00e4mning av t\u00e4vlingskort<\/strong><\/p>\n<p>Spelaren b\u00f6r returnera t\u00e4vlingskortet till t\u00e4vlingskansliet (caddiemastern) omedelbart efter t\u00e4vlingsrondan. De elektroniska korten l\u00e4mnas in enligt t\u00e4vlingsdirektiven.<\/p>\n<p><strong>Avg\u00f6randet vid samma resultat<\/strong><\/p>\n<p><strong>Slagspel och po\u00e4ngbogey<\/strong><\/p>\n<p>Om resultat i slagspel med handicap, \u00e4r samma, \u00e4r vinnaren alltid den som har l\u00e4gsta exakta hcp, om inte t\u00e4vlingsf\u00f6reskrifterna annat anger.<\/p>\n<p>I scratcht\u00e4vlingar avg\u00f6rs vinnaren alltid med matematiska metoden, om inte t\u00e4vlingsf\u00f6reskrifterna annat uppger.<\/p>\n<p>Om t\u00e4vlingen startat fr\u00e5n tv\u00e5 eller flera tee, avg\u00f6rs resultaten alltid enligt banornas nummerordning.<\/p>\n<p><strong>Matchplay<\/strong><\/p>\n<p>Om resultatet i matchplay efter p\u00e5 f\u00f6rhand best\u00e4mda antal h\u00e5l, \u00e4r lika, skall spelet forts\u00e4tta omedelbart, h\u00e5l efter h\u00e5l, b\u00f6rjande fr\u00e5n f\u00f6rsta tee tills vinnaren \u00e4r klar, om inte t\u00e4vlingsf\u00f6reskrifterna annat uppger. \u00a0I matchspel med hcp, tr\u00e4der hcp p\u00e5 nytt ikraft.<\/p>\n<p><strong>Hcp-grupperna i t\u00e4vlingar, om inte annat meddelas i t\u00e4vlingsf\u00f6reskrifterna<\/strong><\/p>\n<p>T\u00e4vlingar har normalt tv\u00e5 serier:<\/p>\n<p>A-serie, slagspel med hcp (oberoende av hcp)<\/p>\n<p>B-serie, po\u00e4ngbogey med hcp (oberoende av hcp)<\/p>\n<p>Om spelaren inte uppger serie vid anm\u00e4lningen, placeras spelaren alltid till<\/p>\n<p>A-serie. Junior kan alltid v\u00e4lja, om han\/hon vill spela i allm\u00e4nna- eller juniorserien. Om minst 5 juniorer anm\u00e4ler sig till t\u00e4vlingen, spelas juniorserie, om inte t\u00e4vlingsf\u00f6reskrifterna f\u00f6rbjuder detta.\u00a0 I s\u00e5 fall deltar junioren antingen i \u00f6ppna- eller i juniorserie.<\/p>\n<p><strong>Priser<\/strong><\/p>\n<p>I t\u00e4vlingar bel\u00f6nas alltid ett best\u00e4mt antal spelare, oberoende spelarantalet. Dessutom str\u00e4var man att alltid bel\u00f6na b\u00e4sta scratch-resultat samt b\u00e4sta damen. Scratchpriset delas endast i A-serien. T\u00e4vlaren kan f\u00e5 endast ett pris per t\u00e4vling, undantaget specialpriser.<\/p>\n","protected":false},"excerpt":{"rendered":"<p>Anm\u00e4lning via Nexgolf linken\u00a0 Regler T\u00e4vlingarna underlyder golfens internationella regler (Rules of Golf). F\u00f6r detta finns regelb\u00f6cker b\u00e5de p\u00e5 finska och p\u00e5 svenska. Dessutom anv\u00e4nds lokala regler och t\u00e4vlingsf\u00f6reskifter vilka \u00e4r utgivna av Finska Golff\u00f6rbundet (Hard Card 2022). Spelarens skyldighet \u00e4r att k\u00e4nna till reglerna samt f\u00f6reskrifterna f\u00f6r g\u00e4llande t\u00e4vling. Plikterna grundar sig p\u00e5 golfregler [&hellip;]<\/p>\n","protected":false},"author":2,"featured_media":0,"parent":2629,"menu_order":0,"comment_status":"closed","ping_status":"closed","template":"","meta":{"_expiration-date-status":"","_expiration-date":0,"_expiration-date-type":"","_expiration-date-categories":[],"_expiration-date-options":[]},"acf":[],"_links":{"self":[{"href":"https:\/\/vaasangolf.wptest02.vdk.fi\/sv\/wp-json\/wp\/v2\/pages\/2711"}],"collection":[{"href":"https:\/\/vaasangolf.wptest02.vdk.fi\/sv\/wp-json\/wp\/v2\/pages"}],"about":[{"href":"https:\/\/vaasangolf.wptest02.vdk.fi\/sv\/wp-json\/wp\/v2\/types\/page"}],"author":[{"embeddable":true,"href":"https:\/\/vaasangolf.wptest02.vdk.fi\/sv\/wp-json\/wp\/v2\/users\/2"}],"replies":[{"embeddable":true,"href":"https:\/\/vaasangolf.wptest02.vdk.fi\/sv\/wp-json\/wp\/v2\/comments?post=2711"}],"version-history":[{"count":5,"href":"https:\/\/vaasangolf.wptest02.vdk.fi\/sv\/wp-json\/wp\/v2\/pages\/2711\/revisions"}],"predecessor-version":[{"id":3325,"href":"https:\/\/vaasangolf.wptest02.vdk.fi\/sv\/wp-json\/wp\/v2\/pages\/2711\/revisions\/3325"}],"up":[{"embeddable":true,"href":"https:\/\/vaasangolf.wptest02.vdk.fi\/sv\/wp-json\/wp\/v2\/pages\/2629"}],"wp:attachment":[{"href":"https:\/\/vaasangolf.wptest02.vdk.fi\/sv\/wp-json\/wp\/v2\/media?parent=2711"}],"curies":[{"name":"wp","href":"https:\/\/api.w.org\/{rel}","templated":true}]}}