{"id":2712,"date":"2022-02-25T11:01:17","date_gmt":"2022-02-25T09:01:17","guid":{"rendered":"https:\/\/vaasangolf.wptest02.vdk.fi\/verksamhet\/komitten\/juniorkomitten\/"},"modified":"2023-07-19T12:26:00","modified_gmt":"2023-07-19T09:26:00","slug":"juniorkomitten","status":"publish","type":"page","link":"https:\/\/vaasangolf.wptest02.vdk.fi\/sv\/verksamhet\/komitten\/juniorkomitten\/","title":{"rendered":"Juniorkommitt\u00e9n"},"content":{"rendered":"\t\t<div data-elementor-type=\"wp-page\" data-elementor-id=\"2712\" class=\"elementor elementor-2712 elementor-1510\">\n\t\t\t\t\t\t<div class=\"elementor-inner\">\n\t\t\t\t<div class=\"elementor-section-wrap\">\n\t\t\t\t\t\t\t\t\t<section class=\"elementor-section elementor-top-section elementor-element elementor-element-68c76f16 elementor-section-boxed elementor-section-height-default elementor-section-height-default\" data-id=\"68c76f16\" data-element_type=\"section\">\n\t\t\t\t\t\t<div class=\"elementor-container elementor-column-gap-default\">\n\t\t\t\t\t\t\t<div class=\"elementor-row\">\n\t\t\t\t\t<div class=\"elementor-column elementor-col-100 elementor-top-column elementor-element elementor-element-417346ff\" data-id=\"417346ff\" data-element_type=\"column\">\n\t\t\t<div class=\"elementor-column-wrap elementor-element-populated\">\n\t\t\t\t\t\t\t<div class=\"elementor-widget-wrap\">\n\t\t\t\t\t\t<div class=\"elementor-element elementor-element-e44ad35 elementor-widget elementor-widget-toggle\" data-id=\"e44ad35\" data-element_type=\"widget\" data-widget_type=\"toggle.default\">\n\t\t\t\t<div class=\"elementor-widget-container\">\n\t\t\t\t\t<div class=\"elementor-toggle\" role=\"tablist\">\n\t\t\t\t\t\t\t<div class=\"elementor-toggle-item\">\n\t\t\t\t\t<div id=\"elementor-tab-title-2391\" class=\"elementor-tab-title\" data-tab=\"1\" role=\"tab\" aria-controls=\"elementor-tab-content-2391\" aria-expanded=\"false\">\n\t\t\t\t\t\t\t\t\t\t\t\t<span class=\"elementor-toggle-icon elementor-toggle-icon-left\" aria-hidden=\"true\">\n\t\t\t\t\t\t\t\t\t\t\t\t\t\t\t<span class=\"elementor-toggle-icon-closed\"><i class=\"fas fa-caret-right\"><\/i><\/span>\n\t\t\t\t\t\t\t\t<span class=\"elementor-toggle-icon-opened\"><i class=\"elementor-toggle-icon-opened fas fa-caret-up\"><\/i><\/span>\n\t\t\t\t\t\t\t\t\t\t\t\t\t<\/span>\n\t\t\t\t\t\t\t\t\t\t\t\t<a href=\"\" class=\"elementor-toggle-title\">Evenemangskalender<\/a>\n\t\t\t\t\t<\/div>\n\n\t\t\t\t\t<div id=\"elementor-tab-content-2391\" class=\"elementor-tab-content elementor-clearfix\" data-tab=\"1\" role=\"tabpanel\" aria-labelledby=\"elementor-tab-title-2391\"><p>&#8230;<\/p><\/div>\n\t\t\t\t<\/div>\n\t\t\t\t\t\t\t<div class=\"elementor-toggle-item\">\n\t\t\t\t\t<div id=\"elementor-tab-title-2392\" class=\"elementor-tab-title\" data-tab=\"2\" role=\"tab\" aria-controls=\"elementor-tab-content-2392\" aria-expanded=\"false\">\n\t\t\t\t\t\t\t\t\t\t\t\t<span class=\"elementor-toggle-icon elementor-toggle-icon-left\" aria-hidden=\"true\">\n\t\t\t\t\t\t\t\t\t\t\t\t\t\t\t<span class=\"elementor-toggle-icon-closed\"><i class=\"fas fa-caret-right\"><\/i><\/span>\n\t\t\t\t\t\t\t\t<span class=\"elementor-toggle-icon-opened\"><i class=\"elementor-toggle-icon-opened fas fa-caret-up\"><\/i><\/span>\n\t\t\t\t\t\t\t\t\t\t\t\t\t<\/span>\n\t\t\t\t\t\t\t\t\t\t\t\t<a href=\"\" class=\"elementor-toggle-title\">T\u00e4vlingskalender<\/a>\n\t\t\t\t\t<\/div>\n\n\t\t\t\t\t<div id=\"elementor-tab-content-2392\" class=\"elementor-tab-content elementor-clearfix\" data-tab=\"2\" role=\"tabpanel\" aria-labelledby=\"elementor-tab-title-2392\"><p>&#8230;<\/p><\/div>\n\t\t\t\t<\/div>\n\t\t\t\t\t\t\t\t<\/div>\n\t\t\t\t<\/div>\n\t\t\t\t<\/div>\n\t\t\t\t<div class=\"elementor-element elementor-element-2041916 elementor-shape-rounded elementor-grid-0 e-grid-align-center elementor-widget elementor-widget-social-icons\" data-id=\"2041916\" data-element_type=\"widget\" data-widget_type=\"social-icons.default\">\n\t\t\t\t<div class=\"elementor-widget-container\">\n\t\t\t\t\t<div class=\"elementor-social-icons-wrapper elementor-grid\">\n\t\t\t\t\t\t\t<span class=\"elementor-grid-item\">\n\t\t\t\t\t<a class=\"elementor-icon elementor-social-icon elementor-social-icon-facebook elementor-repeater-item-d6022c6\" href=\"https:\/\/www.facebook.com\/vaasangolfjuniors\/\" target=\"_blank\">\n\t\t\t\t\t\t<span class=\"elementor-screen-only\">Facebook<\/span>\n\t\t\t\t\t\t<i class=\"fab fa-facebook\"><\/i>\t\t\t\t\t<\/a>\n\t\t\t\t<\/span>\n\t\t\t\t\t\t\t<span class=\"elementor-grid-item\">\n\t\t\t\t\t<a class=\"elementor-icon elementor-social-icon elementor-social-icon-instagram elementor-repeater-item-3f49d88\" href=\"https:\/\/www.instagram.com\/vaasangolfjuniors\/\" target=\"_blank\">\n\t\t\t\t\t\t<span class=\"elementor-screen-only\">Instagram<\/span>\n\t\t\t\t\t\t<i class=\"fab fa-instagram\"><\/i>\t\t\t\t\t<\/a>\n\t\t\t\t<\/span>\n\t\t\t\t\t<\/div>\n\t\t\t\t<\/div>\n\t\t\t\t<\/div>\n\t\t\t\t<div class=\"elementor-element elementor-element-5ca726bc elementor-widget elementor-widget-text-editor\" data-id=\"5ca726bc\" data-element_type=\"widget\" data-widget_type=\"text-editor.default\">\n\t\t\t\t<div class=\"elementor-widget-container\">\n\t\t\t\t\t\t\t\t<div class=\"elementor-text-editor elementor-clearfix\">\n\t\t\t\tVasa Golf (VaG) juniorkommitt\u00e9ns m\u00e5l \u00e4r att skola och st\u00f6dja unga golfspelare samt deras tr\u00e4nare och instrukt\u00f6rer. Prioriteringen \u00e4r att varje ung golfare ska kunna utvecklas som spelare och njuta av en h\u00e4lsosam fritidshobby. Meningen med juniortr\u00e4ningen \u00e4r att styra juniorerna till att tr\u00e4na \u00e4ndam\u00e5lsenligt genom att f\u00f6lja \u00f6msesidigt \u00f6verenskomna tr\u00e4ningsprogram utan att gl\u00f6mma sj\u00e4lva njutningen med att spela golf och att framf\u00f6r allt inte gl\u00f6mma att ha roligt d\u00e5 man spelar och tr\u00e4nar.\r\n\r\nemail: <a href=\"mailto:vaasangolfjuniorit@gmail.com\">vaasangolfjuniorit@gmail.com<\/a>\r\n\r\nAddress: Golfkent\u00e4ntie 61, 65370 Vasa\r\n<h2>Juniorkommitte\u00e9ns medlemmar:<\/h2>\r\n<ul>\r\n \t<li><strong>Mats Forsen <\/strong>\u2013 Ordf\u00f6rande\u00a0(+ koordinering av hobby sektionen)<\/li>\r\n \t<li><strong>Jani Markus Sula &#8211;\u00a0<\/strong>Juniorkoordinator (+ koordinering av GolfSkolan)<\/li>\r\n \t<li><strong>Taneli Jokela<\/strong>\u00a0\u2013 Marknadsf\u00f6ring och sponsorf\u00f6rs\u00e4ljning<\/li>\r\n \t<li><strong>Jonathan Nylen<\/strong>\u00a0\u2013 T\u00e4vlingssektionens\u00a0koordinering<\/li>\r\n \t<li><strong>Jari Alaranta<\/strong>\u00a0\u2013 Evenemangkoordinerare (+ Kontaktperson g\u00e4llande Golff\u00f6rbundets Tourer f\u00f6r juniorer och f\u00f6r\u00e4ldrar)<\/li>\r\n \t<li><strong>Aki Keskinen<\/strong>\u00a0\u2013 Evenemangkoordinerare och reservinstrukt\u00f6r<\/li>\r\n \t<li><strong>Johan Nyst\u00e9n<\/strong> &#8211;\u00a0 Evenemangkoordinerare och reservinstrukt\u00f6r<\/li>\r\n \t<li><strong>Aleksi Jokela<\/strong>\u00a0\u2013 Koordinerare av juniorernas klubbt\u00e4vlingar\u00a0(+ T\u00e4vlingskommitte\u00e9ns medlem)<\/li>\r\n<\/ul>\r\n<h2>Tr\u00e4nare och instrukt\u00f6rer<\/h2>\r\n<ul>\r\n \t<li><strong>Jonathan Nylen<\/strong>\u00a0\u2013 Juniorernas Head coach<\/li>\r\n \t<li><strong>Conny S\u00f6derg\u00e5rd<\/strong> &#8211; Junior coach<\/li>\r\n \t<li><strong>Pia Koivuranta<\/strong> &#8211; FM Juniorlagets coach<\/li>\r\n \t<li><strong>Janne Koljonen<\/strong>\u00a0\u2013 Juniorernas fysik\u00a0coach<\/li>\r\n \t<li><strong>Instrukt\u00f6rer:<\/strong>\r\n<ul>\r\n \t<li>Katriina Patama (Hobby sektionen \u2013 flickorna)<\/li>\r\n \t<li>Birgitta Miemois-Haga (GolfSkolan &#8211; reserv instrukt\u00f6r)<\/li>\r\n \t<li>Inka \u00d6sterblad (GolfSkolan &#8211; reserv instrukt\u00f6r)<\/li>\r\n<\/ul>\r\n<\/li>\r\n<\/ul>\t\t\t\t\t<\/div>\n\t\t\t\t\t\t<\/div>\n\t\t\t\t<\/div>\n\t\t\t\t\t\t<\/div>\n\t\t\t\t\t<\/div>\n\t\t<\/div>\n\t\t\t\t\t\t\t\t<\/div>\n\t\t\t\t\t<\/div>\n\t\t<\/section>\n\t\t\t\t\t\t\t\t\t<\/div>\n\t\t\t<\/div>\n\t\t\t\t\t<\/div>\n\t\t","protected":false},"excerpt":{"rendered":"<p>Evenemangskalender &#8230; T\u00e4vlingskalender &#8230; Facebook Instagram Vasa Golf (VaG) juniorkommitt\u00e9ns m\u00e5l \u00e4r att skola och st\u00f6dja unga golfspelare samt deras tr\u00e4nare och instrukt\u00f6rer. Prioriteringen \u00e4r att varje ung golfare ska kunna utvecklas som spelare och njuta av en h\u00e4lsosam fritidshobby. Meningen med juniortr\u00e4ningen \u00e4r att styra juniorerna till att tr\u00e4na \u00e4ndam\u00e5lsenligt genom att f\u00f6lja \u00f6msesidigt [&hellip;]<\/p>\n","protected":false},"author":2,"featured_media":0,"parent":2631,"menu_order":0,"comment_status":"closed","ping_status":"closed","template":"","meta":{"_expiration-date-status":"","_expiration-date":0,"_expiration-date-type":"","_expiration-date-categories":[],"_expiration-date-options":[]},"acf":[],"_links":{"self":[{"href":"https:\/\/vaasangolf.wptest02.vdk.fi\/sv\/wp-json\/wp\/v2\/pages\/2712"}],"collection":[{"href":"https:\/\/vaasangolf.wptest02.vdk.fi\/sv\/wp-json\/wp\/v2\/pages"}],"about":[{"href":"https:\/\/vaasangolf.wptest02.vdk.fi\/sv\/wp-json\/wp\/v2\/types\/page"}],"author":[{"embeddable":true,"href":"https:\/\/vaasangolf.wptest02.vdk.fi\/sv\/wp-json\/wp\/v2\/users\/2"}],"replies":[{"embeddable":true,"href":"https:\/\/vaasangolf.wptest02.vdk.fi\/sv\/wp-json\/wp\/v2\/comments?post=2712"}],"version-history":[{"count":9,"href":"https:\/\/vaasangolf.wptest02.vdk.fi\/sv\/wp-json\/wp\/v2\/pages\/2712\/revisions"}],"predecessor-version":[{"id":8610,"href":"https:\/\/vaasangolf.wptest02.vdk.fi\/sv\/wp-json\/wp\/v2\/pages\/2712\/revisions\/8610"}],"up":[{"embeddable":true,"href":"https:\/\/vaasangolf.wptest02.vdk.fi\/sv\/wp-json\/wp\/v2\/pages\/2631"}],"wp:attachment":[{"href":"https:\/\/vaasangolf.wptest02.vdk.fi\/sv\/wp-json\/wp\/v2\/media?parent=2712"}],"curies":[{"name":"wp","href":"https:\/\/api.w.org\/{rel}","templated":true}]}}