{"id":2713,"date":"2022-02-25T11:03:18","date_gmt":"2022-02-25T09:03:18","guid":{"rendered":"https:\/\/vaasangolf.wptest02.vdk.fi\/verksamhet\/komitten\/juniorkomitten\/golfskola\/"},"modified":"2023-08-11T09:12:50","modified_gmt":"2023-08-11T06:12:50","slug":"golfskola","status":"publish","type":"page","link":"https:\/\/vaasangolf.wptest02.vdk.fi\/sv\/verksamhet\/komitten\/juniorkomitten\/golfskola\/","title":{"rendered":"Golfskola"},"content":{"rendered":"\t\t<div data-elementor-type=\"wp-page\" data-elementor-id=\"2713\" class=\"elementor elementor-2713 elementor-1512\">\n\t\t\t\t\t\t<div class=\"elementor-inner\">\n\t\t\t\t<div class=\"elementor-section-wrap\">\n\t\t\t\t\t\t\t\t\t<section class=\"elementor-section elementor-top-section elementor-element elementor-element-7cba534 elementor-section-boxed elementor-section-height-default elementor-section-height-default\" data-id=\"7cba534\" data-element_type=\"section\">\n\t\t\t\t\t\t<div class=\"elementor-container elementor-column-gap-default\">\n\t\t\t\t\t\t\t<div class=\"elementor-row\">\n\t\t\t\t\t<div class=\"elementor-column elementor-col-100 elementor-top-column elementor-element elementor-element-e4addfa\" data-id=\"e4addfa\" data-element_type=\"column\">\n\t\t\t<div class=\"elementor-column-wrap elementor-element-populated\">\n\t\t\t\t\t\t\t<div class=\"elementor-widget-wrap\">\n\t\t\t\t\t\t<div class=\"elementor-element elementor-element-f67e5ea elementor-skin-carousel elementor-arrows-yes elementor-pagination-type-bullets elementor-pagination-position-outside elementor-widget elementor-widget-media-carousel\" data-id=\"f67e5ea\" data-element_type=\"widget\" data-settings=\"{&quot;autoplay_speed&quot;:4500,&quot;skin&quot;:&quot;carousel&quot;,&quot;effect&quot;:&quot;slide&quot;,&quot;show_arrows&quot;:&quot;yes&quot;,&quot;pagination&quot;:&quot;bullets&quot;,&quot;speed&quot;:500,&quot;autoplay&quot;:&quot;yes&quot;,&quot;loop&quot;:&quot;yes&quot;,&quot;pause_on_hover&quot;:&quot;yes&quot;,&quot;pause_on_interaction&quot;:&quot;yes&quot;,&quot;space_between&quot;:{&quot;unit&quot;:&quot;px&quot;,&quot;size&quot;:10,&quot;sizes&quot;:[]},&quot;space_between_tablet&quot;:{&quot;unit&quot;:&quot;px&quot;,&quot;size&quot;:10,&quot;sizes&quot;:[]},&quot;space_between_mobile&quot;:{&quot;unit&quot;:&quot;px&quot;,&quot;size&quot;:10,&quot;sizes&quot;:[]}}\" data-widget_type=\"media-carousel.default\">\n\t\t\t\t<div class=\"elementor-widget-container\">\n\t\t\t\t\t<div class=\"elementor-swiper\">\n\t\t\t<div class=\"elementor-main-swiper swiper-container\">\n\t\t\t\t<div class=\"swiper-wrapper\">\n\t\t\t\t\t\t\t\t\t\t\t<div class=\"swiper-slide\">\n\t\t\t\t\t\t\t\t\t<div class=\"elementor-carousel-image\" style=\"background-image: url(&#039;https:\/\/vaasangolf.wptest02.vdk.fi\/wp-content\/uploads\/2023\/08\/Kuva-3-1-scaled.jpg&#039;)\">\n\n\t\t\t\n\t\t\t\t\t<\/div>\n\t\t\t\t\t\t\t\t<\/div>\n\t\t\t\t\t\t\t\t\t\t\t<div class=\"swiper-slide\">\n\t\t\t\t\t\t\t\t\t<div class=\"elementor-carousel-image\" style=\"background-image: url(&#039;https:\/\/vaasangolf.wptest02.vdk.fi\/wp-content\/uploads\/2023\/08\/11-scaled.jpg&#039;)\">\n\n\t\t\t\n\t\t\t\t\t<\/div>\n\t\t\t\t\t\t\t\t<\/div>\n\t\t\t\t\t\t\t\t\t\t\t<div class=\"swiper-slide\">\n\t\t\t\t\t\t\t\t\t<div class=\"elementor-carousel-image\" style=\"background-image: url(&#039;https:\/\/vaasangolf.wptest02.vdk.fi\/wp-content\/uploads\/2023\/08\/12-scaled.jpg&#039;)\">\n\n\t\t\t\n\t\t\t\t\t<\/div>\n\t\t\t\t\t\t\t\t<\/div>\n\t\t\t\t\t\t\t\t\t\t\t<div class=\"swiper-slide\">\n\t\t\t\t\t\t\t\t\t<div class=\"elementor-carousel-image\" style=\"background-image: url(&#039;https:\/\/vaasangolf.wptest02.vdk.fi\/wp-content\/uploads\/2023\/08\/15-scaled.jpg&#039;)\">\n\n\t\t\t\n\t\t\t\t\t<\/div>\n\t\t\t\t\t\t\t\t<\/div>\n\t\t\t\t\t\t\t\t\t\t\t<div class=\"swiper-slide\">\n\t\t\t\t\t\t\t\t\t<div class=\"elementor-carousel-image\" style=\"background-image: url(&#039;https:\/\/vaasangolf.wptest02.vdk.fi\/wp-content\/uploads\/2023\/08\/9-scaled.jpg&#039;)\">\n\n\t\t\t\n\t\t\t\t\t<\/div>\n\t\t\t\t\t\t\t\t<\/div>\n\t\t\t\t\t\t\t\t\t\t\t<div class=\"swiper-slide\">\n\t\t\t\t\t\t\t\t\t<div class=\"elementor-carousel-image\" style=\"background-image: url(&#039;https:\/\/vaasangolf.wptest02.vdk.fi\/wp-content\/uploads\/2023\/08\/20-scaled.jpg&#039;)\">\n\n\t\t\t\n\t\t\t\t\t<\/div>\n\t\t\t\t\t\t\t\t<\/div>\n\t\t\t\t\t\t\t\t\t<\/div>\n\t\t\t\t\t\t\t\t\t\t\t\t\t\t\t<div class=\"swiper-pagination\"><\/div>\n\t\t\t\t\t\t\t\t\t\t\t\t\t\t\t\t<div class=\"elementor-swiper-button elementor-swiper-button-prev\">\n\t\t\t\t\t\t\t<i aria-hidden=\"true\" class=\"eicon-chevron-left\"><\/i>\t\t\t\t\t\t\t<span class=\"elementor-screen-only\">F\u00f6reg\u00e5ende<\/span>\n\t\t\t\t\t\t<\/div>\n\t\t\t\t\t\t<div class=\"elementor-swiper-button elementor-swiper-button-next\">\n\t\t\t\t\t\t\t<i aria-hidden=\"true\" class=\"eicon-chevron-right\"><\/i>\t\t\t\t\t\t\t<span class=\"elementor-screen-only\">N\u00e4sta<\/span>\n\t\t\t\t\t\t<\/div>\n\t\t\t\t\t\t\t\t\t\t\t\t<\/div>\n\t\t<\/div>\n\t\t\t\t<\/div>\n\t\t\t\t<\/div>\n\t\t\t\t\t\t<\/div>\n\t\t\t\t\t<\/div>\n\t\t<\/div>\n\t\t\t\t\t\t\t\t<\/div>\n\t\t\t\t\t<\/div>\n\t\t<\/section>\n\t\t\t\t<section class=\"elementor-section elementor-top-section elementor-element elementor-element-7e0f1297 elementor-section-boxed elementor-section-height-default elementor-section-height-default\" data-id=\"7e0f1297\" data-element_type=\"section\">\n\t\t\t\t\t\t<div class=\"elementor-container elementor-column-gap-default\">\n\t\t\t\t\t\t\t<div class=\"elementor-row\">\n\t\t\t\t\t<div class=\"elementor-column elementor-col-100 elementor-top-column elementor-element elementor-element-16cf51b0\" data-id=\"16cf51b0\" data-element_type=\"column\">\n\t\t\t<div class=\"elementor-column-wrap elementor-element-populated\">\n\t\t\t\t\t\t\t<div class=\"elementor-widget-wrap\">\n\t\t\t\t\t\t<div class=\"elementor-element elementor-element-590247cb elementor-widget elementor-widget-text-editor\" data-id=\"590247cb\" data-element_type=\"widget\" data-widget_type=\"text-editor.default\">\n\t\t\t\t<div class=\"elementor-widget-container\">\n\t\t\t\t\t\t\t\t<div class=\"elementor-text-editor elementor-clearfix\">\n\t\t\t\t<h5 class=\"entry-title post-title\"><span style=\"color: inherit; font-size: 2rem;\">Allm\u00e4nt<\/span><\/h5><div class=\"post-entry\"><ul><li>Den rekommenderade \u00e5ldern \u00e4r 7-15 \u00e5r.<ul><li>F\u00f6r \u00e4ldre juniorer h\u00e5lls golfskola p\u00e5 m\u00e5ndagar och f\u00f6r yngre p\u00e5 onsdagar, s\u00e5 att p\u00e5 m\u00e5ndagar kommer juniorer \u00f6ver 11\u00e5r och p\u00e5 onsdagar juniorer under 11 \u00e5r.<\/li><\/ul><\/li><li>Ingen tidigare erfarenhet av golf beh\u00f6vs<ul><li>\u00c5ldersgr\u00e4nsen \u00e4r inte absolut, och de som till exempel har spelat golf tidigare kan komma till lektioner p\u00e5 m\u00e5ndagskv\u00e4llen i yngre \u00e5lder.<\/li><li>Avsikten \u00e4r att man p\u00e5 m\u00e5ndagar tr\u00e4nar med normal utrustning, men p\u00e5 onsdag med plastklubbar och mjuka bollar.<\/li><\/ul><\/li><li>Normal utekl\u00e4dsel enligt v\u00e4der \u00e4r tillr\u00e4ckligt<\/li><\/ul><h2>Undervisning<\/h2><ul><li>I Golfskolan undervisas golfens grunder. Slaget p\u00e5 en allm\u00e4n niv\u00e5 \u00e4r i fokus och inte i teknikens finesser<\/li><li>Viktigaste \u00e4r barnens trivsel och att de f\u00e5r framsteg, nya v\u00e4nner och motion<\/li><\/ul><h2>Regler och etikett<\/h2><ul><li>Utanf\u00f6r spelet s\u00e5 undervisar vi i regler och etikett. Till detta har vi Golff\u00f6rbundets <a href=\"https:\/\/vaasangolf.fi.prio1.website\/wp-content\/uploads\/2022\/03\/Green-Card-ohjeistus-lapset-ja-nuoret-1.pdf\">Green-Card-ohjeistus-lapset-ja-nuoret-1<\/a>\u00a0 (finska) samt <a href=\"https:\/\/golf.fi\/wp-content\/uploads\/2016\/02\/LastennuortenGreencard_FINAL_paino_outlines-1.pdf\">barn och ungdomars Green Card<\/a>\u00a0(finska) korten. P\u00e5 detta s\u00e4tt kan juniorerna motiveras till m\u00e5linriktad tr\u00e4ning.<\/li><\/ul><h2>M\u00e5l<\/h2><ul><li>Golfskolan f\u00f6rbereder eleverna till greencard utf\u00f6randet<\/li><li>Instrukt\u00f6rerna f\u00f6ljer med elevernas framsteg. N\u00e4r eleven har uppn\u00e5tt en viss niv\u00e5, rekommenderas eleven till att utf\u00f6ra green card kursen.<\/li><li>Mera info om green card kursen f\u00e5r man fr\u00e5n golfskolans instrukt\u00f6rer eller fr\u00e5n caddiemastern.<\/li><\/ul><h2>Tidtabell och inneh\u00e5ll<\/h2><ul><li><span class=\"TextRun SCXW252485452 BCX9\" lang=\"SV-FI\" xml:lang=\"SV-FI\" data-contrast=\"auto\"><span class=\"NormalTextRun SCXW252485452 BCX9\" data-ccp-parastyle=\"Normal (Web)\">Golfskolan b\u00f6rjar <\/span><span class=\"NormalTextRun SCXW252485452 BCX9\" data-ccp-parastyle=\"Normal (Web)\">m\u00e5ndag<\/span><span class=\"NormalTextRun SCXW252485452 BCX9\" data-ccp-parastyle=\"Normal (Web)\">en<\/span> <span class=\"NormalTextRun SCXW252485452 BCX9\" data-ccp-parastyle=\"Normal (Web)\">den 22 ma<\/span><span class=\"NormalTextRun SCXW252485452 BCX9\" data-ccp-parastyle=\"Normal (Web)\">j<\/span><span class=\"NormalTextRun SCXW252485452 BCX9\" data-ccp-parastyle=\"Normal (Web)\"> 2023<\/span><span class=\"NormalTextRun SCXW252485452 BCX9\" data-ccp-parastyle=\"Normal (Web)\">. <\/span><\/span><span class=\"TextRun SCXW252485452 BCX9\" lang=\"SV-FI\" xml:lang=\"SV-FI\" data-contrast=\"auto\"><span class=\"NormalTextRun SCXW252485452 BCX9\" data-ccp-parastyle=\"Normal (Web)\">Obs! <\/span><span class=\"NormalTextRun SCXW252485452 BCX9\" data-ccp-parastyle=\"Normal (Web)\">Reservation f\u00f6r v\u00e4dret.<\/span><\/span><span class=\"EOP SCXW252485452 BCX9\" data-ccp-props=\"{&quot;134233117&quot;:false,&quot;134233118&quot;:false,&quot;201341983&quot;:0,&quot;335559738&quot;:0,&quot;335559739&quot;:0,&quot;335559740&quot;:240}\">\u00a0<\/span><\/li><li>Golfskolan arrangeras varje m\u00e5ndag och onsdag kl. 17-18.<\/li><li><span class=\"TextRun SCXW239244673 BCX9\" lang=\"SV-FI\" xml:lang=\"SV-FI\" data-contrast=\"auto\"><span class=\"NormalTextRun SCXW239244673 BCX9\" data-ccp-parastyle=\"Normal (Web)\">P\u00e5 m\u00e5ndagar<\/span><span class=\"NormalTextRun SCXW239244673 BCX9\" data-ccp-parastyle=\"Normal (Web)\"> spelar vi med normal utrustning <\/span><span class=\"NormalTextRun SCXW239244673 BCX9\" data-ccp-parastyle=\"Normal (Web)\">och<\/span><span class=\"NormalTextRun SCXW239244673 BCX9\" data-ccp-parastyle=\"Normal (Web)\"> p\u00e5 onsdagar<\/span><span class=\"NormalTextRun SCXW239244673 BCX9\" data-ccp-parastyle=\"Normal (Web)\"> med <\/span><span class=\"NormalTextRun SCXW239244673 BCX9\" data-ccp-parastyle=\"Normal (Web)\">plastklubbor. Den <\/span><span class=\"NormalTextRun SCXW239244673 BCX9\" data-ccp-parastyle=\"Normal (Web)\">ons<\/span><span class=\"NormalTextRun SCXW239244673 BCX9\" data-ccp-parastyle=\"Normal (Web)\">dagsgruppen<\/span> <span class=\"NormalTextRun SCXW239244673 BCX9\" data-ccp-parastyle=\"Normal (Web)\">\u00e4r<\/span><span class=\"NormalTextRun SCXW239244673 BCX9\" data-ccp-parastyle=\"Normal (Web)\"> lite l\u00e4ttare och<\/span><span class=\"NormalTextRun SCXW239244673 BCX9\" data-ccp-parastyle=\"Normal (Web)\"> d\u00e4rf\u00f6r<\/span><span class=\"NormalTextRun SCXW239244673 BCX9\" data-ccp-parastyle=\"Normal (Web)\"> kan <\/span><span class=\"NormalTextRun SCXW239244673 BCX9\" data-ccp-parastyle=\"Normal (Web)\">vara <\/span><span class=\"NormalTextRun SCXW239244673 BCX9\" data-ccp-parastyle=\"Normal (Web)\">b\u00e4ttre f\u00f6r<\/span><span class=\"NormalTextRun SCXW239244673 BCX9\" data-ccp-parastyle=\"Normal (Web)\"> yngre<\/span> <span class=\"NormalTextRun SCXW239244673 BCX9\" data-ccp-parastyle=\"Normal (Web)\">nyb\u00f6rjare<\/span><span class=\"NormalTextRun SCXW239244673 BCX9\" data-ccp-parastyle=\"Normal (Web)\">.<\/span><\/span><\/li><li><span class=\"TextRun SCXW166977687 BCX9\" lang=\"SV-FI\" xml:lang=\"SV-FI\" data-contrast=\"auto\"><span class=\"NormalTextRun SCXW166977687 BCX9\" data-ccp-parastyle=\"Normal (Web)\">I golfskolan l\u00e4<\/span><span class=\"NormalTextRun SCXW166977687 BCX9\" data-ccp-parastyle=\"Normal (Web)\">r vi<\/span><span class=\"NormalTextRun SCXW166977687 BCX9\" data-ccp-parastyle=\"Normal (Web)\"> bland annat<\/span> <span class=\"NormalTextRun SCXW166977687 BCX9\" data-ccp-parastyle=\"Normal (Web)\">inspel<\/span><span class=\"NormalTextRun SCXW166977687 BCX9\" data-ccp-parastyle=\"Normal (Web)\"> och<\/span><span class=\"NormalTextRun SCXW166977687 BCX9\" data-ccp-parastyle=\"Normal (Web)\"> l\u00e5nga<\/span><span class=\"NormalTextRun SCXW166977687 BCX9\" data-ccp-parastyle=\"Normal (Web)\"> slag<\/span><span class=\"NormalTextRun SCXW166977687 BCX9\" data-ccp-parastyle=\"Normal (Web)\">. Vi leker och spelar ocks\u00e5.<\/span> <span class=\"NormalTextRun SCXW166977687 BCX9\" data-ccp-parastyle=\"Normal (Web)\">Programmet kan \u00e4ndras pga. elevernas f\u00f6rm\u00e5ga.<\/span><\/span><\/li><li><span class=\"TextRun SCXW96538970 BCX9\" lang=\"SV-FI\" xml:lang=\"SV-FI\" data-contrast=\"none\"><span class=\"NormalTextRun SCXW96538970 BCX9\" data-ccp-parastyle=\"Normal (Web)\">Man kan delta en eller tv\u00e5 g\u00e5nger i veckan eller <\/span><span class=\"NormalTextRun SCXW96538970 BCX9\" data-ccp-parastyle=\"Normal (Web)\">o<\/span><span class=\"NormalTextRun SCXW96538970 BCX9\" data-ccp-parastyle=\"Normal (Web)\">cks\u00e5<\/span><span class=\"NormalTextRun SCXW96538970 BCX9\" data-ccp-parastyle=\"Normal (Web)\"> komma d\u00e5 det passar b\u00e4st.<\/span><\/span><span class=\"EOP SCXW96538970 BCX9\" data-ccp-props=\"{&quot;134233117&quot;:false,&quot;134233118&quot;:false,&quot;201341983&quot;:0,&quot;335559738&quot;:0,&quot;335559739&quot;:160,&quot;335559740&quot;:240}\">\u00a0<\/span><\/li><\/ul><h2>Anm\u00e4lning<\/h2><ul><li><strong>Anm\u00e4lan sker p\u00e5 f\u00f6rhand senast kl. 12 samma dag.<\/strong> Anm\u00e4lan kan f\u00f6rsta g\u00e5ngen g\u00f6ras via epost (<a href=\"mailto:vag.golfkoulu@gmail.com\">vag.golfkoulu@gmail.com<\/a>) <span class=\"NormalTextRun SCXW254031016 BCX9\" data-ccp-parastyle=\"Normal (Web)\">och f\u00f6ljande g\u00e5ng via <\/span><span class=\"NormalTextRun SCXW254031016 BCX9\" data-ccp-parastyle=\"Normal (Web)\">Nimenhuuto.com app.<\/span>\u00a0Genom detta kan vi s\u00e4kerst\u00e4lla att vi har tillr\u00e4kligt med instrukt\u00f6rer f\u00f6r att s\u00e4kerst\u00e4lla elevernas s\u00e4kerhet.<\/li><li>F\u00f6rsta g\u00e5ngen ni kommer p\u00e5 Golfskolan (2023), fyll p\u00e5 f\u00f6rhand kontakt- och anm\u00e4lningsblanketten via <a href=\"https:\/\/forms.gle\/WcnnS1CYN3q5EWu27\">denna link<\/a>.<\/li><\/ul><h2>Pris<\/h2><ul><li>5\u20ac\/g\u00e5ng<\/li><li>F\u00f6rsta g\u00e5ngen gratis<\/li><\/ul><h2>Redskap<\/h2><ul><li>Du beh\u00f6ver inga egna redskap. Klubben har flera olika klubbor b\u00e5de l\u00e5nga och korta, h\u00f6ger och v\u00e4nsterh\u00e4nta.<\/li><li>Meddela p\u00e5 f\u00f6rhand om junioren beh\u00f6ver l\u00e5na klubbor.<\/li><\/ul><h2>Golfarens stig<\/h2><ul><li>N\u00e4r eleven har avklarat greencard-kursen s\u00e5 kan man bli medlem i Vasa Golf.<\/li><li>Vasa Golf har flera tr\u00e4ningsgrupper f\u00f6r olika niv\u00e5er, vars uppgift \u00e4r att utveckla juniorernas talanger.<\/li><li>Man kan \u00e4ven spela enligt eget behag, med f\u00f6r\u00e4ldrar eller med v\u00e4nner.<\/li><li><a href=\"https:\/\/vaasangolf.wptest02.vdk.fi\/wp-content\/uploads\/2022\/06\/golfjuniorensvag.pdf\">Golfarens stig<\/a><\/li><\/ul><h2>F\u00f6r mera info<\/h2><ul><li>Jani-Markus Sula, juniorkoordinator<\/li><li>epost: <a href=\"mailto:jani-markus.sula@vag.fi\">jani-markus.sula@vag.fi<\/a> eller <a href=\"mailto:vag.golfkoulu@gmail.com\">vag.golfkoulu@gmail.com<\/a><\/li><\/ul><\/div>\t\t\t\t\t<\/div>\n\t\t\t\t\t\t<\/div>\n\t\t\t\t<\/div>\n\t\t\t\t\t\t<\/div>\n\t\t\t\t\t<\/div>\n\t\t<\/div>\n\t\t\t\t\t\t\t\t<\/div>\n\t\t\t\t\t<\/div>\n\t\t<\/section>\n\t\t\t\t\t\t\t\t\t<\/div>\n\t\t\t<\/div>\n\t\t\t\t\t<\/div>\n\t\t","protected":false},"excerpt":{"rendered":"<p>Previous Next Allm\u00e4nt Den rekommenderade \u00e5ldern \u00e4r 7-15 \u00e5r. F\u00f6r \u00e4ldre juniorer h\u00e5lls golfskola p\u00e5 m\u00e5ndagar och f\u00f6r yngre p\u00e5 onsdagar, s\u00e5 att p\u00e5 m\u00e5ndagar kommer juniorer \u00f6ver 11\u00e5r och p\u00e5 onsdagar juniorer under 11 \u00e5r. Ingen tidigare erfarenhet av golf beh\u00f6vs \u00c5ldersgr\u00e4nsen \u00e4r inte absolut, och de som till exempel har spelat golf tidigare [&hellip;]<\/p>\n","protected":false},"author":2,"featured_media":0,"parent":2712,"menu_order":0,"comment_status":"closed","ping_status":"closed","template":"","meta":{"_expiration-date-status":"","_expiration-date":0,"_expiration-date-type":"","_expiration-date-categories":[],"_expiration-date-options":[]},"acf":[],"_links":{"self":[{"href":"https:\/\/vaasangolf.wptest02.vdk.fi\/sv\/wp-json\/wp\/v2\/pages\/2713"}],"collection":[{"href":"https:\/\/vaasangolf.wptest02.vdk.fi\/sv\/wp-json\/wp\/v2\/pages"}],"about":[{"href":"https:\/\/vaasangolf.wptest02.vdk.fi\/sv\/wp-json\/wp\/v2\/types\/page"}],"author":[{"embeddable":true,"href":"https:\/\/vaasangolf.wptest02.vdk.fi\/sv\/wp-json\/wp\/v2\/users\/2"}],"replies":[{"embeddable":true,"href":"https:\/\/vaasangolf.wptest02.vdk.fi\/sv\/wp-json\/wp\/v2\/comments?post=2713"}],"version-history":[{"count":15,"href":"https:\/\/vaasangolf.wptest02.vdk.fi\/sv\/wp-json\/wp\/v2\/pages\/2713\/revisions"}],"predecessor-version":[{"id":8837,"href":"https:\/\/vaasangolf.wptest02.vdk.fi\/sv\/wp-json\/wp\/v2\/pages\/2713\/revisions\/8837"}],"up":[{"embeddable":true,"href":"https:\/\/vaasangolf.wptest02.vdk.fi\/sv\/wp-json\/wp\/v2\/pages\/2712"}],"wp:attachment":[{"href":"https:\/\/vaasangolf.wptest02.vdk.fi\/sv\/wp-json\/wp\/v2\/media?parent=2713"}],"curies":[{"name":"wp","href":"https:\/\/api.w.org\/{rel}","templated":true}]}}