{"id":2714,"date":"2022-02-25T11:04:42","date_gmt":"2022-02-25T09:04:42","guid":{"rendered":"https:\/\/vaasangolf.wptest02.vdk.fi\/verksamhet\/komitten\/juniorkomitten\/hobbygolf\/"},"modified":"2023-08-11T10:14:49","modified_gmt":"2023-08-11T07:14:49","slug":"hobbygolf","status":"publish","type":"page","link":"https:\/\/vaasangolf.wptest02.vdk.fi\/sv\/verksamhet\/komitten\/juniorkomitten\/hobbygolf\/","title":{"rendered":"Hobbygolf"},"content":{"rendered":"<h4><strong>Allm\u00e4nt<\/strong><\/h4>\n<p>Hobbygruppen tr\u00e4nar 1-1,5h\/vecka under ledningen av Vasa Golfs instrukt\u00f6rer. Juniorerna f\u00e5r ocks\u00e5 instruktioner f\u00f6r att tr\u00e4na p\u00e5 egen hand och tanken \u00e4r att de spenderar minst tv\u00e5 dagar p\u00e5 golfbanans omr\u00e5de per vecka under sommaren (en g\u00e5ng under det instruerade tr\u00e4ningspasset och en g\u00e5ng p\u00e5 egen hand eller under uppsyn av en f\u00f6rmyndare).<\/p>\n<ul>\n<li>Den rekommenderade \u00e5ldern \u00e4r 7-15 \u00e5r.<\/li>\n<li>Som krav \u00e4r att junioren har greencard och \u00e4r medlem i Vasa Golf rf.\n<ul>\n<li>Mera information om medlemsans\u00f6kningen via denna\u00a0<a href=\"https:\/\/vag.nexgolf.fi\/vag\/dispatch.nxg?target=membershipApplication\">L\u00e4nk<\/a>\u00a0(nere p\u00e5 v\u00e4nstra sidans meny)<\/li>\n<li>Eller var i direkt kontakt med klubbens kontor:\u00a0<a href=\"mailto:toimisto@vag.fi\">toimisto(\u00e4t)vag.fi<\/a><\/li>\n<\/ul>\n<\/li>\n<li>Tanken \u00e4r att junioren har egna klubbor eller inom kort kommer att skaffa egna klubbor<\/li>\n<\/ul>\n<h4><strong>M\u00e5let f\u00f6r gruppen<\/strong><\/h4>\n<ul>\n<li>M\u00e5let \u00e4r att l\u00e4ra ut \u201dmeningen med golf\u201d och att visa hur man spelar golf p\u00e5 egen hand och i grupp.<\/li>\n<li>Viktigaste \u00e4r att barnen trivs och att de n\u00e5r framsteg samt f\u00e5r nya v\u00e4nner och motion.<\/li>\n<li>Ett m\u00e5l \u00e4r ocks\u00e5 att de f\u00e5r bekanta sig med att t\u00e4vla i golf (t.ex. via juniorernas veckot\u00e4vlingar eller\/och m\u00e4sterskapskst\u00e4vlingen) s\u00e5 att de sj\u00e4lv blir p\u00e5 det klara med ifall de mera g\u00e4rna forts\u00e4tter som hobbyspelare eller ifall de hellre skulle h\u00f6ra till en t\u00e4vlingsgrupp.<\/li>\n<\/ul>\n<h4><strong>Tidtabellen<\/strong><\/h4>\n<ul>\n<li>Ett detaljerat tr\u00e4ningsprogram delas ut via WhatsApp gruppen just f\u00f6re s\u00e4songen b\u00f6rjar.<\/li>\n<li>WhatsApp gruppernas medlemmar uppdateras enligt anm\u00e4lningarna d.v.s. f\u00f6rmyndarens och\/eller juniorens telefonnummer \u00e4r viktigt.<\/li>\n<li>Via WhatsApp gruppen kommer det ocks\u00e5 viktig information om nyheter p\u00e5 VaG hemsidan samt sista minuten information om en tr\u00e4ning avbokats p.g.a. v\u00e4dret (\u00e5ska\/skyfall) eller sjukdomsfall.<\/li>\n<li>Via gruppen ska ocks\u00e5 junioren eller f\u00f6rmyndaren meddela ifall man inte kan komma med p\u00e5 en viss tr\u00e4ning (meddelande senast 3h f\u00f6re tr\u00e4ning).<\/li>\n<\/ul>\n<h4><strong>Inneh\u00e5llet i tr\u00e4ningarna<\/strong><\/h4>\n<ul>\n<li>Tr\u00e4na p\u00e5 grundslagen i golf (full slag med olika klubbor, pitch, chip, puttning, bunker slag o.s.v.).<\/li>\n<li>L\u00e4r ut \u201cgolf som ett spel\u201d p\u00e5 allemansbanan d\u00e4r man tar sin egen och andras s\u00e4kerhet i beaktande.<\/li>\n<li>Tr\u00e4nar p\u00e5 att utveckla r\u00f6rligheten (kroppen) hos juniorerna samt tar i beaktande golfens specialbehov.<\/li>\n<li>L\u00e4r ut de vanligaste golfreglerna samt golf-etikett.<\/li>\n<\/ul>\n<h4><strong>Andra evenemang under \u00e5ret<\/strong><\/h4>\n<ul>\n<li>Juniorernas veckot\u00e4vlingar (juni-juli, mera information tillg\u00e4ngligt i\u00a0<a href=\"https:\/\/vaasangolf.wptest02.vdk.fi\/banan-2\/tavlingar\/?lang=sv\">t\u00e4vlingskalendern<\/a>\u00a0mot slutet av maj)<\/li>\n<li>Juniorernas m\u00e4sterskapst\u00e4vling (under augusti, mera information tillg\u00e4ngligt i\u00a0<a href=\"https:\/\/vaasangolf.wptest02.vdk.fi\/banan-2\/tavlingar\/?lang=sv\">t\u00e4vlingskalendern<\/a>\u00a0mot slutet av maj)<\/li>\n<li>M\u00f6jliga l\u00e4ger som ordnas under \u00e5ret (t.ex. nattl\u00e4gret d\u00e4r man spelar med\u00a0 sj\u00e4lvlysande bollar, eller en saml\u00e4ger med en annan klubb).<\/li>\n<li>Avslutningen (oftast varit i oktober, och d\u00e4r \u00e5rets b\u00e4sta juniorer bel\u00f6nas).<\/li>\n<\/ul>\n<h4><strong>Vad kostar det?<\/strong><\/h4>\n<p>Kostnadsuppbyggnaden \u00e4r f\u00f6ljande (priserna \u00e4r riktgivande):<\/p>\n<p><em>Sommars\u00e4songen (juni-oktober)<\/em><\/p>\n<ul>\n<li>Obligatoriska\n<ul>\n<li>Hobbygruppens instruerade tr\u00e4ningar (en g\u00e5ng i veckan): 120 \/ 100EUR<\/li>\n<li>VaG Rf f\u00f6reningens medlemsavgift (inkluderar f\u00f6rs\u00e4kring): 65EUR (betalas en g\u00e5ng i \u00e5ret, d.v.s. inte skillt f\u00f6r vinter och sommar s\u00e4songen)<\/li>\n<\/ul>\n<\/li>\n<li>Till\u00e4ggskostander\n<ul>\n<li>\u201cStora banan\u201d s\u00e4songsavgift: 95EUR (juniorer under 15 \u00e5r). Ger r\u00e4tten f\u00f6r junioren att boka tider och spela p\u00e5 3 x 9 h\u00e5ls banan s\u00e5 mycket man orkar.<\/li>\n<\/ul>\n<\/li>\n<li>Specialarrangemang f\u00f6r juniorerna\n<ul>\n<li>Allemansbanans betalningar: inkluderat ifall man \u00e4r med i hobbygruppen (normalt 7EUR per dag\/junior)<\/li>\n<li>En spelare i junior\u00e5lder beh\u00f6ver inte ha en VaG Ab golf aktie f\u00f6r att spela p\u00e5 \u201cstora banan\u201d. En s\u00e5n beh\u00f6vs dock sedan d\u00e5 man inte l\u00e4ngre \u00e4r en junior ifall man inte b\u00f6rjar spela genom att betala per g\u00e5ng man spelar (\u201cgreenfee\u201d). Det g\u00e5r dock att hyra en aktie av f\u00f6reningen eller p\u00e5 \u201cfria marknaden\u201d ocks\u00e5 och det brukar vara runt 150\u2026200EUR\/\u00e5r.<\/li>\n<li>En junior beh\u00f6ver inte betala anslutningsavgift d\u00e5 han blir medlem<\/li>\n<li>De som \u00e4r med i en hobbygrupp f\u00e5r avgiftsfritt spela juniorernas veckot\u00e4vling \u00e4ven ifall man inte betalat s\u00e4songsavgiften (95EUR) f\u00f6r stora banan. Veckot\u00e4vlingen spelas allts\u00e5 p\u00e5 den specifika veckans 9-h\u00e5ls bana.<\/li>\n<li>Ifall budgeten h\u00e5ller under \u00e5ret s\u00e5 beh\u00f6ver vi som oftast inte ta till\u00e4ggsavgifter f\u00f6r andra evenemang. D.v.s. veckot\u00e4vlingar, l\u00e4ger och avslutningen h\u00f6r d\u00e5 till hobbygruppspriset. Ifall vi n\u00e5got \u00e5r ordnar s\u00e5dana evenemang d\u00e4r det tillkommer till\u00e4ggsavgifter s\u00e5 meddelar vi det i samband med att man ska anm\u00e4la sig till dessa evenemang.<\/li>\n<\/ul>\n<\/li>\n<\/ul>\n<p><em>Vinters\u00e4songen (januari-maj)<\/em><\/p>\n<ul>\n<li>Obligatoriska\n<ul>\n<li>Hobbygruppens instruerade tr\u00e4ningar (en g\u00e5ng i veckan): 120 \/ 100EUR<\/li>\n<li>VaG Rf f\u00f6reningens medlemsavgift (inkluderar f\u00f6rs\u00e4kring): 65EUR (betalas en g\u00e5ng i \u00e5ret, d.v.s. inte skillt f\u00f6r vinter och sommar s\u00e4songen)<\/li>\n<\/ul>\n<\/li>\n<li>Till\u00e4ggskostander\n<ul>\n<li>Vinterhallens kostnad ifall man tr\u00e4nar d\u00e4r p\u00e5 egen tid (inneh\u00e5ller anv\u00e4nding av gymmet): 35EUR<\/li>\n<\/ul>\n<\/li>\n<li>Specialregler f\u00f6r juniorerna\n<ul>\n<li>Vinterhallens nyckel \u00e4r inkluderat ifall man \u00e4r med i en hobbygrupp<\/li>\n<\/ul>\n<\/li>\n<\/ul>\n<p>De som \u00e4r med i hobbygupperna b\u00f6r vara medlemmar i Vasa Golf klubb.<\/p>\n<h4><strong>Vilken utrustning beh\u00f6vs?<\/strong><\/h4>\n<ul>\n<li>I b\u00f6rjan klarar man sig utan egna klubbor men under s\u00e4songen b\u00f6r man skaffa egna. Begagnade set, som inneh\u00e5ller 5-6 klubbor, f\u00e5r man ofta f\u00f6r ca. 100EUR och nya juniorset (b\u00e4rbar) g\u00e5r av p\u00e5 ungef\u00e4r 200EUR.<\/li>\n<li>Ocks\u00e5 utrustning som bollar, pegg, golfhandske, greengaffel och bollmark\u00f6r \u00e4r bra att inf\u00f6rskaffa.<\/li>\n<li>Begagnade klubbor kan man hitta p\u00e5 VaG egen b\u00f6rs eller p\u00e5 GolfPiste b\u00f6rssen: <a href=\"https:\/\/golfpiste.com\/porssi\/\">Link<\/a>. Ett nytt sett kan man k\u00f6pa via v\u00e5r egen ProShop:\u00a0<a href=\"https:\/\/vaasangolf.wptest02.vdk.fi\/tjannster\/proshop\/?lang=sv\">Birdieman<\/a>.<\/li>\n<\/ul>\n<h4><strong>Vad \u00e4r n\u00e4sta steg efter att man varit med en s\u00e4song i gruppen?<\/strong><\/h4>\n<ul>\n<li>Junioren kan v\u00e4lja att vara flera s\u00e4songer i hobbygruppen eller s\u00e5 kan man v\u00e4lja att g\u00e5 med i en av t\u00e4vlingsgrupperna. Att komma med i en t\u00e4vlingsgrupp kr\u00e4ver f\u00f6ljande:\n<ul>\n<li>Junioren m\u00e5ste sj\u00e4lv vara motiverad att utveklas (r\u00e4cker inte att pappa\/mamma \u00e4r det). Det kr\u00e4ver att junioren sj\u00e4lv pratar med huvudtr\u00e4naren (Nyl\u00e9n).<\/li>\n<li>HCP m\u00e5ste kunna s\u00e4nkas under 45 (eller i n\u00e4rheten)<\/li>\n<li>Man b\u00f6r vara redo att t\u00e4vla (med i minst 50% av juniorernas veckot\u00e4vlingar + med i tv\u00e5 av Golff\u00f6rbundets Future Tour delt\u00e4vlingar + med i Juniorm\u00e4sterskapet)<\/li>\n<\/ul>\n<\/li>\n<li>Man kan ocks\u00e5 v\u00e4lja att b\u00f6rja spela golf p\u00e5 egen hand eller med v\u00e4nner och familj enligt eget tycke.<\/li>\n<\/ul>\n<h4><strong>Till\u00e4ggsinformation<\/strong><\/h4>\n<p>Mats Fors\u00e9n:\u00a0<a href=\"mailto:forsen.mats@gmail.com\">forsen.mats@gmail.com<\/a>\u00a0eller 040 4820412.<\/p>\n","protected":false},"excerpt":{"rendered":"<p>Allm\u00e4nt Hobbygruppen tr\u00e4nar 1-1,5h\/vecka under ledningen av Vasa Golfs instrukt\u00f6rer. Juniorerna f\u00e5r ocks\u00e5 instruktioner f\u00f6r att tr\u00e4na p\u00e5 egen hand och tanken \u00e4r att de spenderar minst tv\u00e5 dagar p\u00e5 golfbanans omr\u00e5de per vecka under sommaren (en g\u00e5ng under det instruerade tr\u00e4ningspasset och en g\u00e5ng p\u00e5 egen hand eller under uppsyn av en f\u00f6rmyndare). Den [&hellip;]<\/p>\n","protected":false},"author":2,"featured_media":0,"parent":2712,"menu_order":0,"comment_status":"closed","ping_status":"closed","template":"","meta":{"_expiration-date-status":"","_expiration-date":0,"_expiration-date-type":"","_expiration-date-categories":[],"_expiration-date-options":[]},"acf":[],"_links":{"self":[{"href":"https:\/\/vaasangolf.wptest02.vdk.fi\/sv\/wp-json\/wp\/v2\/pages\/2714"}],"collection":[{"href":"https:\/\/vaasangolf.wptest02.vdk.fi\/sv\/wp-json\/wp\/v2\/pages"}],"about":[{"href":"https:\/\/vaasangolf.wptest02.vdk.fi\/sv\/wp-json\/wp\/v2\/types\/page"}],"author":[{"embeddable":true,"href":"https:\/\/vaasangolf.wptest02.vdk.fi\/sv\/wp-json\/wp\/v2\/users\/2"}],"replies":[{"embeddable":true,"href":"https:\/\/vaasangolf.wptest02.vdk.fi\/sv\/wp-json\/wp\/v2\/comments?post=2714"}],"version-history":[{"count":9,"href":"https:\/\/vaasangolf.wptest02.vdk.fi\/sv\/wp-json\/wp\/v2\/pages\/2714\/revisions"}],"predecessor-version":[{"id":8892,"href":"https:\/\/vaasangolf.wptest02.vdk.fi\/sv\/wp-json\/wp\/v2\/pages\/2714\/revisions\/8892"}],"up":[{"embeddable":true,"href":"https:\/\/vaasangolf.wptest02.vdk.fi\/sv\/wp-json\/wp\/v2\/pages\/2712"}],"wp:attachment":[{"href":"https:\/\/vaasangolf.wptest02.vdk.fi\/sv\/wp-json\/wp\/v2\/media?parent=2714"}],"curies":[{"name":"wp","href":"https:\/\/api.w.org\/{rel}","templated":true}]}}