{"id":2715,"date":"2022-02-25T11:05:48","date_gmt":"2022-02-25T09:05:48","guid":{"rendered":"https:\/\/vaasangolf.wptest02.vdk.fi\/verksamhet\/komitten\/juniorkomitten\/tavlingsgolf\/"},"modified":"2023-07-19T12:20:33","modified_gmt":"2023-07-19T09:20:33","slug":"tavlingsgolf","status":"publish","type":"page","link":"https:\/\/vaasangolf.wptest02.vdk.fi\/sv\/verksamhet\/komitten\/juniorkomitten\/tavlingsgolf\/","title":{"rendered":"T\u00e4vlingsgolf"},"content":{"rendered":"<div id=\"content\" class=\"grid col-700 fit right\">\n<article class=\"entry\">\n<div class=\"post-entry\">\n<p>Sommars\u00e4songen 2023 \u00e4r i g\u00e5ng f\u00f6r t\u00e4vlingsgrupperna.<\/p>\n<h4>Kort om verksamheten<\/h4>\n<p>I t\u00e4vlingsgrupperna tr\u00e4nar och t\u00e4vlar spelarna mera \u00e4n vad exempelvis hobbygrupperna g\u00f6r. Spelarna ska dessutom tr\u00e4na sj\u00e4lvst\u00e4ndigt under sommaren p\u00e5 klubbens olika omr\u00e5den. Spelarna t\u00e4vlar i lokala och nationella Finlands Golff\u00f6rbunds t\u00e4vlingar. Spelarna i t\u00e4vlingsgrupperna har m\u00f6jlighet att skriva ett spelarkontrakt, som m\u00f6jligg\u00f6r att f\u00e5 st\u00f6d till t\u00e4vlingskostnader fr\u00e5n Vasa Golf.<\/p>\n<p>T\u00e4vlingsgruppernas sommars\u00e4song \u00e4r p\u00e5g\u00e5ng just nu. Om du \u00e4r intresserad av t\u00e4vlingsgrupper eller vill ha mera information hittar du kontaktuppgifter nere p\u00e5 sidan.<\/p>\n<\/div>\n<\/article>\n<\/div>\n<div id=\"sidebar-left\" class=\"sidebar grid col-220 right\">\n<div id=\"gpsubmenu-2\" class=\"widget-wrapper grid widget_gpsubmenu col-940 t-col-940\">\n<div class=\"widget-inner\">\n<div class=\"menu-paavalikko-ruotsi-container\">\n<h4>M\u00e5l<\/h4>\n<ul>\n<li>F\u00f6r att delta i en t\u00e4vlingsgrupp kr\u00e4vs handicap &lt; 40.<\/li>\n<li>Spelarna i t\u00e4vlingsgrupperna tr\u00e4nar och t\u00e4vlar under sommaren.<\/li>\n<li>Spelarna uppmanas delta i \u00e5tminstone fyra juniorveckot\u00e4vlingar, juniorernas Vasa M\u00e4sterskap samt tv\u00e5 av golff\u00f6rbundets t\u00e4vlingar.<\/li>\n<li>M\u00e5let \u00e4r att utvecklas som spelare och idrottare.<\/li>\n<li>Juniorerna i t\u00e4vlingsgrupperna ska vara m\u00e5lmedvetna. M\u00e5len ses i genom varje s\u00e4song och uppdateras vid behov.<\/li>\n<li>Under tr\u00e4ningarna \u00e4r fokus p\u00e5 slagteknik samt n\u00e4rspel och man f\u00f6rs\u00f6ker utveckla juniorernas t\u00e4vlingsanda.<\/li>\n<\/ul>\n<h4>Tidtabell och kommunikation<\/h4>\n<ul>\n<li>S\u00e4songens tr\u00e4ningsprogram utdelas via Whatsapp till juniorerna.<\/li>\n<li>Via whatsapp kan tr\u00e4narna kontakta spelarna, ifall tr\u00e4ningarna m\u00e5ste inhiberas t.ex. p\u00e5 grund av d\u00e5ligt v\u00e4der eller sjukdom.<\/li>\n<li>Till gruppen meddelas \u00e4ven om spelaren inte kan delta p\u00e5 tr\u00e4ningarna.<\/li>\n<\/ul>\n<h4>Inneh\u00e5ll<\/h4>\n<ul>\n<li data-leveltext=\"-\" data-font=\"Calibri\" data-listid=\"18\" data-list-defn-props=\"{&quot;335552541&quot;:1,&quot;335559684&quot;:-2,&quot;335559685&quot;:720,&quot;335559991&quot;:360,&quot;469769226&quot;:&quot;Calibri&quot;,&quot;469769242&quot;:[8226],&quot;469777803&quot;:&quot;left&quot;,&quot;469777804&quot;:&quot;-&quot;,&quot;469777815&quot;:&quot;hybridMultilevel&quot;}\" aria-setsize=\"-1\" data-aria-posinset=\"2\" data-aria-level=\"1\">Tema f\u00f6r tr\u00e4ningarna \u00e4r slag, n\u00e4rspel eller spel. P\u00e5 vintern \u00e4r fokus mera p\u00e5 slagteknik och p\u00e5 sommaren mera n\u00e4rspel och olika spel\u00f6vningar. P\u00e5 sommaren \u00e4r slagtr\u00e4ningarnas fokus p\u00e5 kontroll av hur bollen flyger.\u00a0 Av t\u00e4vlingsgruppens juniorer f\u00f6rv\u00e4ntas att de sj\u00e4lvst\u00e4ndigt tr\u00e4nar och spelar minst en g\u00e5ng i veckan under vinters\u00e4songen och minst tre g\u00e5nger i veckan under sommars\u00e4songen.<\/li>\n<li data-leveltext=\"-\" data-font=\"Calibri\" data-listid=\"18\" data-list-defn-props=\"{&quot;335552541&quot;:1,&quot;335559684&quot;:-2,&quot;335559685&quot;:720,&quot;335559991&quot;:360,&quot;469769226&quot;:&quot;Calibri&quot;,&quot;469769242&quot;:[8226],&quot;469777803&quot;:&quot;left&quot;,&quot;469777804&quot;:&quot;-&quot;,&quot;469777815&quot;:&quot;hybridMultilevel&quot;}\" aria-setsize=\"-1\" data-aria-posinset=\"2\" data-aria-level=\"1\">Juniorerna i t\u00e4vlingsgrupperna har m\u00f6jlighet att f\u00e5 lektioner av Jonathan Nyl\u00e9n till ett nedsatt pris.<\/li>\n<li data-leveltext=\"-\" data-font=\"Calibri\" data-listid=\"18\" data-list-defn-props=\"{&quot;335552541&quot;:1,&quot;335559684&quot;:-2,&quot;335559685&quot;:720,&quot;335559991&quot;:360,&quot;469769226&quot;:&quot;Calibri&quot;,&quot;469769242&quot;:[8226],&quot;469777803&quot;:&quot;left&quot;,&quot;469777804&quot;:&quot;-&quot;,&quot;469777815&quot;:&quot;hybridMultilevel&quot;}\" aria-setsize=\"-1\" data-aria-posinset=\"2\" data-aria-level=\"1\">Ungdomarnas t\u00e4vlingsgrupp har i samband med onsdagstr\u00e4ningen en tv\u00e5 timmars grupptr\u00e4ning under somrarna.<\/li>\n<li data-leveltext=\"-\" data-font=\"Calibri\" data-listid=\"18\" data-list-defn-props=\"{&quot;335552541&quot;:1,&quot;335559684&quot;:-2,&quot;335559685&quot;:720,&quot;335559991&quot;:360,&quot;469769226&quot;:&quot;Calibri&quot;,&quot;469769242&quot;:[8226],&quot;469777803&quot;:&quot;left&quot;,&quot;469777804&quot;:&quot;-&quot;,&quot;469777815&quot;:&quot;hybridMultilevel&quot;}\" aria-setsize=\"-1\" data-aria-posinset=\"2\" data-aria-level=\"1\">Golff\u00f6rbundets n\u00e4rspeltest g\u00f6rs ca en g\u00e5ng i m\u00e5naden under sommaren.<\/li>\n<\/ul>\n<h4>Andra tillf\u00e4llen under \u00e5ret<\/h4>\n<ul>\n<li data-leveltext=\"-\" data-font=\"Calibri\" data-listid=\"22\" data-list-defn-props=\"{&quot;335552541&quot;:1,&quot;335559684&quot;:-2,&quot;335559685&quot;:720,&quot;335559991&quot;:360,&quot;469769226&quot;:&quot;Calibri&quot;,&quot;469769242&quot;:[8226],&quot;469777803&quot;:&quot;left&quot;,&quot;469777804&quot;:&quot;-&quot;,&quot;469777815&quot;:&quot;hybridMultilevel&quot;}\" aria-setsize=\"-1\" data-aria-posinset=\"2\" data-aria-level=\"1\">I slutet av s\u00e4songen ordnas ett l\u00e4ger i avslappnad st\u00e4mning p\u00e5 banan, som inneh\u00e5ller olika t\u00e4vlingar och golf med lysande bollar p\u00e5 kv\u00e4llen.<\/li>\n<li data-leveltext=\"-\" data-font=\"Calibri\" data-listid=\"22\" data-list-defn-props=\"{&quot;335552541&quot;:1,&quot;335559684&quot;:-2,&quot;335559685&quot;:720,&quot;335559991&quot;:360,&quot;469769226&quot;:&quot;Calibri&quot;,&quot;469769242&quot;:[8226],&quot;469777803&quot;:&quot;left&quot;,&quot;469777804&quot;:&quot;-&quot;,&quot;469777815&quot;:&quot;hybridMultilevel&quot;}\" aria-setsize=\"-1\" data-aria-posinset=\"2\" data-aria-level=\"1\">S\u00e4songsavslutning, d\u00e4r de framg\u00e5ngsrikaste juniorerna prisbel\u00f6nas.<\/li>\n<\/ul>\n<h4>Avgifter<\/h4>\n<ul>\n<li data-leveltext=\"-\" data-font=\"Calibri\" data-listid=\"24\" data-list-defn-props=\"{&quot;335552541&quot;:1,&quot;335559684&quot;:-2,&quot;335559685&quot;:720,&quot;335559991&quot;:360,&quot;469769226&quot;:&quot;Calibri&quot;,&quot;469769242&quot;:[8226],&quot;469777803&quot;:&quot;left&quot;,&quot;469777804&quot;:&quot;-&quot;,&quot;469777815&quot;:&quot;hybridMultilevel&quot;}\" aria-setsize=\"-1\" data-aria-posinset=\"1\" data-aria-level=\"1\">Priset f\u00f6r t\u00e4vlingsgrupperna \u00e4r ca 200 \u20ac per s\u00e4song.<\/li>\n<\/ul>\n<h4>Spelarkontrakt<\/h4>\n<ul>\n<li data-leveltext=\"-\" data-font=\"Calibri\" data-listid=\"25\" data-list-defn-props=\"{&quot;335552541&quot;:1,&quot;335559684&quot;:-2,&quot;335559685&quot;:720,&quot;335559991&quot;:360,&quot;469769226&quot;:&quot;Calibri&quot;,&quot;469769242&quot;:[8226],&quot;469777803&quot;:&quot;left&quot;,&quot;469777804&quot;:&quot;-&quot;,&quot;469777815&quot;:&quot;hybridMultilevel&quot;}\" aria-setsize=\"-1\" data-aria-posinset=\"2\" data-aria-level=\"1\">Spelarna har m\u00f6jlighet att skriva ett spelarkontrakt.<\/li>\n<li data-leveltext=\"-\" data-font=\"Calibri\" data-listid=\"25\" data-list-defn-props=\"{&quot;335552541&quot;:1,&quot;335559684&quot;:-2,&quot;335559685&quot;:720,&quot;335559991&quot;:360,&quot;469769226&quot;:&quot;Calibri&quot;,&quot;469769242&quot;:[8226],&quot;469777803&quot;:&quot;left&quot;,&quot;469777804&quot;:&quot;-&quot;,&quot;469777815&quot;:&quot;hybridMultilevel&quot;}\" aria-setsize=\"-1\" data-aria-posinset=\"2\" data-aria-level=\"1\">Vasa Golf rf. st\u00f6der egna medlemmar, som deltar i Finlands Golff\u00f6rbunds tourer eller deltar i t\u00e4vlingar p\u00e5 FM-niv\u00e5. Det ekonomiska st\u00f6det riktar sig mot avgifter som uppst\u00e5r i samband med t\u00e4vlingar (deltagaravgifter, osv). T\u00e4vlingsm\u00e4ngderna har stigit och det deltar allt fler spelare i samma t\u00e4vlingar. D\u00e4rmed har f\u00f6reningen i forts\u00e4ttningen begr\u00e4nsade m\u00f6jligheter att st\u00f6da spelare.<\/li>\n<li data-leveltext=\"-\" data-font=\"Calibri\" data-listid=\"25\" data-list-defn-props=\"{&quot;335552541&quot;:1,&quot;335559684&quot;:-2,&quot;335559685&quot;:720,&quot;335559991&quot;:360,&quot;469769226&quot;:&quot;Calibri&quot;,&quot;469769242&quot;:[8226],&quot;469777803&quot;:&quot;left&quot;,&quot;469777804&quot;:&quot;-&quot;,&quot;469777815&quot;:&quot;hybridMultilevel&quot;}\" aria-setsize=\"-1\" data-aria-posinset=\"2\" data-aria-level=\"1\">Vi vill s\u00e4kerst\u00e4lla, att alla Vasa Golf medlemmar har samma m\u00f6jligheter att f\u00e5 ekonomiskt st\u00f6d f\u00f6r t\u00e4vlingsverksamhet. Av denna orsak utvecklar vi v\u00e5ra handlinggs\u00e4tt ang\u00e5ende st\u00f6den och vi vill klarg\u00f6ra n\u00e4r det \u00e4r m\u00f6jligt att f\u00e5 st\u00f6d och vad som f\u00f6rv\u00e4ntas av spelaren sj\u00e4lv. Vi erbjuder och utvecklar spelarnas m\u00f6jlighet att g\u00f6ra &#8221;talkoarbete&#8221; ett visst antal timmar i utbyte mot st\u00f6d.<\/li>\n<\/ul>\n<h4>Golfjuniorernas stig<\/h4>\n<ul>\n<li data-leveltext=\"-\" data-font=\"Calibri\" data-listid=\"28\" data-list-defn-props=\"{&quot;335552541&quot;:1,&quot;335559684&quot;:-2,&quot;335559685&quot;:720,&quot;335559991&quot;:360,&quot;469769226&quot;:&quot;Calibri&quot;,&quot;469769242&quot;:[8226],&quot;469777803&quot;:&quot;left&quot;,&quot;469777804&quot;:&quot;-&quot;,&quot;469777815&quot;:&quot;hybridMultilevel&quot;}\" aria-setsize=\"-1\" data-aria-posinset=\"3\" data-aria-level=\"1\"><span data-contrast=\"auto\">L\u00e4nk p\u00e5 kommande.<\/span><span data-ccp-props=\"{&quot;134233117&quot;:false,&quot;134233118&quot;:false,&quot;201341983&quot;:0,&quot;335559738&quot;:0,&quot;335559739&quot;:0,&quot;335559740&quot;:259}\">\u00a0<\/span><\/li>\n<\/ul>\n<h4>Mer information<\/h4>\n<ul>\n<li data-leveltext=\"-\" data-font=\"Calibri\" data-listid=\"29\" data-list-defn-props=\"{&quot;335552541&quot;:1,&quot;335559684&quot;:-2,&quot;335559685&quot;:720,&quot;335559991&quot;:360,&quot;469769226&quot;:&quot;Calibri&quot;,&quot;469769242&quot;:[8226],&quot;469777803&quot;:&quot;left&quot;,&quot;469777804&quot;:&quot;-&quot;,&quot;469777815&quot;:&quot;hybridMultilevel&quot;}\" aria-setsize=\"-1\" data-aria-posinset=\"1\" data-aria-level=\"1\"><span data-contrast=\"auto\">Jonathan Nyl<\/span><span data-contrast=\"auto\">\u00e9<\/span><span data-contrast=\"auto\">n | jonathan@jngolf.fi<\/span><span data-ccp-props=\"{&quot;134233117&quot;:false,&quot;134233118&quot;:false,&quot;201341983&quot;:0,&quot;335559738&quot;:0,&quot;335559739&quot;:0,&quot;335559740&quot;:259}\">\u00a0<\/span><\/li>\n<\/ul>\n<\/div>\n<\/div>\n<\/div>\n<\/div>\n","protected":false},"excerpt":{"rendered":"<p>Sommars\u00e4songen 2023 \u00e4r i g\u00e5ng f\u00f6r t\u00e4vlingsgrupperna. Kort om verksamheten I t\u00e4vlingsgrupperna tr\u00e4nar och t\u00e4vlar spelarna mera \u00e4n vad exempelvis hobbygrupperna g\u00f6r. Spelarna ska dessutom tr\u00e4na sj\u00e4lvst\u00e4ndigt under sommaren p\u00e5 klubbens olika omr\u00e5den. Spelarna t\u00e4vlar i lokala och nationella Finlands Golff\u00f6rbunds t\u00e4vlingar. Spelarna i t\u00e4vlingsgrupperna har m\u00f6jlighet att skriva ett spelarkontrakt, som m\u00f6jligg\u00f6r att f\u00e5 [&hellip;]<\/p>\n","protected":false},"author":2,"featured_media":0,"parent":2712,"menu_order":0,"comment_status":"closed","ping_status":"closed","template":"","meta":{"_expiration-date-status":"","_expiration-date":0,"_expiration-date-type":"","_expiration-date-categories":[],"_expiration-date-options":[]},"acf":[],"_links":{"self":[{"href":"https:\/\/vaasangolf.wptest02.vdk.fi\/sv\/wp-json\/wp\/v2\/pages\/2715"}],"collection":[{"href":"https:\/\/vaasangolf.wptest02.vdk.fi\/sv\/wp-json\/wp\/v2\/pages"}],"about":[{"href":"https:\/\/vaasangolf.wptest02.vdk.fi\/sv\/wp-json\/wp\/v2\/types\/page"}],"author":[{"embeddable":true,"href":"https:\/\/vaasangolf.wptest02.vdk.fi\/sv\/wp-json\/wp\/v2\/users\/2"}],"replies":[{"embeddable":true,"href":"https:\/\/vaasangolf.wptest02.vdk.fi\/sv\/wp-json\/wp\/v2\/comments?post=2715"}],"version-history":[{"count":7,"href":"https:\/\/vaasangolf.wptest02.vdk.fi\/sv\/wp-json\/wp\/v2\/pages\/2715\/revisions"}],"predecessor-version":[{"id":8604,"href":"https:\/\/vaasangolf.wptest02.vdk.fi\/sv\/wp-json\/wp\/v2\/pages\/2715\/revisions\/8604"}],"up":[{"embeddable":true,"href":"https:\/\/vaasangolf.wptest02.vdk.fi\/sv\/wp-json\/wp\/v2\/pages\/2712"}],"wp:attachment":[{"href":"https:\/\/vaasangolf.wptest02.vdk.fi\/sv\/wp-json\/wp\/v2\/media?parent=2715"}],"curies":[{"name":"wp","href":"https:\/\/api.w.org\/{rel}","templated":true}]}}