{"id":2716,"date":"2022-02-25T11:07:16","date_gmt":"2022-02-25T09:07:16","guid":{"rendered":"https:\/\/vaasangolf.wptest02.vdk.fi\/verksamhet\/komitten\/bankomitten\/"},"modified":"2023-10-10T16:03:13","modified_gmt":"2023-10-10T13:03:13","slug":"bankomitten","status":"publish","type":"page","link":"https:\/\/vaasangolf.wptest02.vdk.fi\/sv\/verksamhet\/komitten\/bankomitten\/","title":{"rendered":"Bankommitt\u00e9n"},"content":{"rendered":"<p><strong>Kommit\u00e9ns medlemmar:<\/strong><\/p>\n<p>&nbsp;<\/p>\n<p><em><strong>Ordf\u00f6rande<\/strong><\/em><\/p>\n<p>Mika M\u00e4kisalo<br \/>\n050 3395660<br \/>\nmika.makisalo@gmail.com<\/p>\n<p>&nbsp;<\/p>\n<ul>\n<li>Jarmo Uutela<\/li>\n<li>0400 269 543<\/li>\n<li>jarmo.uutela14@gmail.com<\/li>\n<\/ul>\n<p>&nbsp;<\/p>\n<ul>\n<li>Joakim Hautala<\/li>\n<li>0400 588685<\/li>\n<li>joakim.hautala@gmail.com<\/li>\n<\/ul>\n<p>&nbsp;<\/p>\n<ul>\n<li>Marko Ruutiainen<\/li>\n<li>050 3876363<\/li>\n<li>marko.ruutiainen@netikka.fi<\/li>\n<\/ul>\n<p>&nbsp;<\/p>\n<ul>\n<li>Juha Saranp\u00e4\u00e4<\/li>\n<li>050 588 4444<\/li>\n<li>j.saranpaa@gmail.com<\/li>\n<\/ul>\n<p>&nbsp;<\/p>\n<ul>\n<li>Tea Haavisto<\/li>\n<li>040 5489525<\/li>\n<li>tea.haavisto@netikka.fi<\/li>\n<\/ul>\n<p>&nbsp;<\/p>\n<ul>\n<li>Arto Sirvi\u00f6<\/li>\n<li>0400 595432<\/li>\n<li>arto.sirvio@vag.fi<\/li>\n<\/ul>\n<p>&nbsp;<\/p>\n<p>&nbsp;<\/p>\n<p>&nbsp;<\/p>\n","protected":false},"excerpt":{"rendered":"<p>Kommit\u00e9ns medlemmar: &nbsp; Ordf\u00f6rande Mika M\u00e4kisalo 050 3395660 mika.makisalo@gmail.com &nbsp; Jarmo Uutela 0400 269 543 jarmo.uutela14@gmail.com &nbsp; Joakim Hautala 0400 588685 joakim.hautala@gmail.com &nbsp; Marko Ruutiainen 050 3876363 marko.ruutiainen@netikka.fi &nbsp; Juha Saranp\u00e4\u00e4 050 588 4444 j.saranpaa@gmail.com &nbsp; Tea Haavisto 040 5489525 tea.haavisto@netikka.fi &nbsp; Arto Sirvi\u00f6 0400 595432 arto.sirvio@vag.fi &nbsp; &nbsp; &nbsp;<\/p>\n","protected":false},"author":2,"featured_media":0,"parent":2631,"menu_order":0,"comment_status":"closed","ping_status":"closed","template":"","meta":{"_expiration-date-status":"","_expiration-date":0,"_expiration-date-type":"","_expiration-date-categories":[],"_expiration-date-options":[]},"acf":[],"_links":{"self":[{"href":"https:\/\/vaasangolf.wptest02.vdk.fi\/sv\/wp-json\/wp\/v2\/pages\/2716"}],"collection":[{"href":"https:\/\/vaasangolf.wptest02.vdk.fi\/sv\/wp-json\/wp\/v2\/pages"}],"about":[{"href":"https:\/\/vaasangolf.wptest02.vdk.fi\/sv\/wp-json\/wp\/v2\/types\/page"}],"author":[{"embeddable":true,"href":"https:\/\/vaasangolf.wptest02.vdk.fi\/sv\/wp-json\/wp\/v2\/users\/2"}],"replies":[{"embeddable":true,"href":"https:\/\/vaasangolf.wptest02.vdk.fi\/sv\/wp-json\/wp\/v2\/comments?post=2716"}],"version-history":[{"count":8,"href":"https:\/\/vaasangolf.wptest02.vdk.fi\/sv\/wp-json\/wp\/v2\/pages\/2716\/revisions"}],"predecessor-version":[{"id":9325,"href":"https:\/\/vaasangolf.wptest02.vdk.fi\/sv\/wp-json\/wp\/v2\/pages\/2716\/revisions\/9325"}],"up":[{"embeddable":true,"href":"https:\/\/vaasangolf.wptest02.vdk.fi\/sv\/wp-json\/wp\/v2\/pages\/2631"}],"wp:attachment":[{"href":"https:\/\/vaasangolf.wptest02.vdk.fi\/sv\/wp-json\/wp\/v2\/media?parent=2716"}],"curies":[{"name":"wp","href":"https:\/\/api.w.org\/{rel}","templated":true}]}}