{"id":2717,"date":"2022-02-25T11:08:19","date_gmt":"2022-02-25T09:08:19","guid":{"rendered":"https:\/\/vaasangolf.wptest02.vdk.fi\/verksamhet\/komitten\/herrkomitten\/"},"modified":"2023-10-10T16:04:37","modified_gmt":"2023-10-10T13:04:37","slug":"herrkomitten","status":"publish","type":"page","link":"https:\/\/vaasangolf.wptest02.vdk.fi\/sv\/verksamhet\/komitten\/herrkomitten\/","title":{"rendered":"Klubbkommit\u00e9n"},"content":{"rendered":"<p>Klubbkommit\u00e9ns m\u00e5l \u00e4r att f\u00f6rb\u00e4ttra golfbanans- och klubbens allm\u00e4na utseende, skapa en b\u00e4ttre gemenskap och bl\u00e5sa liv i klubbkulturen.<\/p>\n<p>&nbsp;<\/p>\n<p>Kommit\u00e9ns medlemmar:<\/p>\n<p><em><strong>Ordf\u00f6rande<\/strong><\/em><br \/>\nJuha Saranp\u00e4\u00e4<br \/>\n050 588 4444<br \/>\nj.saranpaa@gmail.com<\/p>\n<p>&nbsp;<\/p>\n<ul>\n<li>Esa Penjala<\/li>\n<li>050 5405886<\/li>\n<li>epenjala@gmail.com<\/li>\n<\/ul>\n<p>&nbsp;<\/p>\n<ul>\n<li>Vesa Piilikangas<\/li>\n<li>040-528 7519<\/li>\n<li>44pvellu@gmail.com<\/li>\n<\/ul>\n<p>&nbsp;<\/p>\n<ul>\n<li>Taru Ruutiainen<\/li>\n<li>050 4392497<\/li>\n<li>taru.ruutiainen@netikka.fi<\/li>\n<\/ul>\n<p>&nbsp;<\/p>\n<ul>\n<li>Martin Hemming<\/li>\n<li>050 5711683<\/li>\n<li>bmartin.hemming@gmail.com<\/li>\n<\/ul>\n<p>&nbsp;<\/p>\n<ul>\n<li>Mikko Aho<\/li>\n<li>0400 588289<\/li>\n<li>mikko@jeesi.fi<\/li>\n<\/ul>\n","protected":false},"excerpt":{"rendered":"<p>Klubbkommit\u00e9ns m\u00e5l \u00e4r att f\u00f6rb\u00e4ttra golfbanans- och klubbens allm\u00e4na utseende, skapa en b\u00e4ttre gemenskap och bl\u00e5sa liv i klubbkulturen. &nbsp; Kommit\u00e9ns medlemmar: Ordf\u00f6rande Juha Saranp\u00e4\u00e4 050 588 4444 j.saranpaa@gmail.com &nbsp; Esa Penjala 050 5405886 epenjala@gmail.com &nbsp; Vesa Piilikangas 040-528 7519 44pvellu@gmail.com &nbsp; Taru Ruutiainen 050 4392497 taru.ruutiainen@netikka.fi &nbsp; Martin Hemming 050 5711683 bmartin.hemming@gmail.com &nbsp; Mikko [&hellip;]<\/p>\n","protected":false},"author":2,"featured_media":0,"parent":2631,"menu_order":0,"comment_status":"closed","ping_status":"closed","template":"","meta":{"_expiration-date-status":"","_expiration-date":0,"_expiration-date-type":"","_expiration-date-categories":[],"_expiration-date-options":[]},"acf":[],"_links":{"self":[{"href":"https:\/\/vaasangolf.wptest02.vdk.fi\/sv\/wp-json\/wp\/v2\/pages\/2717"}],"collection":[{"href":"https:\/\/vaasangolf.wptest02.vdk.fi\/sv\/wp-json\/wp\/v2\/pages"}],"about":[{"href":"https:\/\/vaasangolf.wptest02.vdk.fi\/sv\/wp-json\/wp\/v2\/types\/page"}],"author":[{"embeddable":true,"href":"https:\/\/vaasangolf.wptest02.vdk.fi\/sv\/wp-json\/wp\/v2\/users\/2"}],"replies":[{"embeddable":true,"href":"https:\/\/vaasangolf.wptest02.vdk.fi\/sv\/wp-json\/wp\/v2\/comments?post=2717"}],"version-history":[{"count":6,"href":"https:\/\/vaasangolf.wptest02.vdk.fi\/sv\/wp-json\/wp\/v2\/pages\/2717\/revisions"}],"predecessor-version":[{"id":9326,"href":"https:\/\/vaasangolf.wptest02.vdk.fi\/sv\/wp-json\/wp\/v2\/pages\/2717\/revisions\/9326"}],"up":[{"embeddable":true,"href":"https:\/\/vaasangolf.wptest02.vdk.fi\/sv\/wp-json\/wp\/v2\/pages\/2631"}],"wp:attachment":[{"href":"https:\/\/vaasangolf.wptest02.vdk.fi\/sv\/wp-json\/wp\/v2\/media?parent=2717"}],"curies":[{"name":"wp","href":"https:\/\/api.w.org\/{rel}","templated":true}]}}