{"id":2718,"date":"2022-02-25T11:10:42","date_gmt":"2022-02-25T09:10:42","guid":{"rendered":"https:\/\/vaasangolf.wptest02.vdk.fi\/verksamhet\/komitten\/damkomitten\/"},"modified":"2023-05-03T13:04:16","modified_gmt":"2023-05-03T10:04:16","slug":"damkomitten","status":"publish","type":"page","link":"https:\/\/vaasangolf.wptest02.vdk.fi\/sv\/verksamhet\/komitten\/damkomitten\/","title":{"rendered":"Damkommitt\u00e9n"},"content":{"rendered":"<p><strong>Ordf\u00f6rande<\/strong><br \/>\nPiritta Kuoppala<br \/>\npiritta.kuoppala@gmail.com<br \/>\n050 514 6310<\/p>\n<p><strong>Damkommit\u00e9ns kontaktuppgifter;<\/strong><\/p>\n<table width=\"290\">\n<tbody>\n<tr>\n<td width=\"145\">Patama Katriina Ladykapten<\/td>\n<td width=\"145\">t. 040 543 1633<\/td>\n<\/tr>\n<tr>\n<td>Kamila Sari<\/td>\n<td>t. 0400 900 190<\/td>\n<\/tr>\n<tr>\n<td>Kivel\u00e4 Sari<\/td>\n<td>t. 040 515 1855<\/td>\n<\/tr>\n<tr>\n<td>Jokiranta Pauliina<\/td>\n<td>t. 050 328 6904<\/td>\n<\/tr>\n<tr>\n<td>Korpi Elina<\/td>\n<td>t. 040 569 1808<\/td>\n<\/tr>\n<tr>\n<td>Finne Maj-Britt<\/td>\n<td><\/td>\n<\/tr>\n<tr>\n<td>Annelin-Kurkela Minna<\/td>\n<td><\/td>\n<\/tr>\n<tr>\n<td><\/td>\n<td><\/td>\n<\/tr>\n<\/tbody>\n<\/table>\n<p>&nbsp;<\/p>\n<p><strong><a href=\"https:\/\/vaasangolf.wptest02.vdk.fi\/wp-content\/uploads\/2023\/05\/Kausi-info-2023-NAISET.pdf\" target=\"_blank\" rel=\"noopener\">Kausi-info 2023 NAISET<\/a><\/strong><\/p>\n<p>E-mail; vaasangolfnaiset@gmail.com<\/p>\n<p><strong>F\u00f6reningsdomare;<\/strong><\/p>\n<p>Tea Haavisto<br \/>\nP\u00e4ivi Ekholm<\/p>\n<p>&nbsp;<\/p>\n<p>&nbsp;<\/p>\n","protected":false},"excerpt":{"rendered":"<p>Ordf\u00f6rande Piritta Kuoppala piritta.kuoppala@gmail.com 050 514 6310 Damkommit\u00e9ns kontaktuppgifter; Patama Katriina Ladykapten t. 040 543 1633 Kamila Sari t. 0400 900 190 Kivel\u00e4 Sari t. 040 515 1855 Jokiranta Pauliina t. 050 328 6904 Korpi Elina t. 040 569 1808 Finne Maj-Britt Annelin-Kurkela Minna &nbsp; Kausi-info 2023 NAISET E-mail; vaasangolfnaiset@gmail.com F\u00f6reningsdomare; Tea Haavisto P\u00e4ivi Ekholm [&hellip;]<\/p>\n","protected":false},"author":2,"featured_media":0,"parent":2631,"menu_order":0,"comment_status":"closed","ping_status":"closed","template":"","meta":{"_expiration-date-status":"","_expiration-date":0,"_expiration-date-type":"","_expiration-date-categories":[],"_expiration-date-options":[]},"acf":[],"_links":{"self":[{"href":"https:\/\/vaasangolf.wptest02.vdk.fi\/sv\/wp-json\/wp\/v2\/pages\/2718"}],"collection":[{"href":"https:\/\/vaasangolf.wptest02.vdk.fi\/sv\/wp-json\/wp\/v2\/pages"}],"about":[{"href":"https:\/\/vaasangolf.wptest02.vdk.fi\/sv\/wp-json\/wp\/v2\/types\/page"}],"author":[{"embeddable":true,"href":"https:\/\/vaasangolf.wptest02.vdk.fi\/sv\/wp-json\/wp\/v2\/users\/2"}],"replies":[{"embeddable":true,"href":"https:\/\/vaasangolf.wptest02.vdk.fi\/sv\/wp-json\/wp\/v2\/comments?post=2718"}],"version-history":[{"count":11,"href":"https:\/\/vaasangolf.wptest02.vdk.fi\/sv\/wp-json\/wp\/v2\/pages\/2718\/revisions"}],"predecessor-version":[{"id":7671,"href":"https:\/\/vaasangolf.wptest02.vdk.fi\/sv\/wp-json\/wp\/v2\/pages\/2718\/revisions\/7671"}],"up":[{"embeddable":true,"href":"https:\/\/vaasangolf.wptest02.vdk.fi\/sv\/wp-json\/wp\/v2\/pages\/2631"}],"wp:attachment":[{"href":"https:\/\/vaasangolf.wptest02.vdk.fi\/sv\/wp-json\/wp\/v2\/media?parent=2718"}],"curies":[{"name":"wp","href":"https:\/\/api.w.org\/{rel}","templated":true}]}}