{"id":2721,"date":"2022-02-25T11:17:39","date_gmt":"2022-02-25T09:17:39","guid":{"rendered":"https:\/\/vaasangolf.wptest02.vdk.fi\/vag\/kraklund-golf\/"},"modified":"2022-02-25T11:17:39","modified_gmt":"2022-02-25T09:17:39","slug":"kraklund-golf","status":"publish","type":"page","link":"https:\/\/vaasangolf.wptest02.vdk.fi\/sv\/vag\/kraklund-golf\/","title":{"rendered":"Kr\u00e5klund Golf"},"content":{"rendered":"<p>Vasa Kr\u00e5klund golfbana ligger sju kilometer\u00a0 fr\u00e5n stadens centrum. D\u00e4r spelades golf f\u00f6r f\u00f6rsta g\u00e5ngen 1969. Efter att banan \u00e4ndrats och f\u00f6rstorats ett flertal g\u00e5nger var 18-h\u00e5lsbanan klar 1993. Den svenska arkitekten Bj\u00f6rn Eriksson\u00a0 har dragit upp linjerna f\u00f6r de senaste \u00e4ndringarna och utvidgningarna. I juli 2006 kunde 27 h\u00e5l tas i bruk.<\/p>\n<p>De h\u00e5l som togs i bruk 1993 ( de gamla 1 \u2013 9 ) utg\u00f6r numera den gula banan. Den vita banan som startar vid klubbhuset och den bl\u00e5 banan som startar vid rangen best\u00e5r delvis av de nya h\u00e5len som blev klara 2006 och delvis av de gamla h\u00e5len 10 \u2013 18. Den l\u00e4tta gula banan l\u00f6per genom ett \u00e5kerlandskap. Den vita och bl\u00e5 banan best\u00e5r av h\u00e5l som v\u00e4xlar mellan parklandskap och stenig skogsmark. B\u00e5de den bl\u00e5 och vita banan \u00e4r synnerligen kr\u00e4vande trots att h\u00e5len \u00e4r relativt korta.<\/p>\n","protected":false},"excerpt":{"rendered":"<p>Vasa Kr\u00e5klund golfbana ligger sju kilometer\u00a0 fr\u00e5n stadens centrum. D\u00e4r spelades golf f\u00f6r f\u00f6rsta g\u00e5ngen 1969. Efter att banan \u00e4ndrats och f\u00f6rstorats ett flertal g\u00e5nger var 18-h\u00e5lsbanan klar 1993. Den svenska arkitekten Bj\u00f6rn Eriksson\u00a0 har dragit upp linjerna f\u00f6r de senaste \u00e4ndringarna och utvidgningarna. I juli 2006 kunde 27 h\u00e5l tas i bruk. De h\u00e5l [&hellip;]<\/p>\n","protected":false},"author":2,"featured_media":0,"parent":2538,"menu_order":0,"comment_status":"closed","ping_status":"closed","template":"","meta":{"_expiration-date-status":"","_expiration-date":0,"_expiration-date-type":"","_expiration-date-categories":[],"_expiration-date-options":[]},"acf":[],"_links":{"self":[{"href":"https:\/\/vaasangolf.wptest02.vdk.fi\/sv\/wp-json\/wp\/v2\/pages\/2721"}],"collection":[{"href":"https:\/\/vaasangolf.wptest02.vdk.fi\/sv\/wp-json\/wp\/v2\/pages"}],"about":[{"href":"https:\/\/vaasangolf.wptest02.vdk.fi\/sv\/wp-json\/wp\/v2\/types\/page"}],"author":[{"embeddable":true,"href":"https:\/\/vaasangolf.wptest02.vdk.fi\/sv\/wp-json\/wp\/v2\/users\/2"}],"replies":[{"embeddable":true,"href":"https:\/\/vaasangolf.wptest02.vdk.fi\/sv\/wp-json\/wp\/v2\/comments?post=2721"}],"version-history":[{"count":0,"href":"https:\/\/vaasangolf.wptest02.vdk.fi\/sv\/wp-json\/wp\/v2\/pages\/2721\/revisions"}],"up":[{"embeddable":true,"href":"https:\/\/vaasangolf.wptest02.vdk.fi\/sv\/wp-json\/wp\/v2\/pages\/2538"}],"wp:attachment":[{"href":"https:\/\/vaasangolf.wptest02.vdk.fi\/sv\/wp-json\/wp\/v2\/media?parent=2721"}],"curies":[{"name":"wp","href":"https:\/\/api.w.org\/{rel}","templated":true}]}}