{"id":2725,"date":"2022-02-25T11:23:14","date_gmt":"2022-02-25T09:23:14","guid":{"rendered":"https:\/\/vaasangolf.wptest02.vdk.fi\/vag\/kraklund-golf\/formaner-for-aktionarer\/"},"modified":"2023-07-14T07:45:21","modified_gmt":"2023-07-14T04:45:21","slug":"formaner-for-aktionarer","status":"publish","type":"page","link":"https:\/\/vaasangolf.wptest02.vdk.fi\/sv\/vag\/kraklund-golf\/formaner-for-aktionarer\/","title":{"rendered":"F\u00f6rm\u00e5ner f\u00f6r aktion\u00e4rer"},"content":{"rendered":"<p>&nbsp;<\/p>\n<h2>B\u00e4sta aktie\u00e4gare<\/h2>\n<p>Vi har beslutat att g\u00e5 in i den digitala tids\u00e5ldern och \u00f6verf\u00f6ra v\u00e5rt aktie\u00e4garkort till mobiltelefonen. F\u00f6r att f\u00e5 den i din telefon beh\u00f6ver du en Cardu-app. Du kan ladda ner den nu genom att f\u00f6lja anvisningarna nedan. Vi kommer att dela ut ett aktie\u00e4garkort till dig inom en snar framtid.<\/p>\n<p>Med ett aktie\u00e4garkort f\u00e5r du en golfrunda till halva priset p\u00e5 alla aktie\u00e4garkortbanor. F\u00f6rm\u00e5nen kan anv\u00e4ndas en g\u00e5ng\/bana \u00e4ven om du \u00e4r aktie\u00e4gare i fler \u00e4n en bana.<\/p>\n<p>Det utdelade kortets inneh\u00e5ll ses i Cardus pl\u00e5nbok.<\/p>\n<p>Se till att klubben har dina korrekta kontaktuppgifter (telefonnummer och e-post) (ifyllt i Nexgolfsystemet) f\u00f6r att kunna anv\u00e4nda ditt aktie\u00e4garkort.<\/p>\n<p>Om du har n\u00e5gra fr\u00e5gor eller funderingar, kontakta\u00a0<a href=\"mailto:support@cardu.com\">support@cardu.com<\/a>\u00a0f\u00f6r att f\u00e5 hj\u00e4lp.<\/p>\n<ol>\n<li>Installera Cardu-appen i din mobiltelefon ,antingen fr\u00e5n Google Play (Android) eller App Store (iPhone)<\/li>\n<li>F\u00f6r att registrera dig som Cardu-anv\u00e4ndare \u00f6ppnar du applikationen och v\u00e4ljer \u201dNytt konto\u201d.<\/li>\n<li>FFyll i de obligatoriska f\u00e4lten: f\u00f6rnamn, efternamn, anv\u00e4ndarnamn (din e-postadress), mobilnummer (ditt telefonnummer) och ditt valda l\u00f6senord.<\/li>\n<li>Bekr\u00e4fta telefonnumret som \u00e4r kopplat till Cardu-ID med en fyrsiffrig kod som skickas till det givna telefonnumret som textmeddelande.<\/li>\n<\/ol>\n<p>L\u00e4s mer om\u00a0<a href=\"https:\/\/www.cardu.com\/\">Cardu-appen<\/a><\/p>\n<p>En snabb guide om hur man anv\u00e4nder de spelr\u00e4ttigheter som laddats ner i Cardu:\u00a0<a href=\"https:\/\/vaasangolf.wptest02.vdk.fi\/wp-content\/uploads\/sites\/41\/2020\/04\/Kupongin-ja-leimapassin-k%C3%A4ytt%C3%B6-Cardu-sovelluksessa.pdf\" target=\"_blank\" rel=\"noopener noreferrer\">Kupongin ja leimapassin k\u00e4ytt\u00f6 Cardu-sovelluksessa\u00a0<\/a>(Anv\u00e4ndande av kupongen och st\u00e4mpelpasset i Cardu-appen)<\/p>\n<p>I\u00a0 Cardu-applikationen f\u00e5r du <strong>-50% greenfeerabatt p\u00e5 f\u00f6ljande banor<\/strong>:<\/p>\n<ol>\n<li>Botnia Golf<\/li>\n<li>Golf-Virrat<\/li>\n<li>H\u00e4rm\u00e4 Golf<\/li>\n<li>Jakobstad \u2013 Pietarsaari Golf<\/li>\n<li>J\u00e4rviseudun Golf<\/li>\n<li>Kalajoki Golf<\/li>\n<li>Katinkulta Golf<\/li>\n<li>Kemi Golf<\/li>\n<li>Kokkolan Golf<\/li>\n<li>Kuortane Golf<\/li>\n<li>Nivalanseudun Golf<\/li>\n<li>Oulun Golf<\/li>\n<li>Raahentienoon Golf<\/li>\n<li>Remson Golf<\/li>\n<li>Ruuhikoski Golf<\/li>\n<li>Santa Claus Golf<\/li>\n<li>St. Lake Golf<\/li>\n<li>Virpiniemi Golf<\/li>\n<li>V\u00f6yrin Golf<\/li>\n<li>\u00c4ht\u00e4rin Golf<\/li>\n<li>Tornio Golf<\/li>\n<\/ol>\n<p><strong>Dessutom f\u00f6ljande f\u00f6rm\u00e5ner inom Vasa Golf, endast f\u00f6r Oy Kr\u00e5klund Golf Ab:s aktion\u00e4rer<\/strong><\/p>\n<ul>\n<li>Aktie\u00e4garens g\u00e4st: greenfee 35\u20ac ( max 3 g\u00e4stspelare\/start ).<\/li>\n<li>Golfbil 25 \u20ac med s\u00e4songavgiften<\/li>\n<li>Restaurangen -10%, g\u00e4ller ej tobak- och alkoholprodukter, godis och glass.<\/li>\n<li>5-Greenfeekort 200\u20ac<\/li>\n<li>10-greenfeekort 350\u20ac.<\/li>\n<li>Range magnetknapp &#8211; 50%<\/li>\n<\/ul>\n<p>&nbsp;<\/p>\n<p>F\u00f6rm\u00e5nerna erh\u00e5lls endast genom att visa upp Cardu-appen, vilken \u00e4r personlig. F\u00f6rm\u00e5nerna g\u00e4ller ej t\u00e4vlingsavgifter.<\/p>\n<p>Oy Kr\u00e5klund Golf Ab f\u00f6rbeh\u00e5ller sig r\u00e4tten att g\u00f6ra \u00e4ndringar i f\u00f6rm\u00e5nerna under s\u00e4songen 2023.<\/p>\n","protected":false},"excerpt":{"rendered":"<p>&nbsp; B\u00e4sta aktie\u00e4gare Vi har beslutat att g\u00e5 in i den digitala tids\u00e5ldern och \u00f6verf\u00f6ra v\u00e5rt aktie\u00e4garkort till mobiltelefonen. F\u00f6r att f\u00e5 den i din telefon beh\u00f6ver du en Cardu-app. Du kan ladda ner den nu genom att f\u00f6lja anvisningarna nedan. Vi kommer att dela ut ett aktie\u00e4garkort till dig inom en snar framtid. Med [&hellip;]<\/p>\n","protected":false},"author":2,"featured_media":0,"parent":2721,"menu_order":0,"comment_status":"closed","ping_status":"closed","template":"","meta":{"_expiration-date-status":"","_expiration-date":0,"_expiration-date-type":"","_expiration-date-categories":[],"_expiration-date-options":[]},"acf":[],"_links":{"self":[{"href":"https:\/\/vaasangolf.wptest02.vdk.fi\/sv\/wp-json\/wp\/v2\/pages\/2725"}],"collection":[{"href":"https:\/\/vaasangolf.wptest02.vdk.fi\/sv\/wp-json\/wp\/v2\/pages"}],"about":[{"href":"https:\/\/vaasangolf.wptest02.vdk.fi\/sv\/wp-json\/wp\/v2\/types\/page"}],"author":[{"embeddable":true,"href":"https:\/\/vaasangolf.wptest02.vdk.fi\/sv\/wp-json\/wp\/v2\/users\/2"}],"replies":[{"embeddable":true,"href":"https:\/\/vaasangolf.wptest02.vdk.fi\/sv\/wp-json\/wp\/v2\/comments?post=2725"}],"version-history":[{"count":7,"href":"https:\/\/vaasangolf.wptest02.vdk.fi\/sv\/wp-json\/wp\/v2\/pages\/2725\/revisions"}],"predecessor-version":[{"id":8504,"href":"https:\/\/vaasangolf.wptest02.vdk.fi\/sv\/wp-json\/wp\/v2\/pages\/2725\/revisions\/8504"}],"up":[{"embeddable":true,"href":"https:\/\/vaasangolf.wptest02.vdk.fi\/sv\/wp-json\/wp\/v2\/pages\/2721"}],"wp:attachment":[{"href":"https:\/\/vaasangolf.wptest02.vdk.fi\/sv\/wp-json\/wp\/v2\/media?parent=2725"}],"curies":[{"name":"wp","href":"https:\/\/api.w.org\/{rel}","templated":true}]}}