{"id":2726,"date":"2022-02-25T11:24:46","date_gmt":"2022-02-25T09:24:46","guid":{"rendered":"https:\/\/vaasangolf.wptest02.vdk.fi\/vag\/kraklund-golf\/aktieuppgifter\/"},"modified":"2022-03-04T14:15:57","modified_gmt":"2022-03-04T12:15:57","slug":"aktieuppgifter","status":"publish","type":"page","link":"https:\/\/vaasangolf.wptest02.vdk.fi\/sv\/vag\/kraklund-golf\/aktieuppgifter\/","title":{"rendered":"Aktieuppgifter"},"content":{"rendered":"<div id=\"content\" class=\"grid col-700 fit right\">\n<article class=\"entry\">\n<p class=\"entry-title post-title\"><span style=\"font-size: 16px;\">Bolaget \u00e4r grundat 1989. \u00c4ndam\u00e5let med bolaget \u00e4r att uppr\u00e4tth\u00e5lla en golfbana. Bolagets aktiekapital 1.984.760.000 euro \u00e4r uppdelat p\u00e5 aktier med det nominella v\u00e4rdet 1.682 euro. Bolagets aktiestock \u00e4r f\u00f6rdelat p\u00e5 A, B, C, D och K-aktier enligt f\u00f6ljande:<\/span><\/p>\n<div class=\"post-entry\">\n<ul>\n<li>A-serien max 1180 aktier<\/li>\n<li>B-serien max 200 aktier<\/li>\n<li>C-serien max 100 aktier<\/li>\n<li>D-serien max 20 aktier<\/li>\n<li>K-serien<\/li>\n<\/ul>\n<\/div>\n<p>&nbsp;<\/p>\n<div class=\"post-entry\">\n<p>A-seriens aktier ber\u00e4ttigar till en (1) spelr\u00e4tt , B-serien till tv\u00e5 (2) spelr\u00e4tter, C-serien till tre (3) spelr\u00e4tter och D-seriens aktier till en (1) spelr\u00e4tt.<\/p>\n<p>Vad g\u00e4ller C-seriens aktier kan en spelr\u00e4tt omvandlas till 40 st. spelbiljetter som ber\u00e4ttigar till en dags spel. F\u00f6r detta debiteras \u00b4s28\u20ac \/ \u00e5r 2022 .<\/p>\n<p>Till D-seriens aktier h\u00f6r 20 st. spelbiljetter, f\u00f6r detta ocks\u00e5 debiteras \u00e128\u20ac \/ \u00e5r 2022 .<\/p>\n<p>I de \u00f6vriga serierna b\u00f6r aktie\u00e4garen utse spelr\u00e4tt till en person f\u00f6r hela s\u00e4songen. F\u00f6r att utnyttja spelr\u00e4tten b\u00f6r s\u00e4songavgiften f\u00f6r aktien vara erlagd.<\/p>\n<p>Anm\u00e4lan om spelr\u00e4tt g\u00f6rs varje \u00e5r.<\/p>\n<\/div>\n<div class=\"post-edit\"><\/div>\n<\/article>\n<\/div>\n<div id=\"sidebar-left\" class=\"sidebar grid col-220 right\">\n<div id=\"gpsubmenu-2\" class=\"widget-wrapper grid widget_gpsubmenu col-940 t-col-940\">\n<div class=\"widget-inner\">\n<div class=\"menu-paavalikko-ruotsi-container\"><\/div>\n<\/div>\n<\/div>\n<\/div>\n<p>&nbsp;<\/p>\n","protected":false},"excerpt":{"rendered":"<p>Bolaget \u00e4r grundat 1989. \u00c4ndam\u00e5let med bolaget \u00e4r att uppr\u00e4tth\u00e5lla en golfbana. Bolagets aktiekapital 1.984.760.000 euro \u00e4r uppdelat p\u00e5 aktier med det nominella v\u00e4rdet 1.682 euro. Bolagets aktiestock \u00e4r f\u00f6rdelat p\u00e5 A, B, C, D och K-aktier enligt f\u00f6ljande: A-serien max 1180 aktier B-serien max 200 aktier C-serien max 100 aktier D-serien max 20 aktier [&hellip;]<\/p>\n","protected":false},"author":2,"featured_media":0,"parent":2721,"menu_order":0,"comment_status":"closed","ping_status":"closed","template":"","meta":{"_expiration-date-status":"","_expiration-date":0,"_expiration-date-type":"","_expiration-date-categories":[],"_expiration-date-options":[]},"acf":[],"_links":{"self":[{"href":"https:\/\/vaasangolf.wptest02.vdk.fi\/sv\/wp-json\/wp\/v2\/pages\/2726"}],"collection":[{"href":"https:\/\/vaasangolf.wptest02.vdk.fi\/sv\/wp-json\/wp\/v2\/pages"}],"about":[{"href":"https:\/\/vaasangolf.wptest02.vdk.fi\/sv\/wp-json\/wp\/v2\/types\/page"}],"author":[{"embeddable":true,"href":"https:\/\/vaasangolf.wptest02.vdk.fi\/sv\/wp-json\/wp\/v2\/users\/2"}],"replies":[{"embeddable":true,"href":"https:\/\/vaasangolf.wptest02.vdk.fi\/sv\/wp-json\/wp\/v2\/comments?post=2726"}],"version-history":[{"count":3,"href":"https:\/\/vaasangolf.wptest02.vdk.fi\/sv\/wp-json\/wp\/v2\/pages\/2726\/revisions"}],"predecessor-version":[{"id":3376,"href":"https:\/\/vaasangolf.wptest02.vdk.fi\/sv\/wp-json\/wp\/v2\/pages\/2726\/revisions\/3376"}],"up":[{"embeddable":true,"href":"https:\/\/vaasangolf.wptest02.vdk.fi\/sv\/wp-json\/wp\/v2\/pages\/2721"}],"wp:attachment":[{"href":"https:\/\/vaasangolf.wptest02.vdk.fi\/sv\/wp-json\/wp\/v2\/media?parent=2726"}],"curies":[{"name":"wp","href":"https:\/\/api.w.org\/{rel}","templated":true}]}}