{"id":2732,"date":"2022-02-25T11:30:46","date_gmt":"2022-02-25T09:30:46","guid":{"rendered":"https:\/\/vaasangolf.wptest02.vdk.fi\/vag\/vasa-golf\/formaner\/"},"modified":"2023-03-07T11:31:49","modified_gmt":"2023-03-07T09:31:49","slug":"formaner","status":"publish","type":"page","link":"https:\/\/vaasangolf.wptest02.vdk.fi\/sv\/vag\/vasa-golf\/formaner\/","title":{"rendered":"F\u00f6rm\u00e5ner"},"content":{"rendered":"<p><strong>VASA GOLFS MEDLEMSF\u00d6RM\u00c5NER<\/strong><\/p>\n<p>Som Vasa Golfs medlem f\u00e5r du ta del av flera medlemsf\u00f6rm\u00e5ner som f\u00f6reningen erbjuder. Du \u00e4r en del av\u00a0 den fina grenens och f\u00f6reningens verksamhet. Alla medlemmar \u00e4r viktiga f\u00f6r oss! Vi str\u00e4var efter att j\u00e4mt utveckla v\u00e5r service och verksamhet.<\/p>\n<p>Vi har \u00f6verg\u00e5tt till elektronisk fakturering och vi skickar v\u00e5ra fakturor via Maventa. Se till att din e-postadress i NexGolf \u00e4r aktuell. Om du har fr\u00e5gor kan du ta kontakt med kontoret; <a href=\"mailto:toimisto@vag.fi\">toimisto@vag.fi<\/a>, tel. 040 -526 8666, Tuula Per\u00e4l\u00e4.<\/p>\n<p>Ta del av medlemsf\u00f6rm\u00e5nerna genom att se till att dina fakturor \u00e4r betalda i tid och genom att betala fakturorna med de specifika betalningsuppgifterna som \u00e4r angivna i fakturan. Kontrollera alltid fakturans referensnummer och mottagaren (Vaasan Golf ry.) n\u00e4r du anv\u00e4nder dig av betalningsunderlag som du sparat i ditt\u00a0 bankprogram.<\/p>\n<p>&nbsp;<\/p>\n<p><strong>\u00a0<\/strong><strong>Greenfee-erbjudande till medlemmar \u00a0<\/strong><\/p>\n<ul>\n<li>18 h\u00e5ls greenfee 45 \u20ac (normalpris 55 \u20ac)<\/li>\n<li>9 h\u00e5ls greenfee 25 \u20ac normalpris 30 \u20ac)<\/li>\n<li>Allemansbanan 1 dags greenfee 7 \u20ac (normalpris 10 \u20ac)<\/li>\n<li>5-kort greenfee 220 \u20ac (normalpris 250 \u20ac)<\/li>\n<li>10-kort greenfee 400 \u20ac (normalpris 500 \u20ac)<\/li>\n<\/ul>\n<p>&nbsp;<\/p>\n<p>Handicap-register som uppr\u00e4tth\u00e5lls av f\u00f6reningen, <strong>NexGolf premium<\/strong>-appen och<strong> eBirdie<\/strong> -appen<\/p>\n<ul>\n<li>Vasa Golf har skaffat NexGolf Premium-appen f\u00f6r alla sina medlemmar.<\/li>\n<li><strong>NexGolf Premium<\/strong> erbjuder snabb och enkel tidsbokning, bekr\u00e4ftning av bokningen, omfattande spelstatistik, elektroniskt scorekort och du kan se dina v\u00e4nners kommande bokningar<\/li>\n<li><strong>eBirdie<\/strong> \u00e4r Finlands Golff\u00f6rbunds, dess medlemsf\u00f6reningars och deras medlemmars golf-app och officiella medlemskort. I eBirdie hittar du all information som du beh\u00f6ver om ditt handicap, regler och medlemsf\u00f6rm\u00e5ner. Meddelanden fr\u00e5n din hemf\u00f6rening och Golff\u00f6rbundet ber\u00e4ttar om aktuella nyheter och banguiden hj\u00e4lper dig hitta till Finlands golfbanor.<\/li>\n<\/ul>\n<p>&nbsp;<\/p>\n<p><strong>GOLFTIDNINGEN; <\/strong>Golff\u00f6rbundets medlemstidning <strong>\u00a0<\/strong><\/p>\n<ul>\n<li>Som Vasa Golfs medlem \u00e4r du automatiskt medlem av Finlands Golff\u00f6rbund.<\/li>\n<li>Golff\u00f6rbundets medlemskap medf\u00f6r m\u00e5nga fina medlemsf\u00f6rm\u00e5ner, du kan bekanta dig n\u00e4rmare h\u00e4r: \u00a0<a href=\"https:\/\/golf.fi\/pelaajalle\/jasenedut-ja-vakuutusturva\/\"><strong>https:\/\/golf.fi\/pelaajalle\/jasenedut-ja-vakuutusturva\/<\/strong><\/a><\/li>\n<li>Dessa f\u00f6rm\u00e5ner hittas \u00e4ven i eBirdie-appen.<\/li>\n<li>Golftidningen f\u00e5r du antingen som pappersversion eller digital version, du best\u00e4mmer sj\u00e4lv vilket alternativ passar dig b\u00e4ttre.<\/li>\n<\/ul>\n<p>&nbsp;<\/p>\n<p><strong>Spelarens f\u00f6rs\u00e4kringsskydd <\/strong><\/p>\n<ul>\n<li>Golff\u00f6rbundets medlemsavgift inneh\u00e5ller ett f\u00f6rs\u00e4kringsskydd, som \u00e4r en av de mest centrala f\u00f6rm\u00e5ner som Golff\u00f6rbundet erbjuder. F\u00f6rbundet har m\u00e5nga \u00e5rs erfarenhet av samarbete med Pohjola Vakuutus. Golfarens f\u00f6rs\u00e4kringsskydd inneh\u00e5ller en bred sportskydds- och ansvarsf\u00f6rs\u00e4kring upp till 15 000 euro.<\/li>\n<li>P\u00e5 f\u00f6rbundets hemsida hittar du instruktioner hur du b\u00f6r handla n\u00e4r en olycka sker:<\/li>\n<li><a href=\"https:\/\/golf.fi\/wp-content\/uploads\/2021\/03\/Forsakringsskydd-2023.pdf\">https:\/\/golf.fi\/wp-content\/uploads\/2021\/03\/Forsakringsskydd-2023.pdf<\/a><\/li>\n<\/ul>\n<p>&nbsp;<\/p>\n<p>&nbsp;<\/p>\n<p><strong>Som till\u00e4gg <\/strong><\/p>\n<ul>\n<li>Deltagarr\u00e4tt till verksamhet som v\u00e5ra aktiva kommit\u00e9er ordnar<\/li>\n<li>Deltagarr\u00e4tt till f\u00f6reningens m\u00e4sterskapst\u00e4vlingar<\/li>\n<li>Gratis anv\u00e4ndning av gymmet i b\u00e4gf\u00f6rr\u00e5det<\/li>\n<li>Gratis regelskolning p\u00e5 v\u00e5ren<\/li>\n<\/ul>\n<p>&nbsp;<\/p>\n<p><strong>\u00a0M\u00e4tande av serviceniv\u00e5n<\/strong><\/p>\n<p><strong>Pelaaja Ensin- medlemsunders\u00f6kningen<\/strong><\/p>\n<ul>\n<li>Vi m\u00e4ter kunderfarenheter tillsammans med Finlands Golff\u00f6rbunds Pelaaja Ensin -tj\u00e4nst.<\/li>\n<li>Feedback samlas dagligen fr\u00e5n g\u00e4stspelare och fr\u00e5n medlemmar i tre omg\u00e5ngar under s\u00e4songen.<\/li>\n<li>Var och en f\u00e5r en inbjudan till feedback-formul\u00e4ret under s\u00e4songen (OBS, kr\u00e4ver att du godk\u00e4nt e-postmeddelanden fr\u00e5n Golff\u00f6rbundet och f\u00f6reningen). Svaren behandlas anonymt.<\/li>\n<\/ul>\n<p>&nbsp;<\/p>\n<p>&nbsp;<\/p>\n<p><strong>Webropol -Feedback<\/strong><\/p>\n<ul>\n<li>Med hj\u00e4lp fr\u00e5n klubbkomiten samlar f\u00f6reningen in och bearbetar feedback fr\u00e5n spelare dagligen.<\/li>\n<li>P\u00e5 informationstavlorna vid utslagsplatserna finns QR-koder, som f\u00f6r dig vidare till ett elektroniskt feedback-formul\u00e4r. Det \u00e4r \u00e4ven m\u00f6jligt att bifoga en bild eller ett videoklipp.<\/li>\n<li>I klubbhuset finns en feedback-station, vilken du kan l\u00e4tt ge feedback via om t.ex. klubbhusets service.<\/li>\n<li>Vi tar g\u00e4rna emot din feedback. Du kan \u00e4ven ge feedback personligen till n\u00e5gon fr\u00e5n personalen. Vi bearbetar all feedback.<\/li>\n<\/ul>\n","protected":false},"excerpt":{"rendered":"<p>VASA GOLFS MEDLEMSF\u00d6RM\u00c5NER Som Vasa Golfs medlem f\u00e5r du ta del av flera medlemsf\u00f6rm\u00e5ner som f\u00f6reningen erbjuder. Du \u00e4r en del av\u00a0 den fina grenens och f\u00f6reningens verksamhet. Alla medlemmar \u00e4r viktiga f\u00f6r oss! Vi str\u00e4var efter att j\u00e4mt utveckla v\u00e5r service och verksamhet. Vi har \u00f6verg\u00e5tt till elektronisk fakturering och vi skickar v\u00e5ra fakturor [&hellip;]<\/p>\n","protected":false},"author":2,"featured_media":0,"parent":2539,"menu_order":0,"comment_status":"closed","ping_status":"closed","template":"","meta":{"_expiration-date-status":"","_expiration-date":0,"_expiration-date-type":"","_expiration-date-categories":[],"_expiration-date-options":[]},"acf":[],"_links":{"self":[{"href":"https:\/\/vaasangolf.wptest02.vdk.fi\/sv\/wp-json\/wp\/v2\/pages\/2732"}],"collection":[{"href":"https:\/\/vaasangolf.wptest02.vdk.fi\/sv\/wp-json\/wp\/v2\/pages"}],"about":[{"href":"https:\/\/vaasangolf.wptest02.vdk.fi\/sv\/wp-json\/wp\/v2\/types\/page"}],"author":[{"embeddable":true,"href":"https:\/\/vaasangolf.wptest02.vdk.fi\/sv\/wp-json\/wp\/v2\/users\/2"}],"replies":[{"embeddable":true,"href":"https:\/\/vaasangolf.wptest02.vdk.fi\/sv\/wp-json\/wp\/v2\/comments?post=2732"}],"version-history":[{"count":2,"href":"https:\/\/vaasangolf.wptest02.vdk.fi\/sv\/wp-json\/wp\/v2\/pages\/2732\/revisions"}],"predecessor-version":[{"id":7261,"href":"https:\/\/vaasangolf.wptest02.vdk.fi\/sv\/wp-json\/wp\/v2\/pages\/2732\/revisions\/7261"}],"up":[{"embeddable":true,"href":"https:\/\/vaasangolf.wptest02.vdk.fi\/sv\/wp-json\/wp\/v2\/pages\/2539"}],"wp:attachment":[{"href":"https:\/\/vaasangolf.wptest02.vdk.fi\/sv\/wp-json\/wp\/v2\/media?parent=2732"}],"curies":[{"name":"wp","href":"https:\/\/api.w.org\/{rel}","templated":true}]}}