{"id":2733,"date":"2022-02-25T11:31:07","date_gmt":"2022-02-25T09:31:07","guid":{"rendered":"https:\/\/vaasangolf.wptest02.vdk.fi\/vag\/vasa-golf\/bli-medlem\/"},"modified":"2023-02-27T12:38:16","modified_gmt":"2023-02-27T10:38:16","slug":"bli-medlem","status":"publish","type":"page","link":"https:\/\/vaasangolf.wptest02.vdk.fi\/sv\/vag\/vasa-golf\/bli-medlem\/","title":{"rendered":"Bli medlem"},"content":{"rendered":"<h3><strong>V\u00c4LKOMMEN TILL DITT MEDLEMSKAP HOS VASA GOLF!<\/strong><\/h3>\n<ol>\n<li>Fyll i medlemsans\u00f6kan via n\u00e4tet &#8211; <a href=\"https:\/\/vag.nexgolf.fi\/vag\/golf\/membershipapplication\" target=\"_blank\" rel=\"noopener\">MEDLEMSANS\u00d6KAN<\/a>. Vi bearbetar ans\u00f6kningarna s\u00e5 snabbt som m\u00f6jligt, inom 1-2 dagar.<\/li>\n<li>Efter godk\u00e4nnande f\u00e5r du ditt medlemsnummer, l\u00f6senord och inloggningsuppgifter till NexGolf.<\/li>\n<li>Dina r\u00e4kningar hittar du via din NexGolf-profil.<\/li>\n<li>Ditt medlemskort \u00e4r elektroniskt och du hittar det i appen Ebirdie. Appen \u00e4r avgiftsfri och kan laddas ner fr\u00e5n appstore\/google play-butiken. Ebirdie aktiveras efter att du betalt din medlemsavgift. Medlems\u00e5ret \u00e4r 1.4.xxxx-31.3.xxxxx. Ebirdie uppdateras allts\u00e5 \u00e5rligen 1.4 f\u00f6r spelare med betald medlemsavgift.<\/li>\n<li>Om du har fr\u00e5gor kan du vara i kontakt med kontoret; <a href=\"mailto:toimisto@vag.fi\">toimisto@vag.fi<\/a>, tel. 040 526 8666 \/ Tuula Per\u00e4l\u00e4.<\/li>\n<\/ol>\n<p>&nbsp;<\/p>\n<p>&nbsp;<\/p>\n<p><strong>BYTE AV F\u00d6RENING<\/strong> &#8211; Skriv ut din gamla medlemsnummer i din medlemsans\u00f6kan. Vi rekommenderar att du f\u00f6rst ansluter dig till din nya f\u00f6rening och sedan avslutar ditt medlemskap till din gamla f\u00f6rening. Du har sj\u00e4lv ansvaret att avsluta ditt gamla medlemskap.<\/p>\n<p>&nbsp;<\/p>\n<p><strong>\u00c5TERV\u00c4NDANDE SPELARE<\/strong> &#8211; Ifall du tidigare varit medlem i Vasa Golf, skriv ut det i till\u00e4ggsinformation-rutan. Du kan \u00e4ven vara i kontakt med kontoret om du vill aktivera ditt gamla medlemskap.<\/p>\n<p>&nbsp;<\/p>\n<p>&nbsp;<\/p>\n<p>&nbsp;<\/p>\n<p><strong>VASA GOLFS MEDLEMSAVGIFTER 2023<\/strong><\/p>\n<ul>\n<li>Vuxna 130 \u20ac<\/li>\n<li>Juniorer 65 \u20ac (&lt;21 \u00e5r<\/li>\n<li>Anslutningsavgift 170 \u20ac f\u00f6r vuxna medlemmar<\/li>\n<\/ul>\n<p>&nbsp;<\/p>\n<p>Medlemsavgiften betalas f\u00f6r ett kalender\u00e5r \u00e5t g\u00e5ngen. Medlemsavgiften inkluderar Golftidningen f\u00f6r ett \u00e5r.<\/p>\n<p>Medlemskapet \u00e4r tillsvidare och vi skickar ut elektroniska r\u00e4kningar automatiskt i januari.<\/p>\n<p>Du kan bli medlem n\u00e4r som helst!<\/p>\n<p>&nbsp;<\/p>\n<h4><strong>Har du t\u00e4nkt byta f\u00f6rening eller \u00e4r det en stund sedan du tagit greencard?<\/strong><\/h4>\n<p>Det \u00e4r l\u00e4tt att b\u00f6rja spelandet vid Vasa Golf med hj\u00e4lp av v\u00e5ra spelpaket.<\/p>\n<p><strong>NYB\u00d6RJAR \/ F\u00d6RENINGSBYTARE &#8211; PAKET<\/strong><\/p>\n<ul>\n<li><strong>Vuxen 670\u20ac<\/strong> (inneh\u00e5ller medlems- + anslutningsavgift, s\u00e4songsavgift och hyresaktie)<\/li>\n<li><strong>Studerande 460\u20ac<\/strong> (22-29 \u00e5r) (inneh\u00e5ller medlems- + anslutningsavgift, s\u00e4songsavgift och hyresaktie)<\/li>\n<li>Du kan ta del av dessa spelpaket en g\u00e5ng.<\/li>\n<li>F\u00f6ljande s\u00e4song betalar du avgifterna enligt prislistan.<\/li>\n<li>Ifall du \u00f6nskar k\u00f6pa ett spelpaket, skriv det i samband med din medlemsans\u00f6kan.<\/li>\n<\/ul>\n<p>Mer information om spelandet vid Vasa Golf f\u00e5r du fr\u00e5n; toimisto@vag.fi, tel. 040 \u2013 526 8666 \/ Tuula Per\u00e4l\u00e4<\/p>\n","protected":false},"excerpt":{"rendered":"<p>V\u00c4LKOMMEN TILL DITT MEDLEMSKAP HOS VASA GOLF! Fyll i medlemsans\u00f6kan via n\u00e4tet &#8211; MEDLEMSANS\u00d6KAN. Vi bearbetar ans\u00f6kningarna s\u00e5 snabbt som m\u00f6jligt, inom 1-2 dagar. Efter godk\u00e4nnande f\u00e5r du ditt medlemsnummer, l\u00f6senord och inloggningsuppgifter till NexGolf. Dina r\u00e4kningar hittar du via din NexGolf-profil. Ditt medlemskort \u00e4r elektroniskt och du hittar det i appen Ebirdie. Appen \u00e4r [&hellip;]<\/p>\n","protected":false},"author":2,"featured_media":0,"parent":2539,"menu_order":0,"comment_status":"closed","ping_status":"closed","template":"","meta":{"_expiration-date-status":"","_expiration-date":0,"_expiration-date-type":"","_expiration-date-categories":[],"_expiration-date-options":[]},"acf":[],"_links":{"self":[{"href":"https:\/\/vaasangolf.wptest02.vdk.fi\/sv\/wp-json\/wp\/v2\/pages\/2733"}],"collection":[{"href":"https:\/\/vaasangolf.wptest02.vdk.fi\/sv\/wp-json\/wp\/v2\/pages"}],"about":[{"href":"https:\/\/vaasangolf.wptest02.vdk.fi\/sv\/wp-json\/wp\/v2\/types\/page"}],"author":[{"embeddable":true,"href":"https:\/\/vaasangolf.wptest02.vdk.fi\/sv\/wp-json\/wp\/v2\/users\/2"}],"replies":[{"embeddable":true,"href":"https:\/\/vaasangolf.wptest02.vdk.fi\/sv\/wp-json\/wp\/v2\/comments?post=2733"}],"version-history":[{"count":4,"href":"https:\/\/vaasangolf.wptest02.vdk.fi\/sv\/wp-json\/wp\/v2\/pages\/2733\/revisions"}],"predecessor-version":[{"id":7119,"href":"https:\/\/vaasangolf.wptest02.vdk.fi\/sv\/wp-json\/wp\/v2\/pages\/2733\/revisions\/7119"}],"up":[{"embeddable":true,"href":"https:\/\/vaasangolf.wptest02.vdk.fi\/sv\/wp-json\/wp\/v2\/pages\/2539"}],"wp:attachment":[{"href":"https:\/\/vaasangolf.wptest02.vdk.fi\/sv\/wp-json\/wp\/v2\/media?parent=2733"}],"curies":[{"name":"wp","href":"https:\/\/api.w.org\/{rel}","templated":true}]}}