{"id":2734,"date":"2022-02-25T11:32:22","date_gmt":"2022-02-25T09:32:22","guid":{"rendered":"https:\/\/vaasangolf.wptest02.vdk.fi\/vag\/vasa-golf\/foreningens-stadgar\/"},"modified":"2022-03-04T14:02:09","modified_gmt":"2022-03-04T12:02:09","slug":"foreningens-stadgar","status":"publish","type":"page","link":"https:\/\/vaasangolf.wptest02.vdk.fi\/sv\/vag\/vasa-golf\/foreningens-stadgar\/","title":{"rendered":"F\u00f6reningens stadgar"},"content":{"rendered":"<p>F\u00f6reningens regler (finska);<\/p>\n<p><a href=\"https:\/\/vaasangolf.wptest02.vdk.fi\/wp-content\/uploads\/2022\/02\/Vaasan-Golf-Saannot-2021.pdf\">Vaasan-Golf-S\u00e4\u00e4nn\u00f6t &#8211; 2021<\/a><\/p>\n","protected":false},"excerpt":{"rendered":"<p>F\u00f6reningens regler (finska); Vaasan-Golf-S\u00e4\u00e4nn\u00f6t &#8211; 2021<\/p>\n","protected":false},"author":2,"featured_media":0,"parent":2539,"menu_order":0,"comment_status":"closed","ping_status":"closed","template":"","meta":{"_expiration-date-status":"","_expiration-date":0,"_expiration-date-type":"","_expiration-date-categories":[],"_expiration-date-options":[]},"acf":[],"_links":{"self":[{"href":"https:\/\/vaasangolf.wptest02.vdk.fi\/sv\/wp-json\/wp\/v2\/pages\/2734"}],"collection":[{"href":"https:\/\/vaasangolf.wptest02.vdk.fi\/sv\/wp-json\/wp\/v2\/pages"}],"about":[{"href":"https:\/\/vaasangolf.wptest02.vdk.fi\/sv\/wp-json\/wp\/v2\/types\/page"}],"author":[{"embeddable":true,"href":"https:\/\/vaasangolf.wptest02.vdk.fi\/sv\/wp-json\/wp\/v2\/users\/2"}],"replies":[{"embeddable":true,"href":"https:\/\/vaasangolf.wptest02.vdk.fi\/sv\/wp-json\/wp\/v2\/comments?post=2734"}],"version-history":[{"count":1,"href":"https:\/\/vaasangolf.wptest02.vdk.fi\/sv\/wp-json\/wp\/v2\/pages\/2734\/revisions"}],"predecessor-version":[{"id":3374,"href":"https:\/\/vaasangolf.wptest02.vdk.fi\/sv\/wp-json\/wp\/v2\/pages\/2734\/revisions\/3374"}],"up":[{"embeddable":true,"href":"https:\/\/vaasangolf.wptest02.vdk.fi\/sv\/wp-json\/wp\/v2\/pages\/2539"}],"wp:attachment":[{"href":"https:\/\/vaasangolf.wptest02.vdk.fi\/sv\/wp-json\/wp\/v2\/media?parent=2734"}],"curies":[{"name":"wp","href":"https:\/\/api.w.org\/{rel}","templated":true}]}}