{"id":2735,"date":"2022-02-25T11:35:32","date_gmt":"2022-02-25T09:35:32","guid":{"rendered":"https:\/\/vaasangolf.wptest02.vdk.fi\/vag\/kontaktuppgifter\/"},"modified":"2023-08-30T09:37:24","modified_gmt":"2023-08-30T06:37:24","slug":"kontaktuppgifter","status":"publish","type":"page","link":"https:\/\/vaasangolf.wptest02.vdk.fi\/sv\/vag\/kontaktuppgifter\/","title":{"rendered":"Kontaktuppgifter"},"content":{"rendered":"<table style=\"height: 589px;\" width=\"652\">\n<tbody>\n<tr>\n<td width=\"265\"><strong>Vasa Golf<\/strong><br \/>\nGolfbanev\u00e4gen 61<br \/>\n65370 Vaasa<\/td>\n<td width=\"265\"><strong>Caddiemaster<\/strong><br \/>\ntel. 040 526 8666<br \/>\ncaddiemaster@vag.fi<\/td>\n<\/tr>\n<tr>\n<td><\/td>\n<td width=\"265\"><\/td>\n<\/tr>\n<tr>\n<td width=\"265\"><strong>Verksamhetsledare<\/strong><br \/>\nArto Sirvi\u00f6<br \/>\ntel.0400 595 432<br \/>\narto.sirvio@vag.fi<\/td>\n<td width=\"265\"><strong>Kontoret<\/strong><br \/>\nTuula Per\u00e4l\u00e4<br \/>\ntel. 040 526 8666<br \/>\ntoimisto@vag.fi<\/td>\n<\/tr>\n<tr>\n<td><\/td>\n<td><\/td>\n<\/tr>\n<tr>\n<td width=\"265\"><strong>F\u00f6rs\u00e4ljning<\/strong><br \/>\nMikko Aho<br \/>\ntel. 040 058 8289<br \/>\nmikko.aho@vag.fi<\/td>\n<td width=\"265\"><strong>Banm\u00e4stare<\/strong><br \/>\nKai Lehtosaari<br \/>\ntel. 040 511 5270<br \/>\nkailehtosaari@gmail.com<\/td>\n<\/tr>\n<tr>\n<td width=\"265\"><strong>Restaurang<\/strong><br \/>\nFondis<br \/>\nPuh. 0400 811 619<\/td>\n<td width=\"265\"><\/td>\n<\/tr>\n<tr>\n<td><\/td>\n<td><\/td>\n<\/tr>\n<tr>\n<td><\/td>\n<td><\/td>\n<\/tr>\n<tr>\n<td width=\"265\"><\/td>\n<td width=\"265\"><\/td>\n<\/tr>\n<tr>\n<td><\/td>\n<td><\/td>\n<\/tr>\n<tr>\n<td width=\"265\"><\/td>\n<td width=\"265\"><\/td>\n<\/tr>\n<tr>\n<td width=\"265\"><\/td>\n<td width=\"265\"><\/td>\n<\/tr>\n<tr>\n<td width=\"265\"><\/td>\n<\/tr>\n<\/tbody>\n<\/table>\n","protected":false},"excerpt":{"rendered":"<p>Vasa Golf Golfbanev\u00e4gen 61 65370 Vaasa Caddiemaster tel. 040 526 8666 caddiemaster@vag.fi Verksamhetsledare Arto Sirvi\u00f6 tel.0400 595 432 arto.sirvio@vag.fi Kontoret Tuula Per\u00e4l\u00e4 tel. 040 526 8666 toimisto@vag.fi F\u00f6rs\u00e4ljning Mikko Aho tel. 040 058 8289 mikko.aho@vag.fi Banm\u00e4stare Kai Lehtosaari tel. 040 511 5270 kailehtosaari@gmail.com Restaurang Fondis Puh. 0400 811 619<\/p>\n","protected":false},"author":2,"featured_media":0,"parent":2538,"menu_order":0,"comment_status":"closed","ping_status":"closed","template":"","meta":{"_expiration-date-status":"","_expiration-date":0,"_expiration-date-type":"","_expiration-date-categories":[],"_expiration-date-options":[]},"acf":[],"_links":{"self":[{"href":"https:\/\/vaasangolf.wptest02.vdk.fi\/sv\/wp-json\/wp\/v2\/pages\/2735"}],"collection":[{"href":"https:\/\/vaasangolf.wptest02.vdk.fi\/sv\/wp-json\/wp\/v2\/pages"}],"about":[{"href":"https:\/\/vaasangolf.wptest02.vdk.fi\/sv\/wp-json\/wp\/v2\/types\/page"}],"author":[{"embeddable":true,"href":"https:\/\/vaasangolf.wptest02.vdk.fi\/sv\/wp-json\/wp\/v2\/users\/2"}],"replies":[{"embeddable":true,"href":"https:\/\/vaasangolf.wptest02.vdk.fi\/sv\/wp-json\/wp\/v2\/comments?post=2735"}],"version-history":[{"count":5,"href":"https:\/\/vaasangolf.wptest02.vdk.fi\/sv\/wp-json\/wp\/v2\/pages\/2735\/revisions"}],"predecessor-version":[{"id":9080,"href":"https:\/\/vaasangolf.wptest02.vdk.fi\/sv\/wp-json\/wp\/v2\/pages\/2735\/revisions\/9080"}],"up":[{"embeddable":true,"href":"https:\/\/vaasangolf.wptest02.vdk.fi\/sv\/wp-json\/wp\/v2\/pages\/2538"}],"wp:attachment":[{"href":"https:\/\/vaasangolf.wptest02.vdk.fi\/sv\/wp-json\/wp\/v2\/media?parent=2735"}],"curies":[{"name":"wp","href":"https:\/\/api.w.org\/{rel}","templated":true}]}}