{"id":2965,"date":"2022-02-25T15:00:43","date_gmt":"2022-02-25T13:00:43","guid":{"rendered":"https:\/\/vaasangolf.wptest02.vdk.fi\/banan-2\/banan\/bla\/"},"modified":"2023-03-03T12:06:31","modified_gmt":"2023-03-03T10:06:31","slug":"bla","status":"publish","type":"page","link":"https:\/\/vaasangolf.wptest02.vdk.fi\/sv\/banan-2\/banan\/bla\/","title":{"rendered":"Bl\u00e5"},"content":{"rendered":"\t\t<div data-elementor-type=\"wp-page\" data-elementor-id=\"2965\" class=\"elementor elementor-2965 elementor-1480\">\n\t\t\t\t\t\t<div class=\"elementor-inner\">\n\t\t\t\t<div class=\"elementor-section-wrap\">\n\t\t\t\t\t\t\t\t\t<section class=\"elementor-section elementor-top-section elementor-element elementor-element-9ecc907 elementor-section-boxed elementor-section-height-default elementor-section-height-default\" data-id=\"9ecc907\" data-element_type=\"section\">\n\t\t\t\t\t\t<div class=\"elementor-container elementor-column-gap-default\">\n\t\t\t\t\t\t\t<div class=\"elementor-row\">\n\t\t\t\t\t<div class=\"elementor-column elementor-col-100 elementor-top-column elementor-element elementor-element-d046a01\" data-id=\"d046a01\" data-element_type=\"column\">\n\t\t\t<div class=\"elementor-column-wrap elementor-element-populated\">\n\t\t\t\t\t\t\t<div class=\"elementor-widget-wrap\">\n\t\t\t\t\t\t<div class=\"elementor-element elementor-element-23db5ed elementor-widget elementor-widget-accordion\" data-id=\"23db5ed\" data-element_type=\"widget\" data-widget_type=\"accordion.default\">\n\t\t\t\t<div class=\"elementor-widget-container\">\n\t\t\t\t\t<div class=\"elementor-accordion\" role=\"tablist\">\n\t\t\t\t\t\t\t<div class=\"elementor-accordion-item\">\n\t\t\t\t\t<div id=\"elementor-tab-title-3751\" class=\"elementor-tab-title\" data-tab=\"1\" role=\"tab\" aria-controls=\"elementor-tab-content-3751\" aria-expanded=\"false\">\n\t\t\t\t\t\t\t\t\t\t\t\t\t<span class=\"elementor-accordion-icon elementor-accordion-icon-left\" aria-hidden=\"true\">\n\t\t\t\t\t\t\t\t\t\t\t\t\t\t\t<span class=\"elementor-accordion-icon-closed\"><i class=\"fas fa-plus\"><\/i><\/span>\n\t\t\t\t\t\t\t\t<span class=\"elementor-accordion-icon-opened\"><i class=\"fas fa-minus\"><\/i><\/span>\n\t\t\t\t\t\t\t\t\t\t\t\t\t\t<\/span>\n\t\t\t\t\t\t\t\t\t\t\t\t<a class=\"elementor-accordion-title\" href=\"\">Bl\u00e5 1<\/a>\n\t\t\t\t\t<\/div>\n\t\t\t\t\t<div id=\"elementor-tab-content-3751\" class=\"elementor-tab-content elementor-clearfix\" data-tab=\"1\" role=\"tabpanel\" aria-labelledby=\"elementor-tab-title-3751\"><h3>BL\u00c5 1<\/h3><p><a href=\"https:\/\/ismakinen.fi\/\" target=\"_blank\" rel=\"noopener\"><img loading=\"lazy\" class=\"alignnone size-medium wp-image-7179\" src=\"https:\/\/vaasangolf.wptest02.vdk.fi\/wp-content\/uploads\/2023\/03\/ismakinen_logo-1-1-300x104.jpg\" alt=\"\" width=\"300\" height=\"104\" srcset=\"https:\/\/vaasangolf.wptest02.vdk.fi\/wp-content\/uploads\/2023\/03\/ismakinen_logo-1-1-300x104.jpg 300w, https:\/\/vaasangolf.wptest02.vdk.fi\/wp-content\/uploads\/2023\/03\/ismakinen_logo-1-1-600x209.jpg 600w, https:\/\/vaasangolf.wptest02.vdk.fi\/wp-content\/uploads\/2023\/03\/ismakinen_logo-1-1.jpg 644w\" sizes=\"(max-width: 300px) 100vw, 300px\" \/><\/a><\/p><p>\u00a0<\/p><p><img loading=\"lazy\" class=\"alignnone size-full wp-image-2858\" src=\"https:\/\/vaasangolf.wptest02.vdk.fi\/wp-content\/uploads\/2022\/02\/Sininen-1.jpg\" alt=\"\" width=\"1191\" height=\"1977\" srcset=\"https:\/\/vaasangolf.wptest02.vdk.fi\/wp-content\/uploads\/2022\/02\/Sininen-1.jpg 1191w, https:\/\/vaasangolf.wptest02.vdk.fi\/wp-content\/uploads\/2022\/02\/Sininen-1-181x300.jpg 181w, https:\/\/vaasangolf.wptest02.vdk.fi\/wp-content\/uploads\/2022\/02\/Sininen-1-617x1024.jpg 617w, https:\/\/vaasangolf.wptest02.vdk.fi\/wp-content\/uploads\/2022\/02\/Sininen-1-768x1275.jpg 768w, https:\/\/vaasangolf.wptest02.vdk.fi\/wp-content\/uploads\/2022\/02\/Sininen-1-925x1536.jpg 925w, https:\/\/vaasangolf.wptest02.vdk.fi\/wp-content\/uploads\/2022\/02\/Sininen-1-600x996.jpg 600w\" sizes=\"(max-width: 1191px) 100vw, 1191px\" \/><\/p><\/div>\n\t\t\t\t<\/div>\n\t\t\t\t\t\t\t<div class=\"elementor-accordion-item\">\n\t\t\t\t\t<div id=\"elementor-tab-title-3752\" class=\"elementor-tab-title\" data-tab=\"2\" role=\"tab\" aria-controls=\"elementor-tab-content-3752\" aria-expanded=\"false\">\n\t\t\t\t\t\t\t\t\t\t\t\t\t<span class=\"elementor-accordion-icon elementor-accordion-icon-left\" aria-hidden=\"true\">\n\t\t\t\t\t\t\t\t\t\t\t\t\t\t\t<span class=\"elementor-accordion-icon-closed\"><i class=\"fas fa-plus\"><\/i><\/span>\n\t\t\t\t\t\t\t\t<span class=\"elementor-accordion-icon-opened\"><i class=\"fas fa-minus\"><\/i><\/span>\n\t\t\t\t\t\t\t\t\t\t\t\t\t\t<\/span>\n\t\t\t\t\t\t\t\t\t\t\t\t<a class=\"elementor-accordion-title\" href=\"\">Bl\u00e5 2<\/a>\n\t\t\t\t\t<\/div>\n\t\t\t\t\t<div id=\"elementor-tab-content-3752\" class=\"elementor-tab-content elementor-clearfix\" data-tab=\"2\" role=\"tabpanel\" aria-labelledby=\"elementor-tab-title-3752\"><p>\u00a0<\/p><h3>BL\u00c5 2<\/h3><p><a href=\"https:\/\/lkvmuhonen.fi\/\" target=\"_blank\" rel=\"noopener\"><img loading=\"lazy\" class=\"alignnone size-medium wp-image-5266\" src=\"https:\/\/vaasangolf.wptest02.vdk.fi\/wp-content\/uploads\/2022\/07\/LKVmuhonenLOGO4-1-300x300.jpg\" alt=\"\" width=\"300\" height=\"300\" srcset=\"https:\/\/vaasangolf.wptest02.vdk.fi\/wp-content\/uploads\/2022\/07\/LKVmuhonenLOGO4-1-300x300.jpg 300w, https:\/\/vaasangolf.wptest02.vdk.fi\/wp-content\/uploads\/2022\/07\/LKVmuhonenLOGO4-1-150x150.jpg 150w, https:\/\/vaasangolf.wptest02.vdk.fi\/wp-content\/uploads\/2022\/07\/LKVmuhonenLOGO4-1-100x100.jpg 100w, https:\/\/vaasangolf.wptest02.vdk.fi\/wp-content\/uploads\/2022\/07\/LKVmuhonenLOGO4-1.jpg 590w\" sizes=\"(max-width: 300px) 100vw, 300px\" \/><\/a><\/p><p><img loading=\"lazy\" class=\"alignnone size-full wp-image-2863\" src=\"https:\/\/vaasangolf.wptest02.vdk.fi\/wp-content\/uploads\/2022\/02\/Sininen-2.jpg\" alt=\"\" width=\"1206\" height=\"1963\" srcset=\"https:\/\/vaasangolf.wptest02.vdk.fi\/wp-content\/uploads\/2022\/02\/Sininen-2.jpg 1206w, https:\/\/vaasangolf.wptest02.vdk.fi\/wp-content\/uploads\/2022\/02\/Sininen-2-184x300.jpg 184w, https:\/\/vaasangolf.wptest02.vdk.fi\/wp-content\/uploads\/2022\/02\/Sininen-2-629x1024.jpg 629w, https:\/\/vaasangolf.wptest02.vdk.fi\/wp-content\/uploads\/2022\/02\/Sininen-2-768x1250.jpg 768w, https:\/\/vaasangolf.wptest02.vdk.fi\/wp-content\/uploads\/2022\/02\/Sininen-2-944x1536.jpg 944w, https:\/\/vaasangolf.wptest02.vdk.fi\/wp-content\/uploads\/2022\/02\/Sininen-2-600x977.jpg 600w\" sizes=\"(max-width: 1206px) 100vw, 1206px\" \/><\/p><\/div>\n\t\t\t\t<\/div>\n\t\t\t\t\t\t\t<div class=\"elementor-accordion-item\">\n\t\t\t\t\t<div id=\"elementor-tab-title-3753\" class=\"elementor-tab-title\" data-tab=\"3\" role=\"tab\" aria-controls=\"elementor-tab-content-3753\" aria-expanded=\"false\">\n\t\t\t\t\t\t\t\t\t\t\t\t\t<span class=\"elementor-accordion-icon elementor-accordion-icon-left\" aria-hidden=\"true\">\n\t\t\t\t\t\t\t\t\t\t\t\t\t\t\t<span class=\"elementor-accordion-icon-closed\"><i class=\"fas fa-plus\"><\/i><\/span>\n\t\t\t\t\t\t\t\t<span class=\"elementor-accordion-icon-opened\"><i class=\"fas fa-minus\"><\/i><\/span>\n\t\t\t\t\t\t\t\t\t\t\t\t\t\t<\/span>\n\t\t\t\t\t\t\t\t\t\t\t\t<a class=\"elementor-accordion-title\" href=\"\">Bl\u00e5 3<\/a>\n\t\t\t\t\t<\/div>\n\t\t\t\t\t<div id=\"elementor-tab-content-3753\" class=\"elementor-tab-content elementor-clearfix\" data-tab=\"3\" role=\"tabpanel\" aria-labelledby=\"elementor-tab-title-3753\"><h3>BL\u00c5 3<\/h3><p><a href=\"https:\/\/www.wasaline.com\/fi\/\" target=\"_blank\" rel=\"noopener\"><img loading=\"lazy\" class=\"alignnone size-medium wp-image-4467\" src=\"https:\/\/vaasangolf.wptest02.vdk.fi\/wp-content\/uploads\/2022\/04\/wasaline-300x55.png\" alt=\"\" width=\"300\" height=\"55\" srcset=\"https:\/\/vaasangolf.wptest02.vdk.fi\/wp-content\/uploads\/2022\/04\/wasaline-300x55.png 300w, https:\/\/vaasangolf.wptest02.vdk.fi\/wp-content\/uploads\/2022\/04\/wasaline.png 524w\" sizes=\"(max-width: 300px) 100vw, 300px\" \/><\/a><\/p><h3>\u00a0<\/h3><p><img loading=\"lazy\" class=\"alignnone size-full wp-image-2868\" src=\"https:\/\/vaasangolf.wptest02.vdk.fi\/wp-content\/uploads\/2022\/02\/Sininen-3.jpg\" alt=\"\" width=\"1142\" height=\"1960\" srcset=\"https:\/\/vaasangolf.wptest02.vdk.fi\/wp-content\/uploads\/2022\/02\/Sininen-3.jpg 1142w, https:\/\/vaasangolf.wptest02.vdk.fi\/wp-content\/uploads\/2022\/02\/Sininen-3-175x300.jpg 175w, https:\/\/vaasangolf.wptest02.vdk.fi\/wp-content\/uploads\/2022\/02\/Sininen-3-597x1024.jpg 597w, https:\/\/vaasangolf.wptest02.vdk.fi\/wp-content\/uploads\/2022\/02\/Sininen-3-768x1318.jpg 768w, https:\/\/vaasangolf.wptest02.vdk.fi\/wp-content\/uploads\/2022\/02\/Sininen-3-895x1536.jpg 895w, https:\/\/vaasangolf.wptest02.vdk.fi\/wp-content\/uploads\/2022\/02\/Sininen-3-600x1030.jpg 600w\" sizes=\"(max-width: 1142px) 100vw, 1142px\" \/><\/p><\/div>\n\t\t\t\t<\/div>\n\t\t\t\t\t\t\t<div class=\"elementor-accordion-item\">\n\t\t\t\t\t<div id=\"elementor-tab-title-3754\" class=\"elementor-tab-title\" data-tab=\"4\" role=\"tab\" aria-controls=\"elementor-tab-content-3754\" aria-expanded=\"false\">\n\t\t\t\t\t\t\t\t\t\t\t\t\t<span class=\"elementor-accordion-icon elementor-accordion-icon-left\" aria-hidden=\"true\">\n\t\t\t\t\t\t\t\t\t\t\t\t\t\t\t<span class=\"elementor-accordion-icon-closed\"><i class=\"fas fa-plus\"><\/i><\/span>\n\t\t\t\t\t\t\t\t<span class=\"elementor-accordion-icon-opened\"><i class=\"fas fa-minus\"><\/i><\/span>\n\t\t\t\t\t\t\t\t\t\t\t\t\t\t<\/span>\n\t\t\t\t\t\t\t\t\t\t\t\t<a class=\"elementor-accordion-title\" href=\"\">Bl\u00e5 4<\/a>\n\t\t\t\t\t<\/div>\n\t\t\t\t\t<div id=\"elementor-tab-content-3754\" class=\"elementor-tab-content elementor-clearfix\" data-tab=\"4\" role=\"tabpanel\" aria-labelledby=\"elementor-tab-title-3754\"><h3>BL\u00c5 4<\/h3><p><a href=\"https:\/\/www.ekmansystems.fi\/\" target=\"_blank\" rel=\"noopener\"><img loading=\"lazy\" class=\"alignnone size-full wp-image-4552\" src=\"https:\/\/vaasangolf.wptest02.vdk.fi\/wp-content\/uploads\/2021\/08\/Logo-mainokseen-1.jpg\" alt=\"\" width=\"295\" height=\"236\" \/><\/a><\/p><p><img loading=\"lazy\" class=\"alignnone size-full wp-image-2873\" src=\"https:\/\/vaasangolf.wptest02.vdk.fi\/wp-content\/uploads\/2022\/02\/Sininen-4.jpg\" alt=\"\" width=\"1101\" height=\"1951\" srcset=\"https:\/\/vaasangolf.wptest02.vdk.fi\/wp-content\/uploads\/2022\/02\/Sininen-4.jpg 1101w, https:\/\/vaasangolf.wptest02.vdk.fi\/wp-content\/uploads\/2022\/02\/Sininen-4-169x300.jpg 169w, https:\/\/vaasangolf.wptest02.vdk.fi\/wp-content\/uploads\/2022\/02\/Sininen-4-578x1024.jpg 578w, https:\/\/vaasangolf.wptest02.vdk.fi\/wp-content\/uploads\/2022\/02\/Sininen-4-768x1361.jpg 768w, https:\/\/vaasangolf.wptest02.vdk.fi\/wp-content\/uploads\/2022\/02\/Sininen-4-867x1536.jpg 867w, https:\/\/vaasangolf.wptest02.vdk.fi\/wp-content\/uploads\/2022\/02\/Sininen-4-600x1063.jpg 600w\" sizes=\"(max-width: 1101px) 100vw, 1101px\" \/><\/p><\/div>\n\t\t\t\t<\/div>\n\t\t\t\t\t\t\t<div class=\"elementor-accordion-item\">\n\t\t\t\t\t<div id=\"elementor-tab-title-3755\" class=\"elementor-tab-title\" data-tab=\"5\" role=\"tab\" aria-controls=\"elementor-tab-content-3755\" aria-expanded=\"false\">\n\t\t\t\t\t\t\t\t\t\t\t\t\t<span class=\"elementor-accordion-icon elementor-accordion-icon-left\" aria-hidden=\"true\">\n\t\t\t\t\t\t\t\t\t\t\t\t\t\t\t<span class=\"elementor-accordion-icon-closed\"><i class=\"fas fa-plus\"><\/i><\/span>\n\t\t\t\t\t\t\t\t<span class=\"elementor-accordion-icon-opened\"><i class=\"fas fa-minus\"><\/i><\/span>\n\t\t\t\t\t\t\t\t\t\t\t\t\t\t<\/span>\n\t\t\t\t\t\t\t\t\t\t\t\t<a class=\"elementor-accordion-title\" href=\"\">Bl\u00e5 5<\/a>\n\t\t\t\t\t<\/div>\n\t\t\t\t\t<div id=\"elementor-tab-content-3755\" class=\"elementor-tab-content elementor-clearfix\" data-tab=\"5\" role=\"tabpanel\" aria-labelledby=\"elementor-tab-title-3755\"><h3>BL\u00c5 5<\/h3><p><a href=\"https:\/\/www.k-ruoka.fi\/kauppa\/k-citymarket-vaasa-keskusta\" target=\"_blank\" rel=\"noopener\"><img loading=\"lazy\" class=\"alignnone size-medium wp-image-4550\" src=\"https:\/\/vaasangolf.wptest02.vdk.fi\/wp-content\/uploads\/2021\/08\/KCM_logot_Vaasa_Keskusta_White-1-300x212.jpg\" alt=\"\" width=\"300\" height=\"212\" srcset=\"https:\/\/vaasangolf.wptest02.vdk.fi\/wp-content\/uploads\/2021\/08\/KCM_logot_Vaasa_Keskusta_White-1-300x212.jpg 300w, https:\/\/vaasangolf.wptest02.vdk.fi\/wp-content\/uploads\/2021\/08\/KCM_logot_Vaasa_Keskusta_White-1-1024x724.jpg 1024w, https:\/\/vaasangolf.wptest02.vdk.fi\/wp-content\/uploads\/2021\/08\/KCM_logot_Vaasa_Keskusta_White-1-768x543.jpg 768w, https:\/\/vaasangolf.wptest02.vdk.fi\/wp-content\/uploads\/2021\/08\/KCM_logot_Vaasa_Keskusta_White-1-1536x1087.jpg 1536w, https:\/\/vaasangolf.wptest02.vdk.fi\/wp-content\/uploads\/2021\/08\/KCM_logot_Vaasa_Keskusta_White-1-600x424.jpg 600w, https:\/\/vaasangolf.wptest02.vdk.fi\/wp-content\/uploads\/2021\/08\/KCM_logot_Vaasa_Keskusta_White-1.jpg 1753w\" sizes=\"(max-width: 300px) 100vw, 300px\" \/><\/a><\/p><p>\u00a0<\/p><p><img loading=\"lazy\" class=\"alignnone size-full wp-image-2878\" src=\"https:\/\/vaasangolf.wptest02.vdk.fi\/wp-content\/uploads\/2022\/02\/Sininen-5.jpg\" alt=\"\" width=\"1198\" height=\"1893\" srcset=\"https:\/\/vaasangolf.wptest02.vdk.fi\/wp-content\/uploads\/2022\/02\/Sininen-5.jpg 1198w, https:\/\/vaasangolf.wptest02.vdk.fi\/wp-content\/uploads\/2022\/02\/Sininen-5-190x300.jpg 190w, https:\/\/vaasangolf.wptest02.vdk.fi\/wp-content\/uploads\/2022\/02\/Sininen-5-648x1024.jpg 648w, https:\/\/vaasangolf.wptest02.vdk.fi\/wp-content\/uploads\/2022\/02\/Sininen-5-768x1214.jpg 768w, https:\/\/vaasangolf.wptest02.vdk.fi\/wp-content\/uploads\/2022\/02\/Sininen-5-972x1536.jpg 972w, https:\/\/vaasangolf.wptest02.vdk.fi\/wp-content\/uploads\/2022\/02\/Sininen-5-600x948.jpg 600w\" sizes=\"(max-width: 1198px) 100vw, 1198px\" \/>Haitarin sis\u00e4lt\u00f6<\/p><\/div>\n\t\t\t\t<\/div>\n\t\t\t\t\t\t\t<div class=\"elementor-accordion-item\">\n\t\t\t\t\t<div id=\"elementor-tab-title-3756\" class=\"elementor-tab-title\" data-tab=\"6\" role=\"tab\" aria-controls=\"elementor-tab-content-3756\" aria-expanded=\"false\">\n\t\t\t\t\t\t\t\t\t\t\t\t\t<span class=\"elementor-accordion-icon elementor-accordion-icon-left\" aria-hidden=\"true\">\n\t\t\t\t\t\t\t\t\t\t\t\t\t\t\t<span class=\"elementor-accordion-icon-closed\"><i class=\"fas fa-plus\"><\/i><\/span>\n\t\t\t\t\t\t\t\t<span class=\"elementor-accordion-icon-opened\"><i class=\"fas fa-minus\"><\/i><\/span>\n\t\t\t\t\t\t\t\t\t\t\t\t\t\t<\/span>\n\t\t\t\t\t\t\t\t\t\t\t\t<a class=\"elementor-accordion-title\" href=\"\">Bl\u00e5 6<\/a>\n\t\t\t\t\t<\/div>\n\t\t\t\t\t<div id=\"elementor-tab-content-3756\" class=\"elementor-tab-content elementor-clearfix\" data-tab=\"6\" role=\"tabpanel\" aria-labelledby=\"elementor-tab-title-3756\"><p>\u00a0<\/p><h3>BL\u00c5 6<\/h3><p>\u00a0<\/p><p><img loading=\"lazy\" class=\"alignnone size-full wp-image-2883\" src=\"https:\/\/vaasangolf.wptest02.vdk.fi\/wp-content\/uploads\/2022\/02\/Sininen-6.jpg\" alt=\"\" width=\"1215\" height=\"1987\" srcset=\"https:\/\/vaasangolf.wptest02.vdk.fi\/wp-content\/uploads\/2022\/02\/Sininen-6.jpg 1215w, https:\/\/vaasangolf.wptest02.vdk.fi\/wp-content\/uploads\/2022\/02\/Sininen-6-183x300.jpg 183w, https:\/\/vaasangolf.wptest02.vdk.fi\/wp-content\/uploads\/2022\/02\/Sininen-6-626x1024.jpg 626w, https:\/\/vaasangolf.wptest02.vdk.fi\/wp-content\/uploads\/2022\/02\/Sininen-6-768x1256.jpg 768w, https:\/\/vaasangolf.wptest02.vdk.fi\/wp-content\/uploads\/2022\/02\/Sininen-6-939x1536.jpg 939w, https:\/\/vaasangolf.wptest02.vdk.fi\/wp-content\/uploads\/2022\/02\/Sininen-6-600x981.jpg 600w\" sizes=\"(max-width: 1215px) 100vw, 1215px\" \/><\/p><\/div>\n\t\t\t\t<\/div>\n\t\t\t\t\t\t\t<div class=\"elementor-accordion-item\">\n\t\t\t\t\t<div id=\"elementor-tab-title-3757\" class=\"elementor-tab-title\" data-tab=\"7\" role=\"tab\" aria-controls=\"elementor-tab-content-3757\" aria-expanded=\"false\">\n\t\t\t\t\t\t\t\t\t\t\t\t\t<span class=\"elementor-accordion-icon elementor-accordion-icon-left\" aria-hidden=\"true\">\n\t\t\t\t\t\t\t\t\t\t\t\t\t\t\t<span class=\"elementor-accordion-icon-closed\"><i class=\"fas fa-plus\"><\/i><\/span>\n\t\t\t\t\t\t\t\t<span class=\"elementor-accordion-icon-opened\"><i class=\"fas fa-minus\"><\/i><\/span>\n\t\t\t\t\t\t\t\t\t\t\t\t\t\t<\/span>\n\t\t\t\t\t\t\t\t\t\t\t\t<a class=\"elementor-accordion-title\" href=\"\">Bl\u00e5 7<\/a>\n\t\t\t\t\t<\/div>\n\t\t\t\t\t<div id=\"elementor-tab-content-3757\" class=\"elementor-tab-content elementor-clearfix\" data-tab=\"7\" role=\"tabpanel\" aria-labelledby=\"elementor-tab-title-3757\"><h3>BL\u00c5 7<\/h3><p><a href=\"https:\/\/fliq.io\/\" target=\"_blank\" rel=\"noopener\"><img loading=\"lazy\" class=\"alignnone size-medium wp-image-5856\" src=\"https:\/\/vaasangolf.wptest02.vdk.fi\/wp-content\/uploads\/2022\/09\/FLIQ_cmyk-5-1-1-1-300x112.jpg\" alt=\"\" width=\"300\" height=\"112\" srcset=\"https:\/\/vaasangolf.wptest02.vdk.fi\/wp-content\/uploads\/2022\/09\/FLIQ_cmyk-5-1-1-1-300x112.jpg 300w, https:\/\/vaasangolf.wptest02.vdk.fi\/wp-content\/uploads\/2022\/09\/FLIQ_cmyk-5-1-1-1-1024x381.jpg 1024w, https:\/\/vaasangolf.wptest02.vdk.fi\/wp-content\/uploads\/2022\/09\/FLIQ_cmyk-5-1-1-1-768x285.jpg 768w, https:\/\/vaasangolf.wptest02.vdk.fi\/wp-content\/uploads\/2022\/09\/FLIQ_cmyk-5-1-1-1-1536x571.jpg 1536w, https:\/\/vaasangolf.wptest02.vdk.fi\/wp-content\/uploads\/2022\/09\/FLIQ_cmyk-5-1-1-1-600x223.jpg 600w, https:\/\/vaasangolf.wptest02.vdk.fi\/wp-content\/uploads\/2022\/09\/FLIQ_cmyk-5-1-1-1.jpg 1649w\" sizes=\"(max-width: 300px) 100vw, 300px\" \/><\/a><\/p><p>\u00a0<\/p><p><img loading=\"lazy\" class=\"alignnone size-full wp-image-2888\" src=\"https:\/\/vaasangolf.wptest02.vdk.fi\/wp-content\/uploads\/2022\/02\/Sininen-7.jpg\" alt=\"\" width=\"1159\" height=\"1976\" srcset=\"https:\/\/vaasangolf.wptest02.vdk.fi\/wp-content\/uploads\/2022\/02\/Sininen-7.jpg 1159w, https:\/\/vaasangolf.wptest02.vdk.fi\/wp-content\/uploads\/2022\/02\/Sininen-7-176x300.jpg 176w, https:\/\/vaasangolf.wptest02.vdk.fi\/wp-content\/uploads\/2022\/02\/Sininen-7-601x1024.jpg 601w, https:\/\/vaasangolf.wptest02.vdk.fi\/wp-content\/uploads\/2022\/02\/Sininen-7-768x1309.jpg 768w, https:\/\/vaasangolf.wptest02.vdk.fi\/wp-content\/uploads\/2022\/02\/Sininen-7-901x1536.jpg 901w, https:\/\/vaasangolf.wptest02.vdk.fi\/wp-content\/uploads\/2022\/02\/Sininen-7-600x1023.jpg 600w\" sizes=\"(max-width: 1159px) 100vw, 1159px\" \/><\/p><\/div>\n\t\t\t\t<\/div>\n\t\t\t\t\t\t\t<div class=\"elementor-accordion-item\">\n\t\t\t\t\t<div id=\"elementor-tab-title-3758\" class=\"elementor-tab-title\" data-tab=\"8\" role=\"tab\" aria-controls=\"elementor-tab-content-3758\" aria-expanded=\"false\">\n\t\t\t\t\t\t\t\t\t\t\t\t\t<span class=\"elementor-accordion-icon elementor-accordion-icon-left\" aria-hidden=\"true\">\n\t\t\t\t\t\t\t\t\t\t\t\t\t\t\t<span class=\"elementor-accordion-icon-closed\"><i class=\"fas fa-plus\"><\/i><\/span>\n\t\t\t\t\t\t\t\t<span class=\"elementor-accordion-icon-opened\"><i class=\"fas fa-minus\"><\/i><\/span>\n\t\t\t\t\t\t\t\t\t\t\t\t\t\t<\/span>\n\t\t\t\t\t\t\t\t\t\t\t\t<a class=\"elementor-accordion-title\" href=\"\">Bl\u00e5 8<\/a>\n\t\t\t\t\t<\/div>\n\t\t\t\t\t<div id=\"elementor-tab-content-3758\" class=\"elementor-tab-content elementor-clearfix\" data-tab=\"8\" role=\"tabpanel\" aria-labelledby=\"elementor-tab-title-3758\"><h3>BL\u00c5 8<\/h3><p>\u00a0<\/p><p>\u00a0<\/p><p><img loading=\"lazy\" class=\"alignnone size-full wp-image-2893\" src=\"https:\/\/vaasangolf.wptest02.vdk.fi\/wp-content\/uploads\/2022\/02\/Sininen-8-1.jpg\" alt=\"\" width=\"1138\" height=\"1954\" srcset=\"https:\/\/vaasangolf.wptest02.vdk.fi\/wp-content\/uploads\/2022\/02\/Sininen-8-1.jpg 1138w, https:\/\/vaasangolf.wptest02.vdk.fi\/wp-content\/uploads\/2022\/02\/Sininen-8-1-175x300.jpg 175w, https:\/\/vaasangolf.wptest02.vdk.fi\/wp-content\/uploads\/2022\/02\/Sininen-8-1-596x1024.jpg 596w, https:\/\/vaasangolf.wptest02.vdk.fi\/wp-content\/uploads\/2022\/02\/Sininen-8-1-768x1319.jpg 768w, https:\/\/vaasangolf.wptest02.vdk.fi\/wp-content\/uploads\/2022\/02\/Sininen-8-1-895x1536.jpg 895w, https:\/\/vaasangolf.wptest02.vdk.fi\/wp-content\/uploads\/2022\/02\/Sininen-8-1-600x1030.jpg 600w\" sizes=\"(max-width: 1138px) 100vw, 1138px\" \/><\/p><\/div>\n\t\t\t\t<\/div>\n\t\t\t\t\t\t\t<div class=\"elementor-accordion-item\">\n\t\t\t\t\t<div id=\"elementor-tab-title-3759\" class=\"elementor-tab-title\" data-tab=\"9\" role=\"tab\" aria-controls=\"elementor-tab-content-3759\" aria-expanded=\"false\">\n\t\t\t\t\t\t\t\t\t\t\t\t\t<span class=\"elementor-accordion-icon elementor-accordion-icon-left\" aria-hidden=\"true\">\n\t\t\t\t\t\t\t\t\t\t\t\t\t\t\t<span class=\"elementor-accordion-icon-closed\"><i class=\"fas fa-plus\"><\/i><\/span>\n\t\t\t\t\t\t\t\t<span class=\"elementor-accordion-icon-opened\"><i class=\"fas fa-minus\"><\/i><\/span>\n\t\t\t\t\t\t\t\t\t\t\t\t\t\t<\/span>\n\t\t\t\t\t\t\t\t\t\t\t\t<a class=\"elementor-accordion-title\" href=\"\">Bl\u00e5 9<\/a>\n\t\t\t\t\t<\/div>\n\t\t\t\t\t<div id=\"elementor-tab-content-3759\" class=\"elementor-tab-content elementor-clearfix\" data-tab=\"9\" role=\"tabpanel\" aria-labelledby=\"elementor-tab-title-3759\"><h3>BL\u00c5 9<\/h3><p>\u00a0<\/p><p>\u00a0<\/p><p><img loading=\"lazy\" class=\"alignnone size-full wp-image-2898\" src=\"https:\/\/vaasangolf.wptest02.vdk.fi\/wp-content\/uploads\/2022\/02\/Sininen-9.jpg\" alt=\"\" width=\"1144\" height=\"1996\" srcset=\"https:\/\/vaasangolf.wptest02.vdk.fi\/wp-content\/uploads\/2022\/02\/Sininen-9.jpg 1144w, https:\/\/vaasangolf.wptest02.vdk.fi\/wp-content\/uploads\/2022\/02\/Sininen-9-172x300.jpg 172w, https:\/\/vaasangolf.wptest02.vdk.fi\/wp-content\/uploads\/2022\/02\/Sininen-9-587x1024.jpg 587w, https:\/\/vaasangolf.wptest02.vdk.fi\/wp-content\/uploads\/2022\/02\/Sininen-9-768x1340.jpg 768w, https:\/\/vaasangolf.wptest02.vdk.fi\/wp-content\/uploads\/2022\/02\/Sininen-9-880x1536.jpg 880w, https:\/\/vaasangolf.wptest02.vdk.fi\/wp-content\/uploads\/2022\/02\/Sininen-9-600x1047.jpg 600w\" sizes=\"(max-width: 1144px) 100vw, 1144px\" \/><\/p><\/div>\n\t\t\t\t<\/div>\n\t\t\t\t\t\t\t\t<\/div>\n\t\t\t\t<\/div>\n\t\t\t\t<\/div>\n\t\t\t\t\t\t<\/div>\n\t\t\t\t\t<\/div>\n\t\t<\/div>\n\t\t\t\t\t\t\t\t<\/div>\n\t\t\t\t\t<\/div>\n\t\t<\/section>\n\t\t\t\t\t\t\t\t\t<\/div>\n\t\t\t<\/div>\n\t\t\t\t\t<\/div>\n\t\t","protected":false},"excerpt":{"rendered":"<p>Bl\u00e5 1 BL\u00c5 1 \u00a0 Bl\u00e5 2 \u00a0 BL\u00c5 2 Bl\u00e5 3 BL\u00c5 3 \u00a0 Bl\u00e5 4 BL\u00c5 4 Bl\u00e5 5 BL\u00c5 5 \u00a0 Haitarin sis\u00e4lt\u00f6 Bl\u00e5 6 \u00a0 BL\u00c5 6 \u00a0 Bl\u00e5 7 BL\u00c5 7 \u00a0 Bl\u00e5 8 BL\u00c5 8 \u00a0 \u00a0 Bl\u00e5 9 BL\u00c5 9 \u00a0 \u00a0<\/p>\n","protected":false},"author":2,"featured_media":0,"parent":2536,"menu_order":0,"comment_status":"closed","ping_status":"closed","template":"","meta":{"_expiration-date-status":"","_expiration-date":0,"_expiration-date-type":"","_expiration-date-categories":[],"_expiration-date-options":[]},"acf":[],"_links":{"self":[{"href":"https:\/\/vaasangolf.wptest02.vdk.fi\/sv\/wp-json\/wp\/v2\/pages\/2965"}],"collection":[{"href":"https:\/\/vaasangolf.wptest02.vdk.fi\/sv\/wp-json\/wp\/v2\/pages"}],"about":[{"href":"https:\/\/vaasangolf.wptest02.vdk.fi\/sv\/wp-json\/wp\/v2\/types\/page"}],"author":[{"embeddable":true,"href":"https:\/\/vaasangolf.wptest02.vdk.fi\/sv\/wp-json\/wp\/v2\/users\/2"}],"replies":[{"embeddable":true,"href":"https:\/\/vaasangolf.wptest02.vdk.fi\/sv\/wp-json\/wp\/v2\/comments?post=2965"}],"version-history":[{"count":22,"href":"https:\/\/vaasangolf.wptest02.vdk.fi\/sv\/wp-json\/wp\/v2\/pages\/2965\/revisions"}],"predecessor-version":[{"id":7235,"href":"https:\/\/vaasangolf.wptest02.vdk.fi\/sv\/wp-json\/wp\/v2\/pages\/2965\/revisions\/7235"}],"up":[{"embeddable":true,"href":"https:\/\/vaasangolf.wptest02.vdk.fi\/sv\/wp-json\/wp\/v2\/pages\/2536"}],"wp:attachment":[{"href":"https:\/\/vaasangolf.wptest02.vdk.fi\/sv\/wp-json\/wp\/v2\/media?parent=2965"}],"curies":[{"name":"wp","href":"https:\/\/api.w.org\/{rel}","templated":true}]}}