{"id":2972,"date":"2022-02-25T15:18:08","date_gmt":"2022-02-25T13:18:08","guid":{"rendered":"https:\/\/vaasangolf.wptest02.vdk.fi\/banan-2\/banan\/slopestabeller\/"},"modified":"2022-03-04T12:03:50","modified_gmt":"2022-03-04T10:03:50","slug":"slopestabeller","status":"publish","type":"page","link":"https:\/\/vaasangolf.wptest02.vdk.fi\/sv\/banan-2\/banan\/slopestabeller\/","title":{"rendered":"Slopetabeller"},"content":{"rendered":"<h2>Slopetabeller enligt det nya handikappsystemet WHS<\/h2>\n<p>(tabeller \u00f6ppnas fr\u00e5n l\u00e4nkar i ett nytt f\u00f6nster)<\/p>\n<p>OBS! Om spelaren bara spelar 9 h\u00e5l p\u00e5 den Gula-banan m\u00e5ste man anv\u00e4nda slopetabellen f\u00f6r Yellow \u2013 Yellow (inte Yellow-Blue eller Yellow-White) f\u00f6r att handikappber\u00e4kningen ska vara 100% korrekt.<\/p>\n<table border=\"1\">\n<tbody>\n<tr>\n<td><b>Herrar<\/b><\/td>\n<td><strong>Damer<\/strong><\/td>\n<\/tr>\n<tr>\n<td><a href=\"https:\/\/vaasangolf.wptest02.vdk.fi\/wp-content\/uploads\/2022\/02\/VaG-Yellow_m_18.pdf\">Gul\u00a0<\/a><\/td>\n<td><a href=\"https:\/\/vaasangolf.wptest02.vdk.fi\/wp-content\/uploads\/2022\/02\/VaG-Yellow_n_18.pdf\">Gul<\/a><\/td>\n<\/tr>\n<tr>\n<td><a href=\"https:\/\/vaasangolf.wptest02.vdk.fi\/wp-content\/uploads\/2022\/02\/VaG-White_m_18.pdf\">Vit<\/a><\/td>\n<td><a href=\"https:\/\/vaasangolf.wptest02.vdk.fi\/wp-content\/uploads\/2022\/02\/VaG-White_n_18.pdf\">Vit<\/a><\/td>\n<\/tr>\n<tr>\n<td><a href=\"https:\/\/vaasangolf.wptest02.vdk.fi\/wp-content\/uploads\/2022\/02\/VaG-Blue_m_18.pdf\">Bl\u00e5<\/a><\/td>\n<td><a href=\"https:\/\/vaasangolf.wptest02.vdk.fi\/wp-content\/uploads\/2022\/02\/VaG-Blue_n_18.pdf\">Bl\u00e5<\/a><\/td>\n<\/tr>\n<tr>\n<td><a href=\"https:\/\/vaasangolf.wptest02.vdk.fi\/wp-content\/uploads\/2022\/02\/VaG-YellowWhite_m_18.pdf\">Gul-Vit<\/a><\/td>\n<td><a href=\"https:\/\/vaasangolf.wptest02.vdk.fi\/wp-content\/uploads\/2022\/02\/VaG-YellowWhite_n_18.pdf\">Gul-Vit<\/a><\/td>\n<\/tr>\n<tr>\n<td><a href=\"https:\/\/vaasangolf.wptest02.vdk.fi\/wp-content\/uploads\/2022\/02\/VaG-YellowBlue_m_18.pdf\">Gul-Bl\u00e5<\/a><\/td>\n<td><a href=\"https:\/\/vaasangolf.wptest02.vdk.fi\/wp-content\/uploads\/2022\/02\/VaG-YellowBlue_n_18.pdf\">Gul-Bl\u00e5<\/a><\/td>\n<\/tr>\n<tr>\n<td><a href=\"https:\/\/vaasangolf.wptest02.vdk.fi\/wp-content\/uploads\/2022\/02\/VaG-BlueWhite_m_18.pdf\">Bl\u00e5-Vit<\/a><\/td>\n<td><a href=\"https:\/\/vaasangolf.wptest02.vdk.fi\/wp-content\/uploads\/2022\/02\/VaG-BlueWhite_n_18.pdf\">Bl\u00e5-Vit<\/a><\/td>\n<\/tr>\n<tr>\n<td><a href=\"https:\/\/vaasangolf.wptest02.vdk.fi\/wp-content\/uploads\/2022\/02\/VaG-Old-Course_m_18.pdf\">Old Course<\/a><\/td>\n<td><a href=\"https:\/\/vaasangolf.wptest02.vdk.fi\/wp-content\/uploads\/2022\/02\/VaG-Old-Course_n_18.pdf\">Old Course<\/a><\/td>\n<\/tr>\n<tr>\n<td><a href=\"https:\/\/vaasangolf.wptest02.vdk.fi\/wp-content\/uploads\/2022\/02\/VaG-Jokamieskentta_m_18.pdf\">Varmansbana<\/a><\/td>\n<td><a href=\"https:\/\/vaasangolf.wptest02.vdk.fi\/wp-content\/uploads\/2022\/02\/VaG-Jokamieskentta_n_18.pdf\">Varmansbana\u00a0 \u00a0 \u00a0 \u00a0 \u00a0 \u00a0 \u00a0 \u00a0 \u00a0 \u00a0 \u00a0 \u00a0 \u00a0 \u00a0 \u00a0 \u00a0 \u00a0 \u00a0 \u00a0 \u00a0 \u00a0 \u00a0 \u00a0 \u00a0\u00a0<\/a><\/td>\n<\/tr>\n<\/tbody>\n<\/table>\n<p><strong>KONTROLLERA ALLTID SLOPE FR\u00c5N OFFICIELLA SLOPETABELLER!<\/strong><\/p>\n","protected":false},"excerpt":{"rendered":"<p>Slopetabeller enligt det nya handikappsystemet WHS (tabeller \u00f6ppnas fr\u00e5n l\u00e4nkar i ett nytt f\u00f6nster) OBS! Om spelaren bara spelar 9 h\u00e5l p\u00e5 den Gula-banan m\u00e5ste man anv\u00e4nda slopetabellen f\u00f6r Yellow \u2013 Yellow (inte Yellow-Blue eller Yellow-White) f\u00f6r att handikappber\u00e4kningen ska vara 100% korrekt. Herrar Damer Gul\u00a0 Gul Vit Vit Bl\u00e5 Bl\u00e5 Gul-Vit Gul-Vit Gul-Bl\u00e5 Gul-Bl\u00e5 [&hellip;]<\/p>\n","protected":false},"author":2,"featured_media":0,"parent":2536,"menu_order":0,"comment_status":"closed","ping_status":"closed","template":"","meta":{"_expiration-date-status":"","_expiration-date":0,"_expiration-date-type":"","_expiration-date-categories":[],"_expiration-date-options":[]},"acf":[],"_links":{"self":[{"href":"https:\/\/vaasangolf.wptest02.vdk.fi\/sv\/wp-json\/wp\/v2\/pages\/2972"}],"collection":[{"href":"https:\/\/vaasangolf.wptest02.vdk.fi\/sv\/wp-json\/wp\/v2\/pages"}],"about":[{"href":"https:\/\/vaasangolf.wptest02.vdk.fi\/sv\/wp-json\/wp\/v2\/types\/page"}],"author":[{"embeddable":true,"href":"https:\/\/vaasangolf.wptest02.vdk.fi\/sv\/wp-json\/wp\/v2\/users\/2"}],"replies":[{"embeddable":true,"href":"https:\/\/vaasangolf.wptest02.vdk.fi\/sv\/wp-json\/wp\/v2\/comments?post=2972"}],"version-history":[{"count":5,"href":"https:\/\/vaasangolf.wptest02.vdk.fi\/sv\/wp-json\/wp\/v2\/pages\/2972\/revisions"}],"predecessor-version":[{"id":3320,"href":"https:\/\/vaasangolf.wptest02.vdk.fi\/sv\/wp-json\/wp\/v2\/pages\/2972\/revisions\/3320"}],"up":[{"embeddable":true,"href":"https:\/\/vaasangolf.wptest02.vdk.fi\/sv\/wp-json\/wp\/v2\/pages\/2536"}],"wp:attachment":[{"href":"https:\/\/vaasangolf.wptest02.vdk.fi\/sv\/wp-json\/wp\/v2\/media?parent=2972"}],"curies":[{"name":"wp","href":"https:\/\/api.w.org\/{rel}","templated":true}]}}