{"id":2977,"date":"2022-02-28T14:14:36","date_gmt":"2022-02-28T12:14:36","guid":{"rendered":"https:\/\/vaasangolf.wptest02.vdk.fi\/banan-2\/prslista\/"},"modified":"2023-04-24T10:16:56","modified_gmt":"2023-04-24T07:16:56","slug":"prislista","status":"publish","type":"page","link":"https:\/\/vaasangolf.wptest02.vdk.fi\/sv\/banan-2\/prislista\/","title":{"rendered":"Prislista"},"content":{"rendered":"\t\t<div data-elementor-type=\"wp-page\" data-elementor-id=\"2977\" class=\"elementor elementor-2977 elementor-1466\">\n\t\t\t\t\t\t<div class=\"elementor-inner\">\n\t\t\t\t<div class=\"elementor-section-wrap\">\n\t\t\t\t\t\t\t\t\t<section class=\"elementor-section elementor-top-section elementor-element elementor-element-8f241ab elementor-section-boxed elementor-section-height-default elementor-section-height-default\" data-id=\"8f241ab\" data-element_type=\"section\">\n\t\t\t\t\t\t<div class=\"elementor-container elementor-column-gap-default\">\n\t\t\t\t\t\t\t<div class=\"elementor-row\">\n\t\t\t\t\t<div class=\"elementor-column elementor-col-100 elementor-top-column elementor-element elementor-element-a122080\" data-id=\"a122080\" data-element_type=\"column\">\n\t\t\t<div class=\"elementor-column-wrap elementor-element-populated\">\n\t\t\t\t\t\t\t<div class=\"elementor-widget-wrap\">\n\t\t\t\t\t\t<div class=\"elementor-element elementor-element-2f14a72 elementor-widget elementor-widget-html\" data-id=\"2f14a72\" data-element_type=\"widget\" data-widget_type=\"html.default\">\n\t\t\t\t<div class=\"elementor-widget-container\">\n\t\t\t<script> \r\njQuery(document).ready(function($) { \r\nvar delay = 100; setTimeout(function() { \r\n$('.elementor-tab-title').removeClass('elementor-active');\r\n $('.elementor-tab-content').css('display', 'none'); }, delay); \r\n}); \r\n<\/script>\t\t<\/div>\n\t\t\t\t<\/div>\n\t\t\t\t\t\t<\/div>\n\t\t\t\t\t<\/div>\n\t\t<\/div>\n\t\t\t\t\t\t\t\t<\/div>\n\t\t\t\t\t<\/div>\n\t\t<\/section>\n\t\t\t\t<section class=\"elementor-section elementor-top-section elementor-element elementor-element-ac7145e elementor-section-boxed elementor-section-height-default elementor-section-height-default\" data-id=\"ac7145e\" data-element_type=\"section\">\n\t\t\t\t\t\t<div class=\"elementor-container elementor-column-gap-default\">\n\t\t\t\t\t\t\t<div class=\"elementor-row\">\n\t\t\t\t\t<div class=\"elementor-column elementor-col-100 elementor-top-column elementor-element elementor-element-0fb3f2e\" data-id=\"0fb3f2e\" data-element_type=\"column\">\n\t\t\t<div class=\"elementor-column-wrap elementor-element-populated\">\n\t\t\t\t\t\t\t<div class=\"elementor-widget-wrap\">\n\t\t\t\t\t\t<div class=\"elementor-element elementor-element-afea286 elementor-widget elementor-widget-accordion\" data-id=\"afea286\" data-element_type=\"widget\" data-widget_type=\"accordion.default\">\n\t\t\t\t<div class=\"elementor-widget-container\">\n\t\t\t\t\t<div class=\"elementor-accordion\" role=\"tablist\">\n\t\t\t\t\t\t\t<div class=\"elementor-accordion-item\">\n\t\t\t\t\t<div id=\"elementor-tab-title-1841\" class=\"elementor-tab-title\" data-tab=\"1\" role=\"tab\" aria-controls=\"elementor-tab-content-1841\" aria-expanded=\"false\">\n\t\t\t\t\t\t\t\t\t\t\t\t\t<span class=\"elementor-accordion-icon elementor-accordion-icon-left\" aria-hidden=\"true\">\n\t\t\t\t\t\t\t\t\t\t\t\t\t\t\t<span class=\"elementor-accordion-icon-closed\"><i class=\"fas fa-plus\"><\/i><\/span>\n\t\t\t\t\t\t\t\t<span class=\"elementor-accordion-icon-opened\"><i class=\"fas fa-minus\"><\/i><\/span>\n\t\t\t\t\t\t\t\t\t\t\t\t\t\t<\/span>\n\t\t\t\t\t\t\t\t\t\t\t\t<a class=\"elementor-accordion-title\" href=\"\">Greenfee 2023<\/a>\n\t\t\t\t\t<\/div>\n\t\t\t\t\t<div id=\"elementor-tab-content-1841\" class=\"elementor-tab-content elementor-clearfix\" data-tab=\"1\" role=\"tabpanel\" aria-labelledby=\"elementor-tab-title-1841\"><table width=\"671\"><tbody><tr><td>\u00a0<\/td><td><strong>Vuxna<\/strong><\/td><td><strong>Juniorer \/ Studerande (22-29)<\/strong><\/td><\/tr><tr><td>Varmansbana<\/td><td>10 \u20ac<\/td><td>7 \u20ac \/ 7 \u20ac<\/td><\/tr><tr><td>Dags-greenfee<\/td><td>55 \u20ac<\/td><td>35 \u20ac \/ 35 \u20ac<\/td><\/tr><tr><td>Dags-greenfee, VaG medlemmar<\/td><td>45 \u20ac<\/td><td>30 \u20ac \/ 30 \u20ac<\/td><\/tr><tr><td>9-h\u00e5lsrunda<\/td><td>30 \u20ac<\/td><td>25 \u20ac \/ 25 \u20ac<\/td><\/tr><tr><td>9-h\u00e5lsrunda, VaG medlemmar<\/td><td>25 \u20ac<\/td><td>15 \u20ac \/ 20 \u20ac<\/td><\/tr><tr><td>5-greenfeekort f\u00f6r 5 spelrundor<\/td><td>250 \u20ac<\/td><td>\u00a0 VaG medlemmar 220 \u20ac<\/td><\/tr><tr><td>10-greenfeekort f\u00f6r 10 spelrundor<\/td><td>500 \u20ac<\/td><td>\u00a0 VaG medlemmar 400 \u20ac<\/td><\/tr><\/tbody><\/table><\/div>\n\t\t\t\t<\/div>\n\t\t\t\t\t\t\t<div class=\"elementor-accordion-item\">\n\t\t\t\t\t<div id=\"elementor-tab-title-1842\" class=\"elementor-tab-title\" data-tab=\"2\" role=\"tab\" aria-controls=\"elementor-tab-content-1842\" aria-expanded=\"false\">\n\t\t\t\t\t\t\t\t\t\t\t\t\t<span class=\"elementor-accordion-icon elementor-accordion-icon-left\" aria-hidden=\"true\">\n\t\t\t\t\t\t\t\t\t\t\t\t\t\t\t<span class=\"elementor-accordion-icon-closed\"><i class=\"fas fa-plus\"><\/i><\/span>\n\t\t\t\t\t\t\t\t<span class=\"elementor-accordion-icon-opened\"><i class=\"fas fa-minus\"><\/i><\/span>\n\t\t\t\t\t\t\t\t\t\t\t\t\t\t<\/span>\n\t\t\t\t\t\t\t\t\t\t\t\t<a class=\"elementor-accordion-title\" href=\"\"> Range 2023<\/a>\n\t\t\t\t\t<\/div>\n\t\t\t\t\t<div id=\"elementor-tab-content-1842\" class=\"elementor-tab-content elementor-clearfix\" data-tab=\"2\" role=\"tabpanel\" aria-labelledby=\"elementor-tab-title-1842\"><table width=\"671\"><tbody><tr><td>Polett (45 bollar)<\/td><td>3 \u20ac<\/td><\/tr><tr><td>Magnetknapp<\/td><td>10 \u20ac<\/td><\/tr><tr><td>Magnetknapp, p\u00e5fyllning 10 korgar<\/td><td>30 \u20ac<\/td><\/tr><tr><td>Magnetknapp, p\u00e5fyllning 20 korgar<\/td><td>60 \u20ac<\/td><\/tr><tr><td>Magnetknapp, p\u00e5fyllning 50 korgar<\/td><td>130 \u20ac<\/td><\/tr><tr><td>Magnetknapp, p\u00e5fyllning 100 korgar<\/td><td>200 \u20ac<\/td><\/tr><\/tbody><\/table><\/div>\n\t\t\t\t<\/div>\n\t\t\t\t\t\t\t<div class=\"elementor-accordion-item\">\n\t\t\t\t\t<div id=\"elementor-tab-title-1843\" class=\"elementor-tab-title\" data-tab=\"3\" role=\"tab\" aria-controls=\"elementor-tab-content-1843\" aria-expanded=\"false\">\n\t\t\t\t\t\t\t\t\t\t\t\t\t<span class=\"elementor-accordion-icon elementor-accordion-icon-left\" aria-hidden=\"true\">\n\t\t\t\t\t\t\t\t\t\t\t\t\t\t\t<span class=\"elementor-accordion-icon-closed\"><i class=\"fas fa-plus\"><\/i><\/span>\n\t\t\t\t\t\t\t\t<span class=\"elementor-accordion-icon-opened\"><i class=\"fas fa-minus\"><\/i><\/span>\n\t\t\t\t\t\t\t\t\t\t\t\t\t\t<\/span>\n\t\t\t\t\t\t\t\t\t\t\t\t<a class=\"elementor-accordion-title\" href=\"\">T\u00e4vlingsavgifter 2022<\/a>\n\t\t\t\t\t<\/div>\n\t\t\t\t\t<div id=\"elementor-tab-content-1843\" class=\"elementor-tab-content elementor-clearfix\" data-tab=\"3\" role=\"tabpanel\" aria-labelledby=\"elementor-tab-title-1843\"><table width=\"671\"><tbody><tr><td width=\"316\"><strong>18 h\u00e5l<\/strong><\/td><td width=\"269\">G\u00e4ster \/ VaG greenfeespelare<\/td><td width=\"86\">50 \u20ac<\/td><\/tr><tr><td width=\"316\">\u00a0<\/td><td width=\"269\">VaG medlemmar som betalat s\u00e4songsavgift<\/td><td width=\"86\">12 \u20ac<\/td><\/tr><tr><td width=\"316\"><strong>Vasam\u00e4sterskapet<\/strong><\/td><td width=\"269\">Vuxna<\/td><td width=\"86\">12 \u20ac<\/td><\/tr><tr><td width=\"316\">\u00a0<\/td><td width=\"269\">Seniorer<\/td><td width=\"86\">12 \u20ac<\/td><\/tr><tr><td width=\"316\">\u00a0<\/td><td width=\"269\">Juniorer &lt; 19-21 \u00e5r<\/td><td width=\"86\">6 \u20ac<\/td><\/tr><tr><td width=\"316\">\u00a0<\/td><td width=\"269\">Juniorer &lt; 18 \u00e5r<\/td><td width=\"86\">0 \u20ac<\/td><\/tr><tr><td width=\"316\"><strong>Seniortisdag<\/strong><\/td><td width=\"269\">VaG medlemmar som betalat s\u00e4songsavgift<\/td><td width=\"86\">7 \u20ac<\/td><\/tr><tr><td width=\"316\"><strong>Veckot\u00e4vling<\/strong><\/td><td width=\"269\">Vuxna som betalat s\u00e4songsavgift \/ andra<\/td><td width=\"86\">\u00a07 \u20ac \/ 47 \u20ac<\/td><\/tr><tr><td width=\"316\">\u00a0<\/td><td width=\"269\">Juniorer 9 h\u00e5l betalats\u00e5songavgift 7 andra<\/td><td width=\"86\">\u00a05 \u20ac \/ 25 \u20ac<\/td><\/tr><tr><td width=\"316\">\u00a0<\/td><td width=\"269\">Ladies onsdag spelkv\u00e4l \/ andra<\/td><td width=\"86\">\u00a06 \u20ac\/ 25 \u20ac\u00a0 \u00a0<\/td><\/tr><tr><td width=\"316\">\u00a0<\/td><td width=\"269\">Juniorer<\/td><td width=\"86\">3 \u20ac<\/td><\/tr><tr><td width=\"316\"><strong>Matchplay<\/strong><\/td><td width=\"269\">Vuxna<\/td><td width=\"86\">12 \u20ac<\/td><\/tr><tr><td width=\"316\">\u00a0<\/td><td width=\"269\">Juniorer<\/td><td width=\"86\">6 \u20ac<\/td><\/tr><tr><td width=\"316\"><strong>Seniormatchplay<\/strong><\/td><td width=\"269\">Seniorer<\/td><td width=\"86\">7 \u20ac<\/td><\/tr><tr><td width=\"316\"><strong>Scramble<\/strong> (2 pers)<\/td><td width=\"269\">G\u00e4ster \/ VaG greenfeespelare<\/td><td width=\"86\">60 \u20ac<\/td><\/tr><tr><td width=\"316\">\u00a0<\/td><td width=\"269\">VaG medlemmar som betalat s\u00e4songsavgift<\/td><td width=\"86\">16 \u20ac<\/td><\/tr><\/tbody><\/table><\/div>\n\t\t\t\t<\/div>\n\t\t\t\t\t\t\t<div class=\"elementor-accordion-item\">\n\t\t\t\t\t<div id=\"elementor-tab-title-1844\" class=\"elementor-tab-title\" data-tab=\"4\" role=\"tab\" aria-controls=\"elementor-tab-content-1844\" aria-expanded=\"false\">\n\t\t\t\t\t\t\t\t\t\t\t\t\t<span class=\"elementor-accordion-icon elementor-accordion-icon-left\" aria-hidden=\"true\">\n\t\t\t\t\t\t\t\t\t\t\t\t\t\t\t<span class=\"elementor-accordion-icon-closed\"><i class=\"fas fa-plus\"><\/i><\/span>\n\t\t\t\t\t\t\t\t<span class=\"elementor-accordion-icon-opened\"><i class=\"fas fa-minus\"><\/i><\/span>\n\t\t\t\t\t\t\t\t\t\t\t\t\t\t<\/span>\n\t\t\t\t\t\t\t\t\t\t\t\t<a class=\"elementor-accordion-title\" href=\"\">S\u00e4songsavgifter 2023<\/a>\n\t\t\t\t\t<\/div>\n\t\t\t\t\t<div id=\"elementor-tab-content-1844\" class=\"elementor-tab-content elementor-clearfix\" data-tab=\"4\" role=\"tabpanel\" aria-labelledby=\"elementor-tab-title-1844\"><table width=\"671\"><tbody><tr><td>\u00a0<\/td><td><strong>Vuxna<\/strong><\/td><td><p><strong>Studerande<\/strong><\/p><p><strong>22-29 \u00e5r<\/strong><\/p><\/td><td><p><strong>Juniorer<\/strong><\/p><p><strong> &lt;21 \u00e5r<\/strong><\/p><\/td><td><strong>Juniorer &lt; 18v.<\/strong><\/td><td><strong>Juniorer &lt; 15v.<\/strong><\/td><\/tr><tr><td>Medlemsavgift<\/td><td>130 \u20ac<\/td><td>130 \u20ac<\/td><td>65 \u20ac<\/td><td>65 \u20ac<\/td><td>65 \u20ac<\/td><\/tr><tr><td>S\u00e4songsavgift<\/td><td>600 \u20ac<\/td><td>260 \u20ac<\/td><td>260 \u20ac<\/td><td>145 \u20ac<\/td><td>95 \u20ac<\/td><\/tr><tr><td>Anslutningsavgift<\/td><td>170 \u20ac<\/td><td>170 \u20ac<\/td><td>0 \u20ac<\/td><td>0 \u20ac<\/td><td>0 \u20ac<\/td><\/tr><tr><td>Hyresaktie<\/td><td>200 \u20ac<\/td><td>200 \u20ac<\/td><td>0 \u20ac<\/td><td>0 \u20ac<\/td><td>0 \u20ac<\/td><\/tr><\/tbody><\/table><p>\u00a0Vuxna och studerande beh\u00f6ver ytterligare ha en aktie i \u00e4go eller en hyresaktie. Spelaren m\u00e5ste vara medlem i Vasa Golf r.f\u00a0<\/p><p>Oy Kr\u00e5klund Golf Ab och Vasa r.f bibeh\u00e5ller r\u00e4tten att \u00e4ndra priser under s\u00e4songen 2022.<\/p><\/div>\n\t\t\t\t<\/div>\n\t\t\t\t\t\t\t<div class=\"elementor-accordion-item\">\n\t\t\t\t\t<div id=\"elementor-tab-title-1845\" class=\"elementor-tab-title\" data-tab=\"5\" role=\"tab\" aria-controls=\"elementor-tab-content-1845\" aria-expanded=\"false\">\n\t\t\t\t\t\t\t\t\t\t\t\t\t<span class=\"elementor-accordion-icon elementor-accordion-icon-left\" aria-hidden=\"true\">\n\t\t\t\t\t\t\t\t\t\t\t\t\t\t\t<span class=\"elementor-accordion-icon-closed\"><i class=\"fas fa-plus\"><\/i><\/span>\n\t\t\t\t\t\t\t\t<span class=\"elementor-accordion-icon-opened\"><i class=\"fas fa-minus\"><\/i><\/span>\n\t\t\t\t\t\t\t\t\t\t\t\t\t\t<\/span>\n\t\t\t\t\t\t\t\t\t\t\t\t<a class=\"elementor-accordion-title\" href=\"\">Golfbilar 2023<\/a>\n\t\t\t\t\t<\/div>\n\t\t\t\t\t<div id=\"elementor-tab-content-1845\" class=\"elementor-tab-content elementor-clearfix\" data-tab=\"5\" role=\"tabpanel\" aria-labelledby=\"elementor-tab-title-1845\"><table width=\"671\"><tbody><tr><td>G\u00e4stspelare<\/td><td>40 \u20ac<\/td><\/tr><tr><td>G\u00e4stseniorer, 65+<\/td><td>30 \u20ac<\/td><\/tr><tr><td>VaG medlemmar<\/td><td>40 \u20ac<\/td><\/tr><tr><td><p>VaG aktie\u00e4gare,\u00a0<\/p><p>spelar med s\u00e4songavgift<\/p><\/td><td>25 \u20ac<\/td><\/tr><tr><td>10-kort,\u00a0<\/td><td>300 \u20ac<\/td><\/tr><tr><td>\u00a0<\/td><td>\u00a0<\/td><\/tr><\/tbody><\/table><\/div>\n\t\t\t\t<\/div>\n\t\t\t\t\t\t\t<div class=\"elementor-accordion-item\">\n\t\t\t\t\t<div id=\"elementor-tab-title-1846\" class=\"elementor-tab-title\" data-tab=\"6\" role=\"tab\" aria-controls=\"elementor-tab-content-1846\" aria-expanded=\"false\">\n\t\t\t\t\t\t\t\t\t\t\t\t\t<span class=\"elementor-accordion-icon elementor-accordion-icon-left\" aria-hidden=\"true\">\n\t\t\t\t\t\t\t\t\t\t\t\t\t\t\t<span class=\"elementor-accordion-icon-closed\"><i class=\"fas fa-plus\"><\/i><\/span>\n\t\t\t\t\t\t\t\t<span class=\"elementor-accordion-icon-opened\"><i class=\"fas fa-minus\"><\/i><\/span>\n\t\t\t\t\t\t\t\t\t\t\t\t\t\t<\/span>\n\t\t\t\t\t\t\t\t\t\t\t\t<a class=\"elementor-accordion-title\" href=\"\">Bagf\u00f6rr\u00e5det 2023<\/a>\n\t\t\t\t\t<\/div>\n\t\t\t\t\t<div id=\"elementor-tab-content-1846\" class=\"elementor-tab-content elementor-clearfix\" data-tab=\"6\" role=\"tabpanel\" aria-labelledby=\"elementor-tab-title-1846\"><table width=\"671\"><tbody><tr><td>Stort sk\u00e5p<\/td><td>70 \u20ac<\/td><\/tr><tr><td>Litet sk\u00e5p<\/td><td>65 \u20ac<\/td><\/tr><tr><td>Stort sommarsk\u00e5p<\/td><td>50 \u20ac<\/td><\/tr><tr><td>Nyckel<\/td><td>15 \u20ac<\/td><\/tr><\/tbody><\/table><\/div>\n\t\t\t\t<\/div>\n\t\t\t\t\t\t\t<div class=\"elementor-accordion-item\">\n\t\t\t\t\t<div id=\"elementor-tab-title-1847\" class=\"elementor-tab-title\" data-tab=\"7\" role=\"tab\" aria-controls=\"elementor-tab-content-1847\" aria-expanded=\"false\">\n\t\t\t\t\t\t\t\t\t\t\t\t\t<span class=\"elementor-accordion-icon elementor-accordion-icon-left\" aria-hidden=\"true\">\n\t\t\t\t\t\t\t\t\t\t\t\t\t\t\t<span class=\"elementor-accordion-icon-closed\"><i class=\"fas fa-plus\"><\/i><\/span>\n\t\t\t\t\t\t\t\t<span class=\"elementor-accordion-icon-opened\"><i class=\"fas fa-minus\"><\/i><\/span>\n\t\t\t\t\t\t\t\t\t\t\t\t\t\t<\/span>\n\t\t\t\t\t\t\t\t\t\t\t\t<a class=\"elementor-accordion-title\" href=\"\">Spelpaket 2023<\/a>\n\t\t\t\t\t<\/div>\n\t\t\t\t\t<div id=\"elementor-tab-content-1847\" class=\"elementor-tab-content elementor-clearfix\" data-tab=\"7\" role=\"tabpanel\" aria-labelledby=\"elementor-tab-title-1847\"><p><strong>Spelpaket<\/strong><\/p><p>Har du planerat p\u00e5 att byta f\u00f6rening eller \u00e4r det en tid sedan du tog greencard?<\/p><p>Vid Vasa Golf \u00e4r det l\u00e4tt att hitta tillbaka till spelandet med hj\u00e4lp av v\u00e5ra spelpaket.<\/p><p>\u00a0<\/p><p><strong>Nyb\u00f6rjarpaket\/ Paket f\u00f6r f\u00f6reningsbytare<\/strong><\/p><p><strong>Vuxna 670\u20ac<\/strong> (uxen inneh\u00e5ller medlemsavgift + anslutningsavgift, s\u00e4songsavgift + hyresaktie)<\/p><p>\u00a0<\/p><p><strong>Studerande (22-29 \u00e5r) 460\u20ac<\/strong> (inneh\u00e5ller medlemsavgift + anslutningsavgift, s\u00e4songsavgift + hyresaktie)<\/p><p>Dessa spelpaket kan utnyttjas endast en g\u00e5ng. Under f\u00f6ljande s\u00e4song betalas avgifterna enligt prislistan.<\/p><p>\u00a0<\/p><p>Bli medlem; <strong><a href=\"https:\/\/vag.nexgolf.fi\/vag\/golf\/membershipapplication\" target=\"_blank\" rel=\"noopener\">BLI MEDLEM!<\/a><\/strong><\/p><p>Mera information; toimisto@vag.fi, 040 &#8211; 526 8666<\/p><p>\u00a0<\/p><\/div>\n\t\t\t\t<\/div>\n\t\t\t\t\t\t\t\t<\/div>\n\t\t\t\t<\/div>\n\t\t\t\t<\/div>\n\t\t\t\t\t\t<\/div>\n\t\t\t\t\t<\/div>\n\t\t<\/div>\n\t\t\t\t\t\t\t\t<\/div>\n\t\t\t\t\t<\/div>\n\t\t<\/section>\n\t\t\t\t\t\t\t\t\t<\/div>\n\t\t\t<\/div>\n\t\t\t\t\t<\/div>\n\t\t","protected":false},"excerpt":{"rendered":"<p>Greenfee 2023 \u00a0 Vuxna Juniorer \/ Studerande (22-29) Varmansbana 10 \u20ac 7 \u20ac \/ 7 \u20ac Dags-greenfee 55 \u20ac 35 \u20ac \/ 35 \u20ac Dags-greenfee, VaG medlemmar 45 \u20ac 30 \u20ac \/ 30 \u20ac 9-h\u00e5lsrunda 30 \u20ac 25 \u20ac \/ 25 \u20ac 9-h\u00e5lsrunda, VaG medlemmar 25 \u20ac 15 \u20ac \/ 20 \u20ac 5-greenfeekort f\u00f6r 5 [&hellip;]<\/p>\n","protected":false},"author":2,"featured_media":0,"parent":2590,"menu_order":0,"comment_status":"closed","ping_status":"closed","template":"","meta":{"_expiration-date-status":"","_expiration-date":0,"_expiration-date-type":"","_expiration-date-categories":[],"_expiration-date-options":[]},"acf":[],"_links":{"self":[{"href":"https:\/\/vaasangolf.wptest02.vdk.fi\/sv\/wp-json\/wp\/v2\/pages\/2977"}],"collection":[{"href":"https:\/\/vaasangolf.wptest02.vdk.fi\/sv\/wp-json\/wp\/v2\/pages"}],"about":[{"href":"https:\/\/vaasangolf.wptest02.vdk.fi\/sv\/wp-json\/wp\/v2\/types\/page"}],"author":[{"embeddable":true,"href":"https:\/\/vaasangolf.wptest02.vdk.fi\/sv\/wp-json\/wp\/v2\/users\/2"}],"replies":[{"embeddable":true,"href":"https:\/\/vaasangolf.wptest02.vdk.fi\/sv\/wp-json\/wp\/v2\/comments?post=2977"}],"version-history":[{"count":69,"href":"https:\/\/vaasangolf.wptest02.vdk.fi\/sv\/wp-json\/wp\/v2\/pages\/2977\/revisions"}],"predecessor-version":[{"id":7598,"href":"https:\/\/vaasangolf.wptest02.vdk.fi\/sv\/wp-json\/wp\/v2\/pages\/2977\/revisions\/7598"}],"up":[{"embeddable":true,"href":"https:\/\/vaasangolf.wptest02.vdk.fi\/sv\/wp-json\/wp\/v2\/pages\/2590"}],"wp:attachment":[{"href":"https:\/\/vaasangolf.wptest02.vdk.fi\/sv\/wp-json\/wp\/v2\/media?parent=2977"}],"curies":[{"name":"wp","href":"https:\/\/api.w.org\/{rel}","templated":true}]}}