{"id":3054,"date":"2022-03-02T11:53:45","date_gmt":"2022-03-02T09:53:45","guid":{"rendered":"https:\/\/vaasangolf.wptest02.vdk.fi\/verksamhet\/komitten\/tavlingskomitten\/"},"modified":"2023-10-10T16:07:03","modified_gmt":"2023-10-10T13:07:03","slug":"tavlingskomitten","status":"publish","type":"page","link":"https:\/\/vaasangolf.wptest02.vdk.fi\/sv\/verksamhet\/komitten\/tavlingskomitten\/","title":{"rendered":"T\u00e4vlingskommitt\u00e9n"},"content":{"rendered":"\t\t<div data-elementor-type=\"wp-page\" data-elementor-id=\"3054\" class=\"elementor elementor-3054 elementor-1498\">\n\t\t\t\t\t\t<div class=\"elementor-inner\">\n\t\t\t\t<div class=\"elementor-section-wrap\">\n\t\t\t\t\t\t\t\t\t<section class=\"elementor-section elementor-top-section elementor-element elementor-element-40ffb6ef elementor-section-boxed elementor-section-height-default elementor-section-height-default\" data-id=\"40ffb6ef\" data-element_type=\"section\">\n\t\t\t\t\t\t<div class=\"elementor-container elementor-column-gap-default\">\n\t\t\t\t\t\t\t<div class=\"elementor-row\">\n\t\t\t\t\t<div class=\"elementor-column elementor-col-100 elementor-top-column elementor-element elementor-element-1778ee3b\" data-id=\"1778ee3b\" data-element_type=\"column\">\n\t\t\t<div class=\"elementor-column-wrap elementor-element-populated\">\n\t\t\t\t\t\t\t<div class=\"elementor-widget-wrap\">\n\t\t\t\t\t\t<div class=\"elementor-element elementor-element-3f22b0d elementor-widget elementor-widget-text-editor\" data-id=\"3f22b0d\" data-element_type=\"widget\" data-widget_type=\"text-editor.default\">\n\t\t\t\t<div class=\"elementor-widget-container\">\n\t\t\t\t\t\t\t\t<div class=\"elementor-text-editor elementor-clearfix\">\n\t\t\t\t<p><strong>T\u00e4vlingskommitt\u00e9<\/strong><\/p>\n<p><strong>V\u00e4lkomna till t\u00e4vlingskommitt\u00e9ns, f\u00f6r Vasa Golf, sidor<\/strong><\/p>\n<p>Fr\u00e5n dessa sidor finner du till\u00e4ggsuppgifter f\u00f6r t\u00e4vlingar, domarverksamhet samt golfregler.<\/p>\n\t\t\t\t\t<\/div>\n\t\t\t\t\t\t<\/div>\n\t\t\t\t<\/div>\n\t\t\t\t\t\t<\/div>\n\t\t\t\t\t<\/div>\n\t\t<\/div>\n\t\t\t\t\t\t\t\t<\/div>\n\t\t\t\t\t<\/div>\n\t\t<\/section>\n\t\t\t\t<section class=\"elementor-section elementor-top-section elementor-element elementor-element-acc26f9 elementor-section-boxed elementor-section-height-default elementor-section-height-default\" data-id=\"acc26f9\" data-element_type=\"section\">\n\t\t\t\t\t\t<div class=\"elementor-container elementor-column-gap-default\">\n\t\t\t\t\t\t\t<div class=\"elementor-row\">\n\t\t\t\t\t<div class=\"elementor-column elementor-col-100 elementor-top-column elementor-element elementor-element-a32d535\" data-id=\"a32d535\" data-element_type=\"column\">\n\t\t\t<div class=\"elementor-column-wrap elementor-element-populated\">\n\t\t\t\t\t\t\t<div class=\"elementor-widget-wrap\">\n\t\t\t\t\t\t<div class=\"elementor-element elementor-element-6a3f745 elementor-widget elementor-widget-heading\" data-id=\"6a3f745\" data-element_type=\"widget\" data-widget_type=\"heading.default\">\n\t\t\t\t<div class=\"elementor-widget-container\">\n\t\t\t<h6 class=\"elementor-heading-title elementor-size-default\">T\u00e4vlingskommitt\u00e9ns sammans\u00e4ttning<\/h6>\t\t<\/div>\n\t\t\t\t<\/div>\n\t\t\t\t\t\t<\/div>\n\t\t\t\t\t<\/div>\n\t\t<\/div>\n\t\t\t\t\t\t\t\t<\/div>\n\t\t\t\t\t<\/div>\n\t\t<\/section>\n\t\t\t\t<section class=\"elementor-section elementor-top-section elementor-element elementor-element-b64db9f elementor-section-boxed elementor-section-height-default elementor-section-height-default\" data-id=\"b64db9f\" data-element_type=\"section\">\n\t\t\t\t\t\t<div class=\"elementor-container elementor-column-gap-default\">\n\t\t\t\t\t\t\t<div class=\"elementor-row\">\n\t\t\t\t\t<div class=\"elementor-column elementor-col-100 elementor-top-column elementor-element elementor-element-c74c7e3\" data-id=\"c74c7e3\" data-element_type=\"column\">\n\t\t\t<div class=\"elementor-column-wrap elementor-element-populated\">\n\t\t\t\t\t\t\t<div class=\"elementor-widget-wrap\">\n\t\t\t\t\t\t<div class=\"elementor-element elementor-element-24c1d2a elementor-widget elementor-widget-text-editor\" data-id=\"24c1d2a\" data-element_type=\"widget\" data-widget_type=\"text-editor.default\">\n\t\t\t\t<div class=\"elementor-widget-container\">\n\t\t\t\t\t\t\t\t<div class=\"elementor-text-editor elementor-clearfix\">\n\t\t\t\t<p>Ordf\u00f6rande<\/p>\n<p>Marko Ruutiainen<br \/>\nmarko.ruutiainen@netikka.fi<br \/>\n050 3876 363<\/p>\n\t\t\t\t\t<\/div>\n\t\t\t\t\t\t<\/div>\n\t\t\t\t<\/div>\n\t\t\t\t\t\t<\/div>\n\t\t\t\t\t<\/div>\n\t\t<\/div>\n\t\t\t\t\t\t\t\t<\/div>\n\t\t\t\t\t<\/div>\n\t\t<\/section>\n\t\t\t\t<section class=\"elementor-section elementor-top-section elementor-element elementor-element-09dec3d elementor-section-boxed elementor-section-height-default elementor-section-height-default\" data-id=\"09dec3d\" data-element_type=\"section\">\n\t\t\t\t\t\t<div class=\"elementor-container elementor-column-gap-default\">\n\t\t\t\t\t\t\t<div class=\"elementor-row\">\n\t\t\t\t\t<div class=\"elementor-column elementor-col-100 elementor-top-column elementor-element elementor-element-1e5f106\" data-id=\"1e5f106\" data-element_type=\"column\">\n\t\t\t<div class=\"elementor-column-wrap elementor-element-populated\">\n\t\t\t\t\t\t\t<div class=\"elementor-widget-wrap\">\n\t\t\t\t\t\t<div class=\"elementor-element elementor-element-09912e3 elementor-widget elementor-widget-text-editor\" data-id=\"09912e3\" data-element_type=\"widget\" data-widget_type=\"text-editor.default\">\n\t\t\t\t<div class=\"elementor-widget-container\">\n\t\t\t\t\t\t\t\t<div class=\"elementor-text-editor elementor-clearfix\">\n\t\t\t\t<ul><li>Pasi Ekholm, Kapten<\/li><li>040-7788332<\/li><li>pasi.ekholm@kolumbus.fi<\/li><\/ul><p>\u00a0<\/p><ul><li>P\u00e4ivi Ekholm<\/li><li>040-5245554<\/li><li>paivi.ekholm@wasatalent.fi<\/li><\/ul><p>\u00a0<\/p><ul><li>Thomas Ferm<\/li><li>050-42 23052<\/li><li>thomasferm@live.com<\/li><\/ul><p>\u00a0<\/p><ul><li>Tea Haavisto<\/li><li>040-5489525<\/li><li>tea.haavisto@netikka.fi<\/li><\/ul><p>\u00a0<\/p><ul><li>Esko Heikkinen<\/li><li>0400-264196<\/li><li>eskoheiesko@gmail.com<\/li><\/ul><p>\u00a0<\/p><ul><li>Janne Laaja<\/li><li>050-5416070<\/li><li>jtlaaja@outlook.com<\/li><\/ul><p>\u00a0<\/p><ul><li>Aleksi Jokela<\/li><li>045 3489449<\/li><li>aleksi.jokela.21@gmail.com<\/li><\/ul><p>\u00a0<\/p><ul><li>Vesa Palosaari<\/li><li>040-773 0997<\/li><li>vesapalosaari51@gmail.com<\/li><\/ul><p>\u00a0<\/p><ul><li>Pauli R\u00e4ih\u00e4<\/li><li>0400-925461<\/li><li>pauli.raiha@netikka.fi<\/li><\/ul><p>\u00a0<\/p><ul><li>Arto Sirvi\u00f6<\/li><li>0400-595432<\/li><li>arto.sirvio@vag.fi<\/li><\/ul>\t\t\t\t\t<\/div>\n\t\t\t\t\t\t<\/div>\n\t\t\t\t<\/div>\n\t\t\t\t\t\t<\/div>\n\t\t\t\t\t<\/div>\n\t\t<\/div>\n\t\t\t\t\t\t\t\t<\/div>\n\t\t\t\t\t<\/div>\n\t\t<\/section>\n\t\t\t\t\t\t\t\t\t<\/div>\n\t\t\t<\/div>\n\t\t\t\t\t<\/div>\n\t\t","protected":false},"excerpt":{"rendered":"<p>T\u00e4vlingskommitt\u00e9 V\u00e4lkomna till t\u00e4vlingskommitt\u00e9ns, f\u00f6r Vasa Golf, sidor Fr\u00e5n dessa sidor finner du till\u00e4ggsuppgifter f\u00f6r t\u00e4vlingar, domarverksamhet samt golfregler. T\u00e4vlingskommitt\u00e9ns sammans\u00e4ttning Ordf\u00f6rande Marko Ruutiainen marko.ruutiainen@netikka.fi 050 3876 363 Pasi Ekholm, Kapten 040-7788332 pasi.ekholm@kolumbus.fi \u00a0 P\u00e4ivi Ekholm 040-5245554 paivi.ekholm@wasatalent.fi \u00a0 Thomas Ferm 050-42 23052 thomasferm@live.com \u00a0 Tea Haavisto 040-5489525 tea.haavisto@netikka.fi \u00a0 Esko Heikkinen 0400-264196 eskoheiesko@gmail.com \u00a0 [&hellip;]<\/p>\n","protected":false},"author":2,"featured_media":0,"parent":2631,"menu_order":0,"comment_status":"closed","ping_status":"closed","template":"","meta":{"_expiration-date-status":"","_expiration-date":0,"_expiration-date-type":"","_expiration-date-categories":[],"_expiration-date-options":[]},"acf":[],"_links":{"self":[{"href":"https:\/\/vaasangolf.wptest02.vdk.fi\/sv\/wp-json\/wp\/v2\/pages\/3054"}],"collection":[{"href":"https:\/\/vaasangolf.wptest02.vdk.fi\/sv\/wp-json\/wp\/v2\/pages"}],"about":[{"href":"https:\/\/vaasangolf.wptest02.vdk.fi\/sv\/wp-json\/wp\/v2\/types\/page"}],"author":[{"embeddable":true,"href":"https:\/\/vaasangolf.wptest02.vdk.fi\/sv\/wp-json\/wp\/v2\/users\/2"}],"replies":[{"embeddable":true,"href":"https:\/\/vaasangolf.wptest02.vdk.fi\/sv\/wp-json\/wp\/v2\/comments?post=3054"}],"version-history":[{"count":16,"href":"https:\/\/vaasangolf.wptest02.vdk.fi\/sv\/wp-json\/wp\/v2\/pages\/3054\/revisions"}],"predecessor-version":[{"id":9329,"href":"https:\/\/vaasangolf.wptest02.vdk.fi\/sv\/wp-json\/wp\/v2\/pages\/3054\/revisions\/9329"}],"up":[{"embeddable":true,"href":"https:\/\/vaasangolf.wptest02.vdk.fi\/sv\/wp-json\/wp\/v2\/pages\/2631"}],"wp:attachment":[{"href":"https:\/\/vaasangolf.wptest02.vdk.fi\/sv\/wp-json\/wp\/v2\/media?parent=3054"}],"curies":[{"name":"wp","href":"https:\/\/api.w.org\/{rel}","templated":true}]}}