{"id":3058,"date":"2022-03-02T12:05:17","date_gmt":"2022-03-02T10:05:17","guid":{"rendered":"https:\/\/vaasangolf.wptest02.vdk.fi\/verksamhet\/komitten\/tavlingskomitten\/instruktioner-for-representationsspelare\/"},"modified":"2023-04-21T12:20:39","modified_gmt":"2023-04-21T09:20:39","slug":"instruktioner-for-representationsspelare","status":"publish","type":"page","link":"https:\/\/vaasangolf.wptest02.vdk.fi\/sv\/verksamhet\/komitten\/tavlingskomitten\/instruktioner-for-representationsspelare\/","title":{"rendered":"Instruktioner f\u00f6r representationsspelare"},"content":{"rendered":"<p>&nbsp;<\/p>\n<p>Representationsspelare f\u00f6r Vasa Golf<\/p>\n<p>En medlem i Vasa Golf rf, som under s\u00e4songen spelar i Finlands golff\u00f6rbunds eller seniorgolff\u00f6rbundets t\u00e4vlingar har m\u00f6jlighet att g\u00f6ra ett spelarkontrakt med f\u00f6reningen.<\/p>\n<p>Efter att kontraktet har gjorts, har spelaren m\u00f6jlighet att f\u00e5 st\u00f6d fr\u00e5n f\u00f6reningen f\u00f6r t\u00e4vlingskostnader.<\/p>\n<p>Du kan f\u00e5 mer information om villkoren och kraven som kontraktet omfattar fr\u00e5n f\u00f6reningens verksamhetsledare Arto Sirvi\u00f6.<\/p>\n<p><a href=\"https:\/\/vaasangolf.wptest02.vdk.fi\/wp-content\/uploads\/2023\/04\/Edustussa\u0308a\u0308nno\u0308t-Vaasan-Golf-2023-1.pdf\">Edustussa\u0308a\u0308nno\u0308t Vaasan Golf 2023 (1)<\/a><\/p>\n","protected":false},"excerpt":{"rendered":"<p>&nbsp; Representationsspelare f\u00f6r Vasa Golf En medlem i Vasa Golf rf, som under s\u00e4songen spelar i Finlands golff\u00f6rbunds eller seniorgolff\u00f6rbundets t\u00e4vlingar har m\u00f6jlighet att g\u00f6ra ett spelarkontrakt med f\u00f6reningen. Efter att kontraktet har gjorts, har spelaren m\u00f6jlighet att f\u00e5 st\u00f6d fr\u00e5n f\u00f6reningen f\u00f6r t\u00e4vlingskostnader. Du kan f\u00e5 mer information om villkoren och kraven som kontraktet [&hellip;]<\/p>\n","protected":false},"author":2,"featured_media":0,"parent":3054,"menu_order":0,"comment_status":"closed","ping_status":"closed","template":"","meta":{"_expiration-date-status":"","_expiration-date":0,"_expiration-date-type":"","_expiration-date-categories":[],"_expiration-date-options":[]},"acf":[],"_links":{"self":[{"href":"https:\/\/vaasangolf.wptest02.vdk.fi\/sv\/wp-json\/wp\/v2\/pages\/3058"}],"collection":[{"href":"https:\/\/vaasangolf.wptest02.vdk.fi\/sv\/wp-json\/wp\/v2\/pages"}],"about":[{"href":"https:\/\/vaasangolf.wptest02.vdk.fi\/sv\/wp-json\/wp\/v2\/types\/page"}],"author":[{"embeddable":true,"href":"https:\/\/vaasangolf.wptest02.vdk.fi\/sv\/wp-json\/wp\/v2\/users\/2"}],"replies":[{"embeddable":true,"href":"https:\/\/vaasangolf.wptest02.vdk.fi\/sv\/wp-json\/wp\/v2\/comments?post=3058"}],"version-history":[{"count":4,"href":"https:\/\/vaasangolf.wptest02.vdk.fi\/sv\/wp-json\/wp\/v2\/pages\/3058\/revisions"}],"predecessor-version":[{"id":7570,"href":"https:\/\/vaasangolf.wptest02.vdk.fi\/sv\/wp-json\/wp\/v2\/pages\/3058\/revisions\/7570"}],"up":[{"embeddable":true,"href":"https:\/\/vaasangolf.wptest02.vdk.fi\/sv\/wp-json\/wp\/v2\/pages\/3054"}],"wp:attachment":[{"href":"https:\/\/vaasangolf.wptest02.vdk.fi\/sv\/wp-json\/wp\/v2\/media?parent=3058"}],"curies":[{"name":"wp","href":"https:\/\/api.w.org\/{rel}","templated":true}]}}