{"id":3061,"date":"2022-03-02T12:29:54","date_gmt":"2022-03-02T10:29:54","guid":{"rendered":"https:\/\/vaasangolf.wptest02.vdk.fi\/verksamhet\/komitten\/tavlingskomitten\/handicap-systemet\/"},"modified":"2022-03-02T12:29:54","modified_gmt":"2022-03-02T10:29:54","slug":"handicap-systemet","status":"publish","type":"page","link":"https:\/\/vaasangolf.wptest02.vdk.fi\/sv\/verksamhet\/komitten\/tavlingskomitten\/handicap-systemet\/","title":{"rendered":"Handicap-systemet"},"content":{"rendered":"<h2>World Handicap System (WHS)<\/h2>\n<p>Golfspelarens handicap fastst\u00e4lls av World Handicap System (WHS). Grundprinciperna finns via l\u00e4nken fr\u00e5n Finlands Golff\u00f6rbund:<\/p>\n<p><a href=\"https:\/\/vaasangolf.wptest02.vdk.fi\/wp-content\/uploads\/2022\/02\/Tasoitusma\u0308a\u0308ra\u0308ykset-2020.pdf\">Tasoitusma\u0308a\u0308ra\u0308ykset-2020<\/a><\/p>\n<p><a href=\"https:\/\/golf.fi\/pelaajalle\/whs-world-handicap-system-2020\/\">WHS- Tasoitusj\u00e4rjestelm\u00e4<\/a><\/p>\n","protected":false},"excerpt":{"rendered":"<p>World Handicap System (WHS) Golfspelarens handicap fastst\u00e4lls av World Handicap System (WHS). Grundprinciperna finns via l\u00e4nken fr\u00e5n Finlands Golff\u00f6rbund: Tasoitusma\u0308a\u0308ra\u0308ykset-2020 WHS- Tasoitusj\u00e4rjestelm\u00e4<\/p>\n","protected":false},"author":2,"featured_media":0,"parent":3054,"menu_order":0,"comment_status":"closed","ping_status":"closed","template":"","meta":{"_expiration-date-status":"","_expiration-date":0,"_expiration-date-type":"","_expiration-date-categories":[],"_expiration-date-options":[]},"acf":[],"_links":{"self":[{"href":"https:\/\/vaasangolf.wptest02.vdk.fi\/sv\/wp-json\/wp\/v2\/pages\/3061"}],"collection":[{"href":"https:\/\/vaasangolf.wptest02.vdk.fi\/sv\/wp-json\/wp\/v2\/pages"}],"about":[{"href":"https:\/\/vaasangolf.wptest02.vdk.fi\/sv\/wp-json\/wp\/v2\/types\/page"}],"author":[{"embeddable":true,"href":"https:\/\/vaasangolf.wptest02.vdk.fi\/sv\/wp-json\/wp\/v2\/users\/2"}],"replies":[{"embeddable":true,"href":"https:\/\/vaasangolf.wptest02.vdk.fi\/sv\/wp-json\/wp\/v2\/comments?post=3061"}],"version-history":[{"count":0,"href":"https:\/\/vaasangolf.wptest02.vdk.fi\/sv\/wp-json\/wp\/v2\/pages\/3061\/revisions"}],"up":[{"embeddable":true,"href":"https:\/\/vaasangolf.wptest02.vdk.fi\/sv\/wp-json\/wp\/v2\/pages\/3054"}],"wp:attachment":[{"href":"https:\/\/vaasangolf.wptest02.vdk.fi\/sv\/wp-json\/wp\/v2\/media?parent=3061"}],"curies":[{"name":"wp","href":"https:\/\/api.w.org\/{rel}","templated":true}]}}