{"id":3062,"date":"2022-03-02T12:31:46","date_gmt":"2022-03-02T10:31:46","guid":{"rendered":"https:\/\/vaasangolf.wptest02.vdk.fi\/verksamhet\/komitten\/tavlingskomitten\/domarverksamhet\/"},"modified":"2022-03-03T10:10:43","modified_gmt":"2022-03-03T08:10:43","slug":"domarverksamhet","status":"publish","type":"page","link":"https:\/\/vaasangolf.wptest02.vdk.fi\/sv\/verksamhet\/komitten\/tavlingskomitten\/domarverksamhet\/","title":{"rendered":"Domarverksamhet"},"content":{"rendered":"<p><strong>Domarverksamhet samt f\u00f6reningens domare<\/strong><\/p>\n<p>Enligt Golff\u00f6rbundets domarkurser samt skolningar uppdelas golfdomarna i tv\u00e5 olika kategorier: Domarskolningsgrundkurs (tidigare f\u00f6renings- och distriktniv\u00e5) samt f\u00f6rbundsdomare.<\/p>\n<p>Mera uppgifter finns p\u00e5 <a href=\"https:\/\/golf.fi\/kilpagolf\/liittotuomaritoiminta\/\">https\/\/golf.fi\/kilpagolf\/liittotuomaritoiminta\/<\/a><\/p>\n<p><strong>F\u00f6reningsdomare.<\/strong><\/p>\n<p>Grundkursen samt godk\u00e4nt prov d\u00e4refter ger m\u00f6jligheten att vara domare i f\u00f6reningens t\u00e4vlingar.<\/p>\n<p><strong>Domare i Vasa Golf:<\/strong><\/p>\n<p><strong>F\u00f6rbundsdomare<\/strong>\u00a0 \u00a0 \u00a0Thomas Ferm (1 niv\u00e5)<\/p>\n<p>Esko Heikkinen (1 niv\u00e5)<\/p>\n<p>Pauli R\u00e4ih\u00e4 (4 niv\u00e5)<\/p>\n<p>Pasi Ekholm (4 niv\u00e5)<\/p>\n<p><strong>F\u00f6reningsdomaren <\/strong><\/p>\n<p>Kursen har genomg\u00e5tts av ca.10 personer, vilka kan funktionera som domare i f\u00f6reningens t\u00e4vlingar.<\/p>\n","protected":false},"excerpt":{"rendered":"<p>Domarverksamhet samt f\u00f6reningens domare Enligt Golff\u00f6rbundets domarkurser samt skolningar uppdelas golfdomarna i tv\u00e5 olika kategorier: Domarskolningsgrundkurs (tidigare f\u00f6renings- och distriktniv\u00e5) samt f\u00f6rbundsdomare. Mera uppgifter finns p\u00e5 https\/\/golf.fi\/kilpagolf\/liittotuomaritoiminta\/ F\u00f6reningsdomare. Grundkursen samt godk\u00e4nt prov d\u00e4refter ger m\u00f6jligheten att vara domare i f\u00f6reningens t\u00e4vlingar. Domare i Vasa Golf: F\u00f6rbundsdomare\u00a0 \u00a0 \u00a0Thomas Ferm (1 niv\u00e5) Esko Heikkinen (1 niv\u00e5) [&hellip;]<\/p>\n","protected":false},"author":2,"featured_media":0,"parent":3054,"menu_order":0,"comment_status":"closed","ping_status":"closed","template":"","meta":{"_expiration-date-status":"","_expiration-date":0,"_expiration-date-type":"","_expiration-date-categories":[],"_expiration-date-options":[]},"acf":[],"_links":{"self":[{"href":"https:\/\/vaasangolf.wptest02.vdk.fi\/sv\/wp-json\/wp\/v2\/pages\/3062"}],"collection":[{"href":"https:\/\/vaasangolf.wptest02.vdk.fi\/sv\/wp-json\/wp\/v2\/pages"}],"about":[{"href":"https:\/\/vaasangolf.wptest02.vdk.fi\/sv\/wp-json\/wp\/v2\/types\/page"}],"author":[{"embeddable":true,"href":"https:\/\/vaasangolf.wptest02.vdk.fi\/sv\/wp-json\/wp\/v2\/users\/2"}],"replies":[{"embeddable":true,"href":"https:\/\/vaasangolf.wptest02.vdk.fi\/sv\/wp-json\/wp\/v2\/comments?post=3062"}],"version-history":[{"count":3,"href":"https:\/\/vaasangolf.wptest02.vdk.fi\/sv\/wp-json\/wp\/v2\/pages\/3062\/revisions"}],"predecessor-version":[{"id":3124,"href":"https:\/\/vaasangolf.wptest02.vdk.fi\/sv\/wp-json\/wp\/v2\/pages\/3062\/revisions\/3124"}],"up":[{"embeddable":true,"href":"https:\/\/vaasangolf.wptest02.vdk.fi\/sv\/wp-json\/wp\/v2\/pages\/3054"}],"wp:attachment":[{"href":"https:\/\/vaasangolf.wptest02.vdk.fi\/sv\/wp-json\/wp\/v2\/media?parent=3062"}],"curies":[{"name":"wp","href":"https:\/\/api.w.org\/{rel}","templated":true}]}}