{"id":3353,"date":"2022-03-04T13:05:56","date_gmt":"2022-03-04T11:05:56","guid":{"rendered":"https:\/\/vaasangolf.wptest02.vdk.fi\/tjannster\/nyborjarkurser\/anmalan-till-nyborjarkurs\/"},"modified":"2023-08-15T13:00:45","modified_gmt":"2023-08-15T10:00:45","slug":"anmalan-till-nyborjarkurs","status":"publish","type":"page","link":"https:\/\/vaasangolf.wptest02.vdk.fi\/sv\/tjannster\/nyborjarkurser\/anmalan-till-nyborjarkurs\/","title":{"rendered":"ANM\u00c4LAN TILL NYB\u00d6RJARKURS"},"content":{"rendered":"<p><strong>ANM\u00c4LAN<\/strong><\/p>\n<p><strong>\u00a0<\/strong>Som f\u00f6ruts\u00e4ttning f\u00f6r att kursen ska h\u00e5llas m\u00e5ste det finnas tillr\u00e4ckligt med anm\u00e4lda (8). D\u00e4rmed kan det bli \u00e4ndringar i kurs-tidtabellen och Vasa Golf beh\u00e5ller r\u00e4tten till \u00e4ndringar.<\/p>\n<p>Tidtabellerna publiceras f\u00f6r ca en m\u00e5nad \u00e5t g\u00e5ngen och f\u00f6retagskurser ordnas vid behov. F\u00f6retag kan ta direkt kontakt med VD:n ifall ni vill ordna en kurs f\u00f6r era arbetstagare eller kunder.<\/p>\n<p>Anm\u00e4lan sker via l\u00e4nken, ange obligatorisk information: f\u00f6r- och efternamn, e-postadress, telefonnummer och f\u00f6delsedatum (dd.mm.\u00e5\u00e5\u00e5\u00e5), s\u00e5 att vi kan skapa dig ett medlemskap f\u00f6re kursen b\u00f6rjar. Med medlemskapet kommer f\u00f6rs\u00e4kring och andra erbjudanden fr\u00e5n golff\u00f6rbundet.<\/p>\n<p>Kurspriset 245\u20ac (under 15-\u00e5ringar 160\u20ac) b\u00f6r betalas innan du deltar i kursen och det kan betalas i f\u00f6rv\u00e4g till Oy Kr\u00e5klund Golf Ab:s konto: FI05 2052 1800 0721 27 med referens: 8882 eller direkt till Caddiemaster-betj\u00e4ningsdisken vid golfklubben.<\/p>\n<p>&nbsp;<\/p>\n<h3><strong>Nyb\u00f6rjarkurser 2023<\/strong><\/h3>\n<p><strong>Mer information om kurserna kan st\u00e4llas till toimisto@vag.fi, t. 040 -526 8666 \/ Tuula Per\u00e4l\u00e4<\/strong><\/p>\n<p><strong>Du kan anm\u00e4la dig via epost; toimisto@vag.fi<\/strong><\/p>\n<p>&nbsp;<\/p>\n<p><strong>toimisto@vag.fi \/ 040 526 8666<\/strong><\/p>\n","protected":false},"excerpt":{"rendered":"<p>ANM\u00c4LAN \u00a0Som f\u00f6ruts\u00e4ttning f\u00f6r att kursen ska h\u00e5llas m\u00e5ste det finnas tillr\u00e4ckligt med anm\u00e4lda (8). D\u00e4rmed kan det bli \u00e4ndringar i kurs-tidtabellen och Vasa Golf beh\u00e5ller r\u00e4tten till \u00e4ndringar. Tidtabellerna publiceras f\u00f6r ca en m\u00e5nad \u00e5t g\u00e5ngen och f\u00f6retagskurser ordnas vid behov. F\u00f6retag kan ta direkt kontakt med VD:n ifall ni vill ordna en kurs [&hellip;]<\/p>\n","protected":false},"author":5,"featured_media":0,"parent":2689,"menu_order":0,"comment_status":"closed","ping_status":"closed","template":"","meta":{"_expiration-date-status":"","_expiration-date":0,"_expiration-date-type":"","_expiration-date-categories":[],"_expiration-date-options":[]},"acf":[],"_links":{"self":[{"href":"https:\/\/vaasangolf.wptest02.vdk.fi\/sv\/wp-json\/wp\/v2\/pages\/3353"}],"collection":[{"href":"https:\/\/vaasangolf.wptest02.vdk.fi\/sv\/wp-json\/wp\/v2\/pages"}],"about":[{"href":"https:\/\/vaasangolf.wptest02.vdk.fi\/sv\/wp-json\/wp\/v2\/types\/page"}],"author":[{"embeddable":true,"href":"https:\/\/vaasangolf.wptest02.vdk.fi\/sv\/wp-json\/wp\/v2\/users\/5"}],"replies":[{"embeddable":true,"href":"https:\/\/vaasangolf.wptest02.vdk.fi\/sv\/wp-json\/wp\/v2\/comments?post=3353"}],"version-history":[{"count":81,"href":"https:\/\/vaasangolf.wptest02.vdk.fi\/sv\/wp-json\/wp\/v2\/pages\/3353\/revisions"}],"predecessor-version":[{"id":8951,"href":"https:\/\/vaasangolf.wptest02.vdk.fi\/sv\/wp-json\/wp\/v2\/pages\/3353\/revisions\/8951"}],"up":[{"embeddable":true,"href":"https:\/\/vaasangolf.wptest02.vdk.fi\/sv\/wp-json\/wp\/v2\/pages\/2689"}],"wp:attachment":[{"href":"https:\/\/vaasangolf.wptest02.vdk.fi\/sv\/wp-json\/wp\/v2\/media?parent=3353"}],"curies":[{"name":"wp","href":"https:\/\/api.w.org\/{rel}","templated":true}]}}