{"id":3354,"date":"2022-03-04T13:08:17","date_gmt":"2022-03-04T11:08:17","guid":{"rendered":"https:\/\/vaasangolf.wptest02.vdk.fi\/tjannster\/nyborjarkurser\/nyborjarkurs-delta-i-kursen\/"},"modified":"2022-03-04T13:16:21","modified_gmt":"2022-03-04T11:16:21","slug":"nyborjarkurs-delta-i-kursen","status":"publish","type":"page","link":"https:\/\/vaasangolf.wptest02.vdk.fi\/sv\/tjannster\/nyborjarkurser\/nyborjarkurs-delta-i-kursen\/","title":{"rendered":"Nyb\u00f6rjarkurs &#8211; DELTA I KURSEN"},"content":{"rendered":"<h1><strong>DELTA<\/strong><\/h1>\n<h2><strong>V\u00e4lkommen till nyb\u00f6rjarkursen<\/strong><\/h2>\n<p>Till f\u00f6ljande beskriv hur en kursdag ser ut. Kursen h\u00e5lls av Vasa Golfs Pron (PGA Pron).<\/p>\n<h3><strong>Anl\u00e4nding<\/strong><\/h3>\n<p>Kom i god tid till kursen, g\u00e4rna ca 30 minuter om du inte betalat kursen i f\u00f6rtid. Om du sk\u00f6tt betalningen i f\u00f6rv\u00e4g r\u00e4cker 15 minuter bra.<\/p>\n<p>F\u00f6rst tr\u00e4ffas vi framf\u00f6r klubbhuset och vi h\u00e5ller en v\u00e4lkomstpresentation p\u00e5 ca 15 minuter. I presentationen ber\u00e4ttas de om kursens inneh\u00e5ll, sj\u00e4lvst\u00e4ndiga \u00f6vningen efter kursen, greencard och spelr\u00e4tten.<\/p>\n<p>Efter det f\u00f6rflyttar vi oss till rangen f\u00f6r att i f\u00f6ljande ordning p\u00e5b\u00f6rja kursen:<\/p>\n<h3><strong>Grunden i ett golfslag och \u00f6vning vid rangen<\/strong><\/h3>\n<p>Efter det f\u00f6rflyttar vi oss till rangen f\u00f6r att i f\u00f6ljande ordning p\u00e5b\u00f6rja kursen: Till en b\u00f6rjan g\u00e5r vi igenom r\u00e4tt grepp om golfklubban och de viktigaste delarna i ett golfslag. N\u00e4r vi g\u00e5tt igenom grunderna \u00e4r det dags f\u00f6r att \u00f6va slag med en j\u00e4rnklubba.<\/p>\n<h3><strong>Chipp och putt<\/strong><\/h3>\n<p>Till f\u00f6ljande \u00f6var vi p\u00e5 chippar och puttar, men till en b\u00f6rjan g\u00e5r vi igenom grunderna f\u00f6r b\u00e5da slagen.<\/p>\n<h3><strong>Bunkerslag<\/strong><\/h3>\n<p>N\u00e4st p\u00e5 turen \u00e4r bunkerslag, vi \u00f6var allts\u00e5 p\u00e5 hur man sl\u00e5r bollen ur ett \u201dsand-hinder\u201d.<\/p>\n<p>&nbsp;<\/p>\n<p>&nbsp;<\/p>\n<p>Med instruktioner fr\u00e5n Golf Pron f\u00e5r du prova p\u00e5 olika typer av klubbor och ser hur de p\u00e5verkar slaget p\u00e5 olika s\u00e4tt.<\/p>\n<h3><strong>Instruerad speltur p\u00e5 allemansbanan<\/strong><\/h3>\n<p>I slutet p\u00e5 kursen spelar man allemansbanan, som deltagarna i nyb\u00f6rjarkursen har spelr\u00e4tt till f\u00f6r hela \u00e5ret.<\/p>\n<p>Deltagarna spelar f\u00f6rsta h\u00e5let tillsammans med Golf pron och hen g\u00e5r samtidigt igenom de viktigaste reglerna och uppf\u00f6rande enligt etiketten p\u00e5 banan.<\/p>\n<p>Golf pron spelar sj\u00e4lv andra och tredje h\u00e5let och l\u00e4r samtidigt ut de viktigaste sakerna som man ska t\u00e4nka p\u00e5 n\u00e4r man spelar.<\/p>\n","protected":false},"excerpt":{"rendered":"<p>DELTA V\u00e4lkommen till nyb\u00f6rjarkursen Till f\u00f6ljande beskriv hur en kursdag ser ut. Kursen h\u00e5lls av Vasa Golfs Pron (PGA Pron). Anl\u00e4nding Kom i god tid till kursen, g\u00e4rna ca 30 minuter om du inte betalat kursen i f\u00f6rtid. Om du sk\u00f6tt betalningen i f\u00f6rv\u00e4g r\u00e4cker 15 minuter bra. F\u00f6rst tr\u00e4ffas vi framf\u00f6r klubbhuset och vi [&hellip;]<\/p>\n","protected":false},"author":5,"featured_media":0,"parent":2689,"menu_order":0,"comment_status":"closed","ping_status":"closed","template":"","meta":{"_expiration-date-status":"","_expiration-date":0,"_expiration-date-type":"","_expiration-date-categories":[],"_expiration-date-options":[]},"acf":[],"_links":{"self":[{"href":"https:\/\/vaasangolf.wptest02.vdk.fi\/sv\/wp-json\/wp\/v2\/pages\/3354"}],"collection":[{"href":"https:\/\/vaasangolf.wptest02.vdk.fi\/sv\/wp-json\/wp\/v2\/pages"}],"about":[{"href":"https:\/\/vaasangolf.wptest02.vdk.fi\/sv\/wp-json\/wp\/v2\/types\/page"}],"author":[{"embeddable":true,"href":"https:\/\/vaasangolf.wptest02.vdk.fi\/sv\/wp-json\/wp\/v2\/users\/5"}],"replies":[{"embeddable":true,"href":"https:\/\/vaasangolf.wptest02.vdk.fi\/sv\/wp-json\/wp\/v2\/comments?post=3354"}],"version-history":[{"count":2,"href":"https:\/\/vaasangolf.wptest02.vdk.fi\/sv\/wp-json\/wp\/v2\/pages\/3354\/revisions"}],"predecessor-version":[{"id":3362,"href":"https:\/\/vaasangolf.wptest02.vdk.fi\/sv\/wp-json\/wp\/v2\/pages\/3354\/revisions\/3362"}],"up":[{"embeddable":true,"href":"https:\/\/vaasangolf.wptest02.vdk.fi\/sv\/wp-json\/wp\/v2\/pages\/2689"}],"wp:attachment":[{"href":"https:\/\/vaasangolf.wptest02.vdk.fi\/sv\/wp-json\/wp\/v2\/media?parent=3354"}],"curies":[{"name":"wp","href":"https:\/\/api.w.org\/{rel}","templated":true}]}}