{"id":3355,"date":"2022-03-04T13:09:30","date_gmt":"2022-03-04T11:09:30","guid":{"rendered":"https:\/\/vaasangolf.wptest02.vdk.fi\/tjannster\/nyborjarkurser\/nyborjarkurs-bekanta-dig-med-golf\/"},"modified":"2022-03-04T13:09:30","modified_gmt":"2022-03-04T11:09:30","slug":"nyborjarkurs-bekanta-dig-med-golf","status":"publish","type":"page","link":"https:\/\/vaasangolf.wptest02.vdk.fi\/sv\/tjannster\/nyborjarkurser\/nyborjarkurs-bekanta-dig-med-golf\/","title":{"rendered":"nyb\u00f6rjarkurs &#8211; bekanta dig med golf"},"content":{"rendered":"<h1><strong>BEKANTA DIG MED GOLF<\/strong><\/h1>\n<p><strong>\u00a0<\/strong><\/p>\n<h3><strong>En livsl\u00e5ng hobby<\/strong><\/h3>\n<p>Enligt studier f\u00f6rl\u00e4nger golf livl\u00e4ngden upp till 5 \u00e5r. Som b\u00e4st g\u00e5r man fr\u00e5n fem till tio kilmoeter i naturen under en golfrunda. Man kan b\u00f6rja golfa i alla \u00e5ldrar. Golf kan vara en hobby eller en t\u00e4vlingsgren, du best\u00e4mmer sj\u00e4lv!<\/p>\n<p>&nbsp;<\/p>\n<p>Som f\u00f6ljande kan du bekanta dig med grunderna i tekniken i ett golfslag samt golf-etiketten och de viktigaste reglerna.<\/p>\n<p>&nbsp;<\/p>\n<p>&nbsp;<\/p>\n<h4><strong>Golfslagen \u2013 grunder<\/strong><\/h4>\n<p>I Golf anv\u00e4nder man olika klubbor f\u00f6r olika typer av slag. I golf beh\u00f6vs m\u00e5nga olika typer av slag och p\u00e5 nyb\u00f6rjarkursen l\u00e4r du dig de viktigaste. Slagen utvecklas n\u00e4r du \u00f6var och spelar. Genom att googla eller se p\u00e5 youtube kan du hitta mera information om bl.a. olika slagen inom golf.<\/p>\n<p>&nbsp;<\/p>\n<p>F\u00f6re man b\u00f6rjar sl\u00e5 m\u00e5ste man l\u00e4ra sig r\u00e4tt grepp om klubban. P\u00e5 f\u00f6ljande video visar Golf Pro Mikael Piltz hur man tar r\u00e4tt grepp (p\u00e5 finska): <a href=\"https:\/\/youtu.be\/MaXaMNin1LM\">https:\/\/youtu.be\/MaXaMNin1LM<\/a><\/p>\n<p>P\u00e5 f\u00f6ljande videon kan du se startpositionen f\u00f6r slaget: <a href=\"https:\/\/youtu.be\/ezpci76-Ouw\">https:\/\/youtu.be\/ezpci76-Ouw<\/a><\/p>\n<p>Och hur kroppen roterar under slagets g\u00e5ng: <a href=\"https:\/\/youtu.be\/narw-Zta2TY\">https:\/\/youtu.be\/narw-Zta2TY<\/a><\/p>\n<p>&nbsp;<\/p>\n<p>&nbsp;<\/p>\n<p>H\u00e4r presenteras golfslagen i den ordning de oftast spelas p\u00e5 banan:<\/p>\n<p><strong>\u00a0<\/strong><\/p>\n<p><strong>Utslag<\/strong><\/p>\n<p>I golf sl\u00e5s f\u00f6rsta slaget i tur och ordning, oftast best\u00e4ms ordningen av f\u00f6reg\u00e5ende h\u00e5lets resultat, men alltid s\u00e5 att de som sl\u00e5r l\u00e4ngst bort ifr\u00e5n sl\u00e5r f\u00f6rst.<\/p>\n<p>&nbsp;<\/p>\n<p>Utslaget kan sl\u00e5s med vilken klubba som helst. Oftast med en klubba man kommer s\u00e5 l\u00e5ngt som m\u00f6jligt med, d\u00e4rf\u00f6r \u00e4r drivern eller en annan tr\u00e4klubba ett vanligt val. Utslag som sl\u00e5s med drivern kallas f\u00f6r draivar.<\/p>\n<p>&nbsp;<\/p>\n<p>P\u00e5 par 3-banor (som \u00e4r lite kortare och de \u201d\u00f6nskade\u201d resulatetet \u00e4r tre slag) f\u00f6rs\u00f6ker man oftast sl\u00e5 bollen p\u00e5 f\u00f6rsta slaget till greeenen. D\u00e5 v\u00e4ljer man en klubba som slaget flyger r\u00e4tt l\u00e4ngd med.<\/p>\n<p>&nbsp;<\/p>\n<p>P\u00e5 par 4- och par 5-banor (\u201d\u00f6nskat\u201d resultat fyra och fem slag) f\u00f6r\u00f6sker man sl\u00e5 utslaget p\u00e5 fairwayn, f\u00f6r att f\u00f6ljande slag ska vara s\u00e5 l\u00e4tt som m\u00f6jligt.<\/p>\n<p>&nbsp;<\/p>\n<p>VIDEO p\u00e5 draive: <a href=\"https:\/\/youtu.be\/S8w3Ts6ptsg\">https:\/\/youtu.be\/S8w3Ts6ptsg<\/a><\/p>\n<p>&nbsp;<\/p>\n<p>&nbsp;<\/p>\n<p><strong>L\u00e5ngt slag<\/strong><\/p>\n<p>Ett vanligt l\u00e4ngre slag sl\u00e5s med full sving med valbar klubba. Slagl\u00e4ngden varierar beroende p\u00e5 klubba och spelare, allt fr\u00e5n 80m upp till t.o.m. 300m.<\/p>\n<p>&nbsp;<\/p>\n<p>VIDEO om \u00f6vning: <a href=\"https:\/\/youtu.be\/DZR1459ObV0\">https:\/\/youtu.be\/DZR1459ObV0<\/a><\/p>\n<p>&nbsp;<\/p>\n<p><strong>Pitch<\/strong><\/p>\n<p>Pitch \u00e4r ett kortare slag, som ofta anv\u00e4nds n\u00e4r man n\u00e4rmar sig greenen. En pitch \u00e4r oftast 20-80m l\u00e5ng. Slaget flyger h\u00f6gt, och vid ett lyckat slag stannar bollen snabbt n\u00e4r den landat.<\/p>\n<p>&nbsp;<\/p>\n<p><strong>Chipp<\/strong><\/p>\n<p>En chipp \u00e4r kortare och bollen rullar l\u00e4ngre \u00e4n i en pitch. Man chippar ofta n\u00e4r man \u00e4r n\u00e4ra greenen.<\/p>\n<p>&nbsp;<\/p>\n<p>VIDEO p\u00e5 chipp fr\u00e5n fairwayn: <a href=\"https:\/\/youtu.be\/ELcZ7ZPKTzI\">https:\/\/youtu.be\/ELcZ7ZPKTzI<\/a><\/p>\n<p>&nbsp;<\/p>\n<p><strong>Bunkerslag<\/strong><\/p>\n<p>N\u00e4r avst\u00e5ndet \u00e4r kort, sl\u00e5r man oftast med en sandwedge fr\u00e5n bunkern. Man f\u00f6rs\u00f6ker lyfta bollen f\u00f6r att komma ur bunkern och komma s\u00e5 n\u00e4ra h\u00e5let som m\u00f6jligt. I bunkersalgen \u00e4r tekniken lite annorlunda \u00e4n i de \u00f6vriga slagen. I bunkerslaget \u00e4r det meningen att man ska tr\u00e4ffa sanden bakom och under bollen f\u00f6r att lyfta den.<\/p>\n<p>&nbsp;<\/p>\n<p>I fairway bunkrar d\u00e4r avst\u00e5ndet till h\u00e5let \u00e4r l\u00e4ngre kan i princip vilken klubba som helst anv\u00e4ndas, beroende p\u00e5 hur bollen ligger, avst\u00e5nd och f\u00f6rm\u00e5ga.<\/p>\n<p>&nbsp;<\/p>\n<p>VIDEO grunderna i ett bunkerslag: <a href=\"https:\/\/youtu.be\/9Mp1S1gsUGk\">https:\/\/youtu.be\/9Mp1S1gsUGk<\/a><\/p>\n<p>&nbsp;<\/p>\n<p><strong>Putt<\/strong><\/p>\n<p>Med putter sl\u00e5r man (puttar) p\u00e5 greenen och ibland fr\u00e5n green-kanten. I en putt rullar bollen l\u00e4ngs marken mot h\u00e5let och till sist ner i h\u00e5let.<\/p>\n<p>&nbsp;<\/p>\n<p>&nbsp;<\/p>\n<p>VIDEO om puttning: <a href=\"https:\/\/youtu.be\/qmP5fCHyo6Y\">https:\/\/youtu.be\/qmP5fCHyo6Y<\/a><\/p>\n<p>&nbsp;<\/p>\n<p><strong>Kort om golfregler:<\/strong><\/p>\n<p>I golf \u00e4r \u00e4rlighet en viktig del av spelet. De tre viktigaste reglerna \u00e4r:<\/p>\n<ol>\n<li><strong>Spela banan som den \u00e4r.<\/strong><\/li>\n<li style=\"font-style: inherit; font-weight: inherit;\"><span style=\"font-style: inherit; font-weight: inherit;\"><strong style=\"font-style: inherit;\">Spela bollen fr\u00e5n dess position, flytta den inte.<\/strong><\/span><\/li>\n<li style=\"font-style: inherit; font-weight: inherit;\"><span style=\"font-style: inherit; font-weight: inherit;\"><strong style=\"font-style: inherit;\">Ifall bollen inte kan spelas enligt ovanst\u00e5ende, spelar man enligt regelboken.<\/strong><\/span><\/li>\n<\/ol>\n<p>&nbsp;<\/p>\n<p>TIPS: Ladda ner appen \u201dRules of golf\u201d f\u00f6r att ha l\u00e4tt \u00e5tkomst till reglerna.<\/p>\n<p>&nbsp;<\/p>\n<p><strong>Golfetikett<\/strong><\/p>\n<p>En ny golfare b\u00f6r l\u00e4ra sig f\u00f6ljande saker genast:<\/p>\n<ul>\n<li>FORE-ropet i farliga situationer, slagordning, placering av sig sj\u00e4lv vid egna samt andras slag, rask speltakt, f\u00f6rb\u00e4ttring av slagm\u00e4rken och att uppm\u00e4rksamma banarbetarna under spelet.<\/li>\n<\/ul>\n<p>&nbsp;<\/p>\n<p>P\u00e5 Remson Golf:s hemsida hittas omfattande information om etikett: <a href=\"http:\/\/www.remsongolf.fi\/sv\/foreningen\/regler-och-etikett\">http:\/\/www.remsongolf.fi\/sv\/foreningen\/regler-och-etikett<\/a><\/p>\n","protected":false},"excerpt":{"rendered":"<p>BEKANTA DIG MED GOLF \u00a0 En livsl\u00e5ng hobby Enligt studier f\u00f6rl\u00e4nger golf livl\u00e4ngden upp till 5 \u00e5r. Som b\u00e4st g\u00e5r man fr\u00e5n fem till tio kilmoeter i naturen under en golfrunda. Man kan b\u00f6rja golfa i alla \u00e5ldrar. Golf kan vara en hobby eller en t\u00e4vlingsgren, du best\u00e4mmer sj\u00e4lv! &nbsp; Som f\u00f6ljande kan du bekanta [&hellip;]<\/p>\n","protected":false},"author":5,"featured_media":0,"parent":2689,"menu_order":0,"comment_status":"closed","ping_status":"closed","template":"","meta":{"_expiration-date-status":"","_expiration-date":0,"_expiration-date-type":"","_expiration-date-categories":[],"_expiration-date-options":[]},"acf":[],"_links":{"self":[{"href":"https:\/\/vaasangolf.wptest02.vdk.fi\/sv\/wp-json\/wp\/v2\/pages\/3355"}],"collection":[{"href":"https:\/\/vaasangolf.wptest02.vdk.fi\/sv\/wp-json\/wp\/v2\/pages"}],"about":[{"href":"https:\/\/vaasangolf.wptest02.vdk.fi\/sv\/wp-json\/wp\/v2\/types\/page"}],"author":[{"embeddable":true,"href":"https:\/\/vaasangolf.wptest02.vdk.fi\/sv\/wp-json\/wp\/v2\/users\/5"}],"replies":[{"embeddable":true,"href":"https:\/\/vaasangolf.wptest02.vdk.fi\/sv\/wp-json\/wp\/v2\/comments?post=3355"}],"version-history":[{"count":0,"href":"https:\/\/vaasangolf.wptest02.vdk.fi\/sv\/wp-json\/wp\/v2\/pages\/3355\/revisions"}],"up":[{"embeddable":true,"href":"https:\/\/vaasangolf.wptest02.vdk.fi\/sv\/wp-json\/wp\/v2\/pages\/2689"}],"wp:attachment":[{"href":"https:\/\/vaasangolf.wptest02.vdk.fi\/sv\/wp-json\/wp\/v2\/media?parent=3355"}],"curies":[{"name":"wp","href":"https:\/\/api.w.org\/{rel}","templated":true}]}}