{"id":3356,"date":"2022-03-04T13:10:10","date_gmt":"2022-03-04T11:10:10","guid":{"rendered":"https:\/\/vaasangolf.wptest02.vdk.fi\/tjannster\/nyborjarkurser\/nyborjarkurs-ova\/"},"modified":"2022-03-04T13:10:10","modified_gmt":"2022-03-04T11:10:10","slug":"nyborjarkurs-ova","status":"publish","type":"page","link":"https:\/\/vaasangolf.wptest02.vdk.fi\/sv\/tjannster\/nyborjarkurser\/nyborjarkurs-ova\/","title":{"rendered":"nyb\u00f6rjarkurs &#8211; \u00f6va"},"content":{"rendered":"<h1><strong>\u00d6VA<\/strong><\/h1>\n<p>Efter kursen \u00e4r det bra att forts\u00e4tta \u00f6vningen p\u00e5 rangen och n\u00e4rspelsomr\u00e5det.<\/p>\n<p>&nbsp;<\/p>\n<p>Allemansbanan \u00e4r en 3-h\u00e5lig bana. Det f\u00f6rsta och tredje h\u00e5let \u00e4r par 4-banor, vilket betyder att det \u201d\u00f6nskv\u00e4rda\u201d resultatet \u00e4r fyra slag och den andra banan \u00e4r en par 3-bana d\u00e4r det \u201d\u00f6nskv\u00e4rda\u201d resultatet \u00e4r tre slag. Till allemansbanan finns ingen tidsbokning, utan man f\u00e5r sl\u00e5 ut n\u00e4r gruppen framf\u00f6r n\u00e4rmar sig greenen.<\/p>\n","protected":false},"excerpt":{"rendered":"<p>\u00d6VA Efter kursen \u00e4r det bra att forts\u00e4tta \u00f6vningen p\u00e5 rangen och n\u00e4rspelsomr\u00e5det. &nbsp; Allemansbanan \u00e4r en 3-h\u00e5lig bana. Det f\u00f6rsta och tredje h\u00e5let \u00e4r par 4-banor, vilket betyder att det \u201d\u00f6nskv\u00e4rda\u201d resultatet \u00e4r fyra slag och den andra banan \u00e4r en par 3-bana d\u00e4r det \u201d\u00f6nskv\u00e4rda\u201d resultatet \u00e4r tre slag. Till allemansbanan finns ingen [&hellip;]<\/p>\n","protected":false},"author":5,"featured_media":0,"parent":2689,"menu_order":0,"comment_status":"closed","ping_status":"closed","template":"","meta":{"_expiration-date-status":"","_expiration-date":0,"_expiration-date-type":"","_expiration-date-categories":[],"_expiration-date-options":[]},"acf":[],"_links":{"self":[{"href":"https:\/\/vaasangolf.wptest02.vdk.fi\/sv\/wp-json\/wp\/v2\/pages\/3356"}],"collection":[{"href":"https:\/\/vaasangolf.wptest02.vdk.fi\/sv\/wp-json\/wp\/v2\/pages"}],"about":[{"href":"https:\/\/vaasangolf.wptest02.vdk.fi\/sv\/wp-json\/wp\/v2\/types\/page"}],"author":[{"embeddable":true,"href":"https:\/\/vaasangolf.wptest02.vdk.fi\/sv\/wp-json\/wp\/v2\/users\/5"}],"replies":[{"embeddable":true,"href":"https:\/\/vaasangolf.wptest02.vdk.fi\/sv\/wp-json\/wp\/v2\/comments?post=3356"}],"version-history":[{"count":0,"href":"https:\/\/vaasangolf.wptest02.vdk.fi\/sv\/wp-json\/wp\/v2\/pages\/3356\/revisions"}],"up":[{"embeddable":true,"href":"https:\/\/vaasangolf.wptest02.vdk.fi\/sv\/wp-json\/wp\/v2\/pages\/2689"}],"wp:attachment":[{"href":"https:\/\/vaasangolf.wptest02.vdk.fi\/sv\/wp-json\/wp\/v2\/media?parent=3356"}],"curies":[{"name":"wp","href":"https:\/\/api.w.org\/{rel}","templated":true}]}}