{"id":3556,"date":"2022-03-03T13:20:23","date_gmt":"2022-03-03T11:20:23","guid":{"rendered":"https:\/\/vaasangolf.wptest02.vdk.fi\/porssi\/"},"modified":"2023-05-17T14:15:45","modified_gmt":"2023-05-17T11:15:45","slug":"porssi","status":"publish","type":"page","link":"https:\/\/vaasangolf.wptest02.vdk.fi\/sv\/tjannster\/porssi\/","title":{"rendered":"B\u00f6rsen"},"content":{"rendered":"\t\t<div data-elementor-type=\"wp-page\" data-elementor-id=\"3556\" class=\"elementor elementor-3556 elementor-3205\">\n\t\t\t\t\t\t<div class=\"elementor-inner\">\n\t\t\t\t<div class=\"elementor-section-wrap\">\n\t\t\t\t\t\t\t\t\t<section class=\"elementor-section elementor-top-section elementor-element elementor-element-6bfbea74 elementor-section-boxed elementor-section-height-default elementor-section-height-default\" data-id=\"6bfbea74\" data-element_type=\"section\">\n\t\t\t\t\t\t<div class=\"elementor-container elementor-column-gap-default\">\n\t\t\t\t\t\t\t<div class=\"elementor-row\">\n\t\t\t\t\t<div class=\"elementor-column elementor-col-100 elementor-top-column elementor-element elementor-element-54f61a34\" data-id=\"54f61a34\" data-element_type=\"column\">\n\t\t\t<div class=\"elementor-column-wrap elementor-element-populated\">\n\t\t\t\t\t\t\t<div class=\"elementor-widget-wrap\">\n\t\t\t\t\t\t<div class=\"elementor-element elementor-element-9429f82 elementor-grid-1 porssi-spacer elementor-grid-tablet-1 elementor-posts--thumbnail-top elementor-grid-mobile-1 elementor-widget elementor-widget-posts\" data-id=\"9429f82\" data-element_type=\"widget\" data-settings=\"{&quot;custom_columns&quot;:&quot;1&quot;,&quot;custom_row_gap&quot;:{&quot;unit&quot;:&quot;px&quot;,&quot;size&quot;:15,&quot;sizes&quot;:[]},&quot;custom_columns_tablet&quot;:&quot;1&quot;,&quot;custom_columns_mobile&quot;:&quot;1&quot;,&quot;custom_row_gap_tablet&quot;:{&quot;unit&quot;:&quot;px&quot;,&quot;size&quot;:&quot;&quot;,&quot;sizes&quot;:[]},&quot;custom_row_gap_mobile&quot;:{&quot;unit&quot;:&quot;px&quot;,&quot;size&quot;:&quot;&quot;,&quot;sizes&quot;:[]}}\" data-widget_type=\"posts.custom\">\n\t\t\t\t<div class=\"elementor-widget-container\">\n\t\t\t      <div class=\"ecs-posts elementor-posts-container elementor-posts   elementor-grid elementor-posts--skin-custom\" data-settings=\"{&quot;current_page&quot;:1,&quot;max_num_pages&quot;:0,&quot;load_method&quot;:&quot;&quot;,&quot;widget_id&quot;:&quot;9429f82&quot;,&quot;post_id&quot;:3556,&quot;theme_id&quot;:3556,&quot;change_url&quot;:false,&quot;reinit_js&quot;:false}\">\n      <div class=\"elementor-posts-nothing-found\"><\/div>\t\t<\/div>\n\t\t\t\t<\/div>\n\t\t\t\t<\/div>\n\t\t\t\t<div class=\"elementor-element elementor-element-1a29c5d elementor-widget elementor-widget-html\" data-id=\"1a29c5d\" data-element_type=\"widget\" data-widget_type=\"html.default\">\n\t\t\t\t<div class=\"elementor-widget-container\">\n\t\t\t<script>\r\n    \r\n    \r\n    jQuery(function($) {\r\n        \r\n        const form = $(\"#luo-porssi-ilmoitus-form\");\r\n        \r\n        form.on(\"submit\", async function(e) {\r\n            e.preventDefault();\r\n            const reqBody = new FormData(this);\r\n            \r\n            const request = await fetch(\"\/luo_porssi_ilmoitus.php\", {\r\n                method: \"post\",\r\n                body: reqBody\r\n            });\r\n            \r\n            if(request.ok) {\r\n                const response = await request.json();\r\n                \r\n                jQuery([document.documentElement, document.body]).animate({\r\n        scrollTop: (jQuery(\"#porssi-form-status\").offset().top - 200)\r\n    }, 1000);\r\n                \r\n                if(response.success != null && response.success) {\r\n                    jQuery(\"#porssi-form-status\").css(\"color\", \"green\");\r\n                  jQuery(\"#porssi-form-status\").text(response.msg);  \r\n                } else {\r\n                    \r\n                    jQuery(\"#porssi-form-status\").css(\"color\", \"red\");\r\n                    jQuery(\"#porssi-form-status\").text(\"Jokin meni pieleen\");\r\n                }\r\n                \r\n                form.find(\"input:not([type='submit']), textarea\").val(\"\");\r\n            }\r\n            \r\n        });\r\n        \r\n    });\r\n    \r\n<\/script>\t\t<\/div>\n\t\t\t\t<\/div>\n\t\t\t\t<div class=\"elementor-element elementor-element-141cd7fc elementor-widget elementor-widget-shortcode\" data-id=\"141cd7fc\" data-element_type=\"widget\" data-widget_type=\"shortcode.default\">\n\t\t\t\t<div class=\"elementor-widget-container\">\n\t\t\tH\u00e4r kan du gratis l\u00e4gga in golfrelaterade annonser.<br><br>En annons \u00e4r i kraft en m\u00e5nad och tas d\u00e5 bort automatiskt, om det inte meddelas skilt. Meddela ocks\u00e5 till 040 526 8666 eller toimisto@vag.fi, om er annons inte l\u00e4ngre \u00e4r aktuell. Vasa Golf f\u00f6rbeh\u00e5ller sig r\u00e4tten att godk\u00e4nna publicerade annonser.\t\t<div class=\"elementor-shortcode\"><p><\/p><div id='porssi-form-status' style='margin-bottom: 30px;'><\/div>\r\n\t<form id='luo-porssi-ilmoitus-form' action='\/luo_porssi_ilmoitus.php' method='POST'> \r\n\t\t<div class='label-container'>\r\n\t\t\t<label for='' class='required'>Otsikko<\/label>\r\n\t\t\t<input required type='text' name='ilmoitus_otsikko'>\r\n\t\t<\/div>\r\n\t\t\r\n\t\t<div class='label-container'>\r\n\t\t\t<label for='' class='required'>Ilmoituksen teksti<\/label>\r\n\t\t\t<textarea required name='ilmoitus_teksti' id='' cols='30' rows='10'><\/textarea>\r\n\t\t<\/div>\r\n\t\t\r\n\t\t<div class='label-container'>\r\n\t\t\t<label for=''>Ilmoituksen tyyppi<\/label>\r\n\t\t\t<select name='ilmoitus_tyyppi' id='ilmoitus_tyypi_vag'>\r\n\t\t\t\t<option value='ostetaan' selected>Ostetaan<\/option>\r\n\t\t\t\t<option value='myydaan'>Myyd\u00e4\u00e4n<\/option>\r\n\t\t\t\t<option value='vaihdetaan'>Vaihdetaan<\/option>\r\n\t\t\t\t<option value='vuokrataan'>Vuokrataan<\/option>\r\n\t\t\t\t<option value='vuokralle_tarjotaan'>Vuokralle tarjotaan<\/option>\r\n\t\t\t<\/select>\r\n\t\t<\/div>\r\n\t\t\r\n\t\t<div class='label-container' id='hintapyynto-container-vag'>\r\n\t\t\t<label for=''>Hintapyynt\u00f6 (ilman \u20ac -merkki\u00e4)<\/label>\r\n\t\t\t<input type='text' name='hintapyynto'>\r\n\t\t<\/div>\r\n\t\t\r\n\t\t<div class='label-container'>\r\n\t\t\t<label for=''>Ilmoituksen j\u00e4tt\u00e4j\u00e4n nimi<\/label>\r\n\t\t\t<input type='text' name='nimi'>\r\n\t\t<\/div>\r\n\t\t\r\n\t\t<div class='label-container'>\r\n\t\t\t<label for=''>Ilmoituksen s\u00e4hk\u00f6posti<\/label>\r\n\t\t\t<input type='email' name='sposti'>\r\n\t\t<\/div>\r\n\t\t\r\n\t\t<div class='label-container'>\r\n\t\t\t<label for=''>Ilmoituksen puhelinnumero<\/label>\r\n\t\t\t<input type='text' name='numero'>\r\n\t\t<\/div>\r\n\t\t\r\n\t\t<input type='submit' value='L\u00e4het\u00e4 ilmoitus' id='laheta_porssi_ilmoitus'>\r\n\t\t\r\n\t<\/form>\r\n\t\r\n\t<\/div>\n\t\t\t\t<\/div>\n\t\t\t\t<\/div>\n\t\t\t\t\t\t<\/div>\n\t\t\t\t\t<\/div>\n\t\t<\/div>\n\t\t\t\t\t\t\t\t<\/div>\n\t\t\t\t\t<\/div>\n\t\t<\/section>\n\t\t\t\t\t\t\t\t\t<\/div>\n\t\t\t<\/div>\n\t\t\t\t\t<\/div>\n\t\t","protected":false},"excerpt":{"rendered":"","protected":false},"author":2,"featured_media":0,"parent":2512,"menu_order":0,"comment_status":"closed","ping_status":"closed","template":"","meta":{"_expiration-date-status":"","_expiration-date":0,"_expiration-date-type":"","_expiration-date-categories":[],"_expiration-date-options":[]},"acf":[],"_links":{"self":[{"href":"https:\/\/vaasangolf.wptest02.vdk.fi\/sv\/wp-json\/wp\/v2\/pages\/3556"}],"collection":[{"href":"https:\/\/vaasangolf.wptest02.vdk.fi\/sv\/wp-json\/wp\/v2\/pages"}],"about":[{"href":"https:\/\/vaasangolf.wptest02.vdk.fi\/sv\/wp-json\/wp\/v2\/types\/page"}],"author":[{"embeddable":true,"href":"https:\/\/vaasangolf.wptest02.vdk.fi\/sv\/wp-json\/wp\/v2\/users\/2"}],"replies":[{"embeddable":true,"href":"https:\/\/vaasangolf.wptest02.vdk.fi\/sv\/wp-json\/wp\/v2\/comments?post=3556"}],"version-history":[{"count":19,"href":"https:\/\/vaasangolf.wptest02.vdk.fi\/sv\/wp-json\/wp\/v2\/pages\/3556\/revisions"}],"predecessor-version":[{"id":7959,"href":"https:\/\/vaasangolf.wptest02.vdk.fi\/sv\/wp-json\/wp\/v2\/pages\/3556\/revisions\/7959"}],"up":[{"embeddable":true,"href":"https:\/\/vaasangolf.wptest02.vdk.fi\/sv\/wp-json\/wp\/v2\/pages\/2512"}],"wp:attachment":[{"href":"https:\/\/vaasangolf.wptest02.vdk.fi\/sv\/wp-json\/wp\/v2\/media?parent=3556"}],"curies":[{"name":"wp","href":"https:\/\/api.w.org\/{rel}","templated":true}]}}