{"id":8595,"date":"2023-07-18T11:35:27","date_gmt":"2023-07-18T08:35:27","guid":{"rendered":"https:\/\/vaasangolf.wptest02.vdk.fi\/verksamhet\/komitten\/juniorkomitten\/golfa-for-forsta-gangen-2\/"},"modified":"2023-08-11T10:43:29","modified_gmt":"2023-08-11T07:43:29","slug":"golfa-for-forsta-gangen-2","status":"publish","type":"page","link":"https:\/\/vaasangolf.wptest02.vdk.fi\/sv\/verksamhet\/komitten\/juniorkomitten\/golfa-for-forsta-gangen-2\/","title":{"rendered":"Golfa f\u00f6r f\u00f6rsta g\u00e5ngen"},"content":{"rendered":"\t\t<div data-elementor-type=\"wp-page\" data-elementor-id=\"8595\" class=\"elementor elementor-8595 elementor-8451\">\n\t\t\t\t\t\t<div class=\"elementor-inner\">\n\t\t\t\t<div class=\"elementor-section-wrap\">\n\t\t\t\t\t\t\t\t\t<section class=\"elementor-section elementor-top-section elementor-element elementor-element-d184705 elementor-section-boxed elementor-section-height-default elementor-section-height-default\" data-id=\"d184705\" data-element_type=\"section\">\n\t\t\t\t\t\t<div class=\"elementor-container elementor-column-gap-default\">\n\t\t\t\t\t\t\t<div class=\"elementor-row\">\n\t\t\t\t\t<div class=\"elementor-column elementor-col-100 elementor-top-column elementor-element elementor-element-49cbdac6\" data-id=\"49cbdac6\" data-element_type=\"column\">\n\t\t\t<div class=\"elementor-column-wrap elementor-element-populated\">\n\t\t\t\t\t\t\t<div class=\"elementor-widget-wrap\">\n\t\t\t\t\t\t<div class=\"elementor-element elementor-element-2836f750 elementor-widget elementor-widget-text-editor\" data-id=\"2836f750\" data-element_type=\"widget\" data-widget_type=\"text-editor.default\">\n\t\t\t\t<div class=\"elementor-widget-container\">\n\t\t\t\t\t\t\t\t<div class=\"elementor-text-editor elementor-clearfix\">\n\t\t\t\t<h4 class=\"elementor-heading-title elementor-size-default\"><strong>Golfa f\u00f6r f\u00f6rsta g\u00e5ngen i Vasa Golf<\/strong><\/h4><p>\u00a0<\/p><p>Att b\u00f6rja spela golf \u00e4t enkelt och f\u00f6rm\u00e5nligt f\u00f6r barn och unga vid Vasa Golf. Genom att anm\u00e4la sig till golfskolan f\u00e5r man prova p\u00e5 golf gratis och man beh\u00f6ver ingen egen utrustning. P\u00e5 somrarna ordnar vi tillf\u00e4llen d\u00e4r man gratis f\u00e5r prova p\u00e5 grenen. Som till\u00e4gg till denna hemsida l\u00f6nar det sig att f\u00f6lja @vaasangolf och @vaasangolfjuniors p\u00e5 instagram och facebook f\u00f6r att f\u00e5 information om kommande evenemang.<\/p><p>Vi ordnar tillf\u00e4llfen f\u00f6r andra f\u00f6reningarn och grupper. Ifall ni har en grupp p\u00e5 10-30 personer och ni vill komma och prova p\u00e5 golf, kontakta Vasa Golfs juniorkoordinator (kontaktuppgifter nedan). Ni f\u00e5r l\u00e5na utrustning och instrukt\u00f6rer fr\u00e5n v\u00e5ran sida.<\/p><p>P\u00e5 v\u00e5ra evenemang och golfskolan beh\u00f6ver man ingen tidigare erfarenhet av golf. Du beh\u00f6ver endast kl\u00e4der enligt v\u00e4der, (drickaflaska) och ett glatt hum\u00f6r. V\u00e4lkommen till Vasa Golf f\u00f6r att golfa f\u00f6r f\u00f6rsta g\u00e5ngen!<\/p><p><span data-contrast=\"auto\">Mer information: Jani-Markus Sula | Juniorikoordinator | <a href=\"mailto:jani-markus.sula@vag.fi\">jani-markus.sula@vag.fi<\/a><\/span><\/p>\t\t\t\t\t<\/div>\n\t\t\t\t\t\t<\/div>\n\t\t\t\t<\/div>\n\t\t\t\t\t\t<\/div>\n\t\t\t\t\t<\/div>\n\t\t<\/div>\n\t\t\t\t\t\t\t\t<\/div>\n\t\t\t\t\t<\/div>\n\t\t<\/section>\n\t\t\t\t<section class=\"elementor-section elementor-top-section elementor-element elementor-element-7b8618e elementor-section-boxed elementor-section-height-default elementor-section-height-default\" data-id=\"7b8618e\" data-element_type=\"section\">\n\t\t\t\t\t\t<div class=\"elementor-container elementor-column-gap-default\">\n\t\t\t\t\t\t\t<div class=\"elementor-row\">\n\t\t\t\t\t<div class=\"elementor-column elementor-col-100 elementor-top-column elementor-element elementor-element-d189996\" data-id=\"d189996\" data-element_type=\"column\">\n\t\t\t<div class=\"elementor-column-wrap elementor-element-populated\">\n\t\t\t\t\t\t\t<div class=\"elementor-widget-wrap\">\n\t\t\t\t\t\t<div class=\"elementor-element elementor-element-cec76a2 elementor-widget-divider--view-line elementor-widget elementor-widget-divider\" data-id=\"cec76a2\" data-element_type=\"widget\" data-widget_type=\"divider.default\">\n\t\t\t\t<div class=\"elementor-widget-container\">\n\t\t\t\t\t<div class=\"elementor-divider\">\n\t\t\t<span class=\"elementor-divider-separator\">\n\t\t\t\t\t\t<\/span>\n\t\t<\/div>\n\t\t\t\t<\/div>\n\t\t\t\t<\/div>\n\t\t\t\t\t\t<\/div>\n\t\t\t\t\t<\/div>\n\t\t<\/div>\n\t\t\t\t\t\t\t\t<\/div>\n\t\t\t\t\t<\/div>\n\t\t<\/section>\n\t\t\t\t<section class=\"elementor-section elementor-top-section elementor-element elementor-element-da6a93e elementor-section-boxed elementor-section-height-default elementor-section-height-default\" data-id=\"da6a93e\" data-element_type=\"section\">\n\t\t\t\t\t\t<div class=\"elementor-container elementor-column-gap-default\">\n\t\t\t\t\t\t\t<div class=\"elementor-row\">\n\t\t\t\t\t<div class=\"elementor-column elementor-col-100 elementor-top-column elementor-element elementor-element-ca112fe\" data-id=\"ca112fe\" data-element_type=\"column\">\n\t\t\t<div class=\"elementor-column-wrap elementor-element-populated\">\n\t\t\t\t\t\t\t<div class=\"elementor-widget-wrap\">\n\t\t\t\t\t\t<div class=\"elementor-element elementor-element-a6bf452 elementor-shape-rounded elementor-grid-0 e-grid-align-center elementor-widget elementor-widget-social-icons\" data-id=\"a6bf452\" data-element_type=\"widget\" data-widget_type=\"social-icons.default\">\n\t\t\t\t<div class=\"elementor-widget-container\">\n\t\t\t\t\t<div class=\"elementor-social-icons-wrapper elementor-grid\">\n\t\t\t\t\t\t\t<span class=\"elementor-grid-item\">\n\t\t\t\t\t<a class=\"elementor-icon elementor-social-icon elementor-social-icon-facebook elementor-repeater-item-85b7afb\" href=\"https:\/\/www.facebook.com\/vaasangolfjuniors\/\" target=\"_blank\">\n\t\t\t\t\t\t<span class=\"elementor-screen-only\">Facebook<\/span>\n\t\t\t\t\t\t<i class=\"fab fa-facebook\"><\/i>\t\t\t\t\t<\/a>\n\t\t\t\t<\/span>\n\t\t\t\t\t\t\t<span class=\"elementor-grid-item\">\n\t\t\t\t\t<a class=\"elementor-icon elementor-social-icon elementor-social-icon-instagram elementor-repeater-item-887dac1\" href=\"https:\/\/www.instagram.com\/vaasangolfjuniors\/\" target=\"_blank\">\n\t\t\t\t\t\t<span class=\"elementor-screen-only\">Instagram<\/span>\n\t\t\t\t\t\t<i class=\"fab fa-instagram\"><\/i>\t\t\t\t\t<\/a>\n\t\t\t\t<\/span>\n\t\t\t\t\t<\/div>\n\t\t\t\t<\/div>\n\t\t\t\t<\/div>\n\t\t\t\t\t\t<\/div>\n\t\t\t\t\t<\/div>\n\t\t<\/div>\n\t\t\t\t\t\t\t\t<\/div>\n\t\t\t\t\t<\/div>\n\t\t<\/section>\n\t\t\t\t\t\t\t\t\t<\/div>\n\t\t\t<\/div>\n\t\t\t\t\t<\/div>\n\t\t","protected":false},"excerpt":{"rendered":"<p>Golfa f\u00f6r f\u00f6rsta g\u00e5ngen i Vasa Golf \u00a0 Att b\u00f6rja spela golf \u00e4t enkelt och f\u00f6rm\u00e5nligt f\u00f6r barn och unga vid Vasa Golf. Genom att anm\u00e4la sig till golfskolan f\u00e5r man prova p\u00e5 golf gratis och man beh\u00f6ver ingen egen utrustning. P\u00e5 somrarna ordnar vi tillf\u00e4llen d\u00e4r man gratis f\u00e5r prova p\u00e5 grenen. Som till\u00e4gg [&hellip;]<\/p>\n","protected":false},"author":6,"featured_media":0,"parent":2712,"menu_order":0,"comment_status":"closed","ping_status":"closed","template":"","meta":{"_expiration-date-status":"","_expiration-date":0,"_expiration-date-type":"","_expiration-date-categories":[],"_expiration-date-options":[]},"acf":[],"_links":{"self":[{"href":"https:\/\/vaasangolf.wptest02.vdk.fi\/sv\/wp-json\/wp\/v2\/pages\/8595"}],"collection":[{"href":"https:\/\/vaasangolf.wptest02.vdk.fi\/sv\/wp-json\/wp\/v2\/pages"}],"about":[{"href":"https:\/\/vaasangolf.wptest02.vdk.fi\/sv\/wp-json\/wp\/v2\/types\/page"}],"author":[{"embeddable":true,"href":"https:\/\/vaasangolf.wptest02.vdk.fi\/sv\/wp-json\/wp\/v2\/users\/6"}],"replies":[{"embeddable":true,"href":"https:\/\/vaasangolf.wptest02.vdk.fi\/sv\/wp-json\/wp\/v2\/comments?post=8595"}],"version-history":[{"count":13,"href":"https:\/\/vaasangolf.wptest02.vdk.fi\/sv\/wp-json\/wp\/v2\/pages\/8595\/revisions"}],"predecessor-version":[{"id":8905,"href":"https:\/\/vaasangolf.wptest02.vdk.fi\/sv\/wp-json\/wp\/v2\/pages\/8595\/revisions\/8905"}],"up":[{"embeddable":true,"href":"https:\/\/vaasangolf.wptest02.vdk.fi\/sv\/wp-json\/wp\/v2\/pages\/2712"}],"wp:attachment":[{"href":"https:\/\/vaasangolf.wptest02.vdk.fi\/sv\/wp-json\/wp\/v2\/media?parent=8595"}],"curies":[{"name":"wp","href":"https:\/\/api.w.org\/{rel}","templated":true}]}}