{"id":6415,"date":"2022-12-02T12:32:43","date_gmt":"2022-12-02T10:32:43","guid":{"rendered":"https:\/\/vaasangolf.wptest02.vdk.fi\/?post_type=product&#038;p=6415"},"modified":"2023-09-27T13:54:10","modified_gmt":"2023-09-27T10:54:10","slug":"vaasa-golf-alkeiskurssi-2023-aikuiset","status":"publish","type":"product","link":"https:\/\/vaasangolf.wptest02.vdk.fi\/sv\/tuote\/vaasa-golf-alkeiskurssi-2023-aikuiset\/","title":{"rendered":"VAASA GOLF ALKEISKURSSI 2024 (aikuiset)"},"content":{"rendered":"<p>Vaasan Golfin alkeiskurssi 2024 (aikuiset)<\/p>\n<p>Alkeiskurssi sis\u00e4lt\u00e4\u00e4:<\/p>\n<ul>\n<li>4h kurssin<\/li>\n<li>Vaasan Golfin j\u00e4senyys 2024<\/li>\n<li>1 kk pelioikeus 9r kent\u00e4lle<\/li>\n<li>rajattoman k\u00e4ytt\u00f6oikeuden jokamieskent\u00e4lle<\/li>\n<li>v\u00e4lineet kurssin ajaksi<\/li>\n<\/ul>\n<p>&nbsp;<\/p>\n<p>Maksettuasi kurssin otathan yhteytt\u00e4 toimisto@vag.fi tai Tuula Per\u00e4l\u00e4 040- 526 8666<\/p>\n<p>Jos ostat alkeiskurssin lahjaksi, l\u00e4het\u00e4mme lahjakortin 2 arkip\u00e4iv\u00e4n kuluessa s\u00e4hk\u00f6postiin.<\/p>\n<p>Kurssiaikataulut l\u00f6yd\u00e4t<strong> <a href=\"https:\/\/vaasangolf.wptest02.vdk.fi\/fi\/palvelut\/alkeiskurssit\/alkeiskurssiaikataulut\/\" target=\"_blank\" rel=\"noopener\">t\u00e4\u00e4lt\u00e4!<\/a><\/strong><\/p>\n","protected":false},"excerpt":{"rendered":"<p>Vaasan Golfin alkeiskurssi 2024 (aikuiset) Alkeiskurssi sis\u00e4lt\u00e4\u00e4: 4h kurssin Vaasan Golfin j\u00e4senyys 2024 1 kk pelioikeus 9r kent\u00e4lle rajattoman k\u00e4ytt\u00f6oikeuden jokamieskent\u00e4lle v\u00e4lineet kurssin ajaksi &nbsp; Maksettuasi kurssin otathan yhteytt\u00e4 toimisto@vag.fi tai Tuula Per\u00e4l\u00e4 040- 526 8666 Jos ostat alkeiskurssin lahjaksi, l\u00e4het\u00e4mme lahjakortin 2 arkip\u00e4iv\u00e4n kuluessa s\u00e4hk\u00f6postiin. Kurssiaikataulut l\u00f6yd\u00e4t t\u00e4\u00e4lt\u00e4!<\/p>\n","protected":false},"featured_media":4979,"template":"","meta":{"_expiration-date-status":"","_expiration-date":0,"_expiration-date-type":"","_expiration-date-categories":[],"_expiration-date-options":[]},"product_cat":[119],"product_tag":[],"bundle_layout":"","bundled_by":[],"bundled_items":[],"acf":[],"_links":{"self":[{"href":"https:\/\/vaasangolf.wptest02.vdk.fi\/sv\/wp-json\/wp\/v2\/product\/6415"}],"collection":[{"href":"https:\/\/vaasangolf.wptest02.vdk.fi\/sv\/wp-json\/wp\/v2\/product"}],"about":[{"href":"https:\/\/vaasangolf.wptest02.vdk.fi\/sv\/wp-json\/wp\/v2\/types\/product"}],"wp:featuredmedia":[{"embeddable":true,"href":"https:\/\/vaasangolf.wptest02.vdk.fi\/sv\/wp-json\/wp\/v2\/media\/4979"}],"wp:attachment":[{"href":"https:\/\/vaasangolf.wptest02.vdk.fi\/sv\/wp-json\/wp\/v2\/media?parent=6415"}],"wp:term":[{"taxonomy":"product_cat","embeddable":true,"href":"https:\/\/vaasangolf.wptest02.vdk.fi\/sv\/wp-json\/wp\/v2\/product_cat?post=6415"},{"taxonomy":"product_tag","embeddable":true,"href":"https:\/\/vaasangolf.wptest02.vdk.fi\/sv\/wp-json\/wp\/v2\/product_tag?post=6415"}],"curies":[{"name":"wp","href":"https:\/\/api.w.org\/{rel}","templated":true}]}}