{"id":6417,"date":"2022-12-02T12:54:28","date_gmt":"2022-12-02T10:54:28","guid":{"rendered":"https:\/\/vaasangolf.wptest02.vdk.fi\/?post_type=product&#038;p=6417"},"modified":"2023-01-09T10:46:13","modified_gmt":"2023-01-09T08:46:13","slug":"vaasa-golf-lahjakortti","status":"publish","type":"product","link":"https:\/\/vaasangolf.wptest02.vdk.fi\/sv\/tuote\/vaasa-golf-lahjakortti\/","title":{"rendered":"VAASA GOLF LAHJAKORTTI"},"content":{"rendered":"<p>Vaasa Golf lahjakortti 50 \u20ac<\/p>\n<p>T\u00e4m\u00e4 lahjakortti oikeuttaa k\u00e4ytt\u00e4m\u00e4\u00e4n Vaasa Golf ry:n \/ Oy Kr\u00e5klund Ab palveluja<\/p>\n<p>lahjakortin summalla.<\/p>\n<p>Lahjakortti on voimassa yhden vuoden ostop\u00e4iv\u00e4st\u00e4.<\/p>\n<p>L\u00e4het\u00e4mme lahjakortin s\u00e4hk\u00f6postiin 2 arkip\u00e4iv\u00e4n kuluessa ostosta.<\/p>\n<p>Tarvittaessa olethan yhteydess\u00e4 toimisto@vag.fi, Tuula Per\u00e4l\u00e4 040 &#8211; 526 8666.<\/p>\n","protected":false},"excerpt":{"rendered":"<p>Vaasa Golf lahjakortti 50 \u20ac T\u00e4m\u00e4 lahjakortti oikeuttaa k\u00e4ytt\u00e4m\u00e4\u00e4n Vaasa Golf ry:n \/ Oy Kr\u00e5klund Ab palveluja lahjakortin summalla. Lahjakortti on voimassa yhden vuoden ostop\u00e4iv\u00e4st\u00e4. L\u00e4het\u00e4mme lahjakortin s\u00e4hk\u00f6postiin 2 arkip\u00e4iv\u00e4n kuluessa ostosta. Tarvittaessa olethan yhteydess\u00e4 toimisto@vag.fi, Tuula Per\u00e4l\u00e4 040 &#8211; 526 8666.<\/p>\n","protected":false},"featured_media":4979,"template":"","meta":{"_expiration-date-status":"","_expiration-date":0,"_expiration-date-type":"","_expiration-date-categories":[],"_expiration-date-options":[]},"product_cat":[120],"product_tag":[],"bundle_layout":"","bundled_by":[],"bundled_items":[],"acf":[],"_links":{"self":[{"href":"https:\/\/vaasangolf.wptest02.vdk.fi\/sv\/wp-json\/wp\/v2\/product\/6417"}],"collection":[{"href":"https:\/\/vaasangolf.wptest02.vdk.fi\/sv\/wp-json\/wp\/v2\/product"}],"about":[{"href":"https:\/\/vaasangolf.wptest02.vdk.fi\/sv\/wp-json\/wp\/v2\/types\/product"}],"wp:featuredmedia":[{"embeddable":true,"href":"https:\/\/vaasangolf.wptest02.vdk.fi\/sv\/wp-json\/wp\/v2\/media\/4979"}],"wp:attachment":[{"href":"https:\/\/vaasangolf.wptest02.vdk.fi\/sv\/wp-json\/wp\/v2\/media?parent=6417"}],"wp:term":[{"taxonomy":"product_cat","embeddable":true,"href":"https:\/\/vaasangolf.wptest02.vdk.fi\/sv\/wp-json\/wp\/v2\/product_cat?post=6417"},{"taxonomy":"product_tag","embeddable":true,"href":"https:\/\/vaasangolf.wptest02.vdk.fi\/sv\/wp-json\/wp\/v2\/product_tag?post=6417"}],"curies":[{"name":"wp","href":"https:\/\/api.w.org\/{rel}","templated":true}]}}