{"id":6418,"date":"2022-12-02T13:00:16","date_gmt":"2022-12-02T11:00:16","guid":{"rendered":"https:\/\/vaasangolf.wptest02.vdk.fi\/?post_type=product&#038;p=6418"},"modified":"2023-03-30T11:36:48","modified_gmt":"2023-03-30T08:36:48","slug":"vaasa-golf-lahjakortti-2","status":"publish","type":"product","link":"https:\/\/vaasangolf.wptest02.vdk.fi\/sv\/tuote\/vaasa-golf-lahjakortti-2\/","title":{"rendered":"VAASA GOLF LAHJAKORTTI"},"content":{"rendered":"<p>Vaasa Golf lahjakortti 100\u20ac.<\/p>\n<p>Lahjakortti oikeuttaa k\u00e4ytt\u00e4m\u00e4\u00e4n Vaasa Golf ry:n \/ Oy Kr\u00e5klund Golf Ab palveluja \/ tuotteita.<\/p>\n<p>Lahjakortti on voimassa vuoden ostop\u00e4iv\u00e4st\u00e4 l\u00e4htien.<\/p>\n<p>L\u00e4het\u00e4mme lahjakorttin s\u00e4hk\u00f6postiin 2 arkip\u00e4iv\u00e4n kuluessa ostop\u00e4iv\u00e4st\u00e4.<\/p>\n<p>Tarvittaessa otathan yhteytt\u00e4 toimisto@vag.fi, Tuula Per\u00e4l\u00e4 040 &#8211; 526 8666.<\/p>\n<p>&nbsp;<\/p>\n<p>&nbsp;<\/p>\n","protected":false},"excerpt":{"rendered":"<p>Vaasa Golf lahjakortti 100\u20ac. Lahjakortti oikeuttaa k\u00e4ytt\u00e4m\u00e4\u00e4n Vaasa Golf ry:n \/ Oy Kr\u00e5klund Golf Ab palveluja \/ tuotteita. Lahjakortti on voimassa vuoden ostop\u00e4iv\u00e4st\u00e4 l\u00e4htien. L\u00e4het\u00e4mme lahjakorttin s\u00e4hk\u00f6postiin 2 arkip\u00e4iv\u00e4n kuluessa ostop\u00e4iv\u00e4st\u00e4. Tarvittaessa otathan yhteytt\u00e4 toimisto@vag.fi, Tuula Per\u00e4l\u00e4 040 &#8211; 526 8666. &nbsp; &nbsp;<\/p>\n","protected":false},"featured_media":4979,"template":"","meta":{"_expiration-date-status":"","_expiration-date":0,"_expiration-date-type":"","_expiration-date-categories":[],"_expiration-date-options":[]},"product_cat":[120],"product_tag":[],"bundle_layout":"","bundled_by":[],"bundled_items":[],"acf":[],"_links":{"self":[{"href":"https:\/\/vaasangolf.wptest02.vdk.fi\/sv\/wp-json\/wp\/v2\/product\/6418"}],"collection":[{"href":"https:\/\/vaasangolf.wptest02.vdk.fi\/sv\/wp-json\/wp\/v2\/product"}],"about":[{"href":"https:\/\/vaasangolf.wptest02.vdk.fi\/sv\/wp-json\/wp\/v2\/types\/product"}],"wp:featuredmedia":[{"embeddable":true,"href":"https:\/\/vaasangolf.wptest02.vdk.fi\/sv\/wp-json\/wp\/v2\/media\/4979"}],"wp:attachment":[{"href":"https:\/\/vaasangolf.wptest02.vdk.fi\/sv\/wp-json\/wp\/v2\/media?parent=6418"}],"wp:term":[{"taxonomy":"product_cat","embeddable":true,"href":"https:\/\/vaasangolf.wptest02.vdk.fi\/sv\/wp-json\/wp\/v2\/product_cat?post=6418"},{"taxonomy":"product_tag","embeddable":true,"href":"https:\/\/vaasangolf.wptest02.vdk.fi\/sv\/wp-json\/wp\/v2\/product_tag?post=6418"}],"curies":[{"name":"wp","href":"https:\/\/api.w.org\/{rel}","templated":true}]}}